{"id":3124,"date":"2023-02-08T12:06:54","date_gmt":"2023-02-08T10:06:54","guid":{"rendered":"https:\/\/discrauxa.cat\/?page_id=3124"},"modified":"2023-02-08T12:07:44","modified_gmt":"2023-02-08T10:07:44","slug":"extras-para-bodas","status":"publish","type":"page","link":"https:\/\/discrauxa.cat\/es\/extras-para-bodas\/","title":{"rendered":"Extras para Bodas"},"content":{"rendered":"<section class=\"wpb-content-wrapper\"><p>[vc_row][vc_column][vc_custom_heading text=\u00bbCOMPLEMENTOS Y EXTRAS\u00bb font_container=\u00bbtag:h2|text_align:center\u00bb google_fonts=\u00bbfont_family:Montserrat%3Aregular%2C700|font_style:400%20regular%3A400%3Anormal\u00bb][vc_empty_space][vc_row_inner][vc_column_inner width=\u00bb1\/4&#8243;][vc_single_image image=\u00bb1615&#8243; img_size=\u00bb300&#215;200&#8243; alignment=\u00bbcenter\u00bb style=\u00bbvc_box_shadow\u00bb onclick=\u00bblink_image\u00bb css_animation=\u00bbzoomIn\u00bb][vc_custom_heading text=\u00bbProyecciones\u00bb font_container=\u00bbtag:h3|text_align:center\u00bb google_fonts=\u00bbfont_family:Montserrat%3Aregular%2C700|font_style:400%20regular%3A400%3Anormal\u00bb link=\u00bb|||\u00bb][vc_empty_space height=\u00bb30px\u00bb][\/vc_column_inner][vc_column_inner width=\u00bb1\/4&#8243;][vc_single_image image=\u00bb1238&#8243; img_size=\u00bb300&#215;200&#8243; alignment=\u00bbcenter\u00bb style=\u00bbvc_box_shadow\u00bb onclick=\u00bbcustom_link\u00bb css_animation=\u00bbzoomIn\u00bb link=\u00bb\/es\/actor-para-bodas\/\u00bb][vc_custom_heading text=\u00bbActor \/ Juez\u00bb font_container=\u00bbtag:h3|text_align:center\u00bb google_fonts=\u00bbfont_family:Montserrat%3Aregular%2C700|font_style:400%20regular%3A400%3Anormal\u00bb link=\u00bburl:%2Fes%2Factor-para-bodas%2F|||\u00bb][vc_empty_space height=\u00bb30px\u00bb][\/vc_column_inner][vc_column_inner width=\u00bb1\/4&#8243;][vc_single_image image=\u00bb1610&#8243; img_size=\u00bb300&#215;200&#8243; alignment=\u00bbcenter\u00bb style=\u00bbvc_box_shadow\u00bb onclick=\u00bblink_image\u00bb css_animation=\u00bbzoomIn\u00bb][vc_custom_heading text=\u00bbCa\u00f1\u00f3n de luz\u00bb font_container=\u00bbtag:h3|text_align:center\u00bb google_fonts=\u00bbfont_family:Montserrat%3Aregular%2C700|font_style:400%20regular%3A400%3Anormal\u00bb link=\u00bb|||\u00bb][vc_empty_space height=\u00bb30px\u00bb][\/vc_column_inner][vc_column_inner width=\u00bb1\/4&#8243;][vc_single_image image=\u00bb1357&#8243; img_size=\u00bb300&#215;200&#8243; alignment=\u00bbcenter\u00bb style=\u00bbvc_box_shadow\u00bb onclick=\u00bbcustom_link\u00bb css_animation=\u00bbzoomIn\u00bb link=\u00bb\/es\/castillos-hinchables-para-fiestas-y-bodas-con-sonorizacion-musical\/\u00bb][vc_custom_heading text=\u00bbHinchables\u00bb font_container=\u00bbtag:h3|text_align:center\u00bb google_fonts=\u00bbfont_family:Montserrat%3Aregular%2C700|font_style:400%20regular%3A400%3Anormal\u00bb link=\u00bburl:%2Fes%2Fcastillos-hinchables-para-fiestas-y-bodas-con-sonorizacion-musical%2F|title:Castells%20Inflables||\u00bb][vc_empty_space height=\u00bb30px\u00bb][\/vc_column_inner][\/vc_row_inner][vc_row_inner][vc_column_inner width=\u00bb1\/4&#8243;][vc_single_image image=\u00bb1221&#8243; img_size=\u00bb300&#215;200&#8243; alignment=\u00bbcenter\u00bb style=\u00bbvc_box_shadow\u00bb onclick=\u00bblink_image\u00bb css_animation=\u00bbzoomIn\u00bb][vc_custom_heading text=\u00bbHoras extras baile\u00bb font_container=\u00bbtag:h3|text_align:center\u00bb google_fonts=\u00bbfont_family:Montserrat%3Aregular%2C700|font_style:400%20regular%3A400%3Anormal\u00bb link=\u00bb|||\u00bb][vc_empty_space height=\u00bb30px\u00bb][\/vc_column_inner][vc_column_inner width=\u00bb1\/4&#8243;][vc_single_image image=\u00bb1430&#8243; img_size=\u00bb300&#215;200&#8243; alignment=\u00bbcenter\u00bb style=\u00bbvc_box_shadow\u00bb onclick=\u00bblink_image\u00bb css_animation=\u00bbzoomIn\u00bb][vc_custom_heading text=\u00bbAltavoz bater\u00edas\u00bb font_container=\u00bbtag:h3|text_align:center\u00bb google_fonts=\u00bbfont_family:Montserrat%3Aregular%2C700|font_style:400%20regular%3A400%3Anormal\u00bb link=\u00bb|||\u00bb][vc_empty_space height=\u00bb30px\u00bb][\/vc_column_inner][vc_column_inner width=\u00bb1\/4&#8243;][vc_single_image image=\u00bb1252&#8243; img_size=\u00bb300&#215;200&#8243; alignment=\u00bbcenter\u00bb style=\u00bbvc_box_shadow\u00bb onclick=\u00bbcustom_link\u00bb css_animation=\u00bbzoomIn\u00bb link=\u00bb\/es\/video-reportajes\/\u00bb][vc_custom_heading text=\u00bbVideo reportajes\u00bb font_container=\u00bbtag:h3|text_align:center\u00bb google_fonts=\u00bbfont_family:Montserrat%3Aregular%2C700|font_style:400%20regular%3A400%3Anormal\u00bb link=\u00bburl:%2Fes%2Fvideo-reportajes%2F|title:Videoreportatges||\u00bb][vc_empty_space height=\u00bb30px\u00bb][\/vc_column_inner][vc_column_inner width=\u00bb1\/4&#8243;][vc_single_image image=\u00bb1450&#8243; img_size=\u00bb300&#215;200&#8243; alignment=\u00bbcenter\u00bb style=\u00bbvc_box_shadow\u00bb onclick=\u00bbcustom_link\u00bb css_animation=\u00bbzoomIn\u00bb link=\u00bb\/es\/efectos-especiales\/\u00bb][vc_custom_heading text=\u00bbEfectos especiales\u00bb font_container=\u00bbtag:h3|text_align:center\u00bb google_fonts=\u00bbfont_family:Montserrat%3Aregular%2C700|font_style:400%20regular%3A400%3Anormal\u00bb link=\u00bburl:%2Fes%2Fefectos-especiales%2F|title:efectes%20especials||\u00bb][vc_empty_space height=\u00bb30px\u00bb][\/vc_column_inner][\/vc_row_inner][vc_row_inner][vc_column_inner width=\u00bb1\/4&#8243;][vc_single_image image=\u00bb1465&#8243; img_size=\u00bb300&#215;200&#8243; alignment=\u00bbcenter\u00bb style=\u00bbvc_box_shadow\u00bb onclick=\u00bbcustom_link\u00bb css_animation=\u00bbzoomIn\u00bb link=\u00bb\/es\/animacion-infantil-para-bodas-y-fiestas-girona\/\u00bb][vc_custom_heading text=\u00bbAnimaci\u00f3n\u00bb font_container=\u00bbtag:h3|text_align:center\u00bb google_fonts=\u00bbfont_family:Montserrat%3Aregular%2C700|font_style:400%20regular%3A400%3Anormal\u00bb link=\u00bburl:%2Fes%2Fanimacion-infantil-para-bodas-y-fiestas-girona|||\u00bb][vc_empty_space height=\u00bb30px\u00bb][\/vc_column_inner][vc_column_inner width=\u00bb1\/4&#8243;][vc_single_image image=\u00bb1462&#8243; img_size=\u00bb300&#215;200&#8243; alignment=\u00bbcenter\u00bb style=\u00bbvc_box_shadow\u00bb onclick=\u00bbcustom_link\u00bb css_animation=\u00bbzoomIn\u00bb link=\u00bb\/es\/fotomaton\/\u00bb][vc_custom_heading text=\u00bbFotomat\u00f3n\u00bb font_container=\u00bbtag:h3|text_align:center\u00bb google_fonts=\u00bbfont_family:Montserrat%3Aregular%2C700|font_style:400%20regular%3A400%3Anormal\u00bb link=\u00bburl:%2Fes%2Ffotomaton%2F|title:Fotomaton||\u00bb][vc_empty_space height=\u00bb30px\u00bb][\/vc_column_inner][vc_column_inner width=\u00bb1\/4&#8243;][vc_single_image image=\u00bb1469&#8243; img_size=\u00bb300&#215;200&#8243; alignment=\u00bbcenter\u00bb style=\u00bbvc_box_shadow\u00bb onclick=\u00bbcustom_link\u00bb css_animation=\u00bbzoomIn\u00bb link=\u00bb\/es\/guirnaldas\/\u00bb][vc_custom_heading text=\u00bbGuirnaldas\u00bb font_container=\u00bbtag:h3|text_align:center\u00bb google_fonts=\u00bbfont_family:Montserrat%3Aregular%2C700|font_style:400%20regular%3A400%3Anormal\u00bb link=\u00bburl:%2Fes%2Fguirnaldas%2F|title:gurinaldes||\u00bb][vc_empty_space height=\u00bb30px\u00bb][\/vc_column_inner][vc_column_inner width=\u00bb1\/4&#8243;][vc_single_image image=\u00bb1261&#8243; img_size=\u00bb300&#215;200&#8243; alignment=\u00bbcenter\u00bb style=\u00bbvc_box_shadow\u00bb onclick=\u00bbcustom_link\u00bb css_animation=\u00bbzoomIn\u00bb link=\u00bb\/es\/karaoke\/\u00bb][vc_custom_heading text=\u00bbKaraoke\u00bb font_container=\u00bbtag:h3|text_align:center\u00bb google_fonts=\u00bbfont_family:Montserrat%3Aregular%2C700|font_style:400%20regular%3A400%3Anormal\u00bb link=\u00bburl:%2Fes%2Fkaraoke%2F|title:karaoke||\u00bb][vc_empty_space height=\u00bb30px\u00bb][\/vc_column_inner][\/vc_row_inner][\/vc_column][\/vc_row][vc_row full_width=\u00bbstretch_row_content\u00bb css=\u00bb.vc_custom_1579962175907{padding-top: 40px !important;padding-bottom: 80px !important;background-image: url(https:\/\/discrauxa.cat\/wp-content\/uploads\/websites-with-green-background-6.jpg?id=1510) !important;background-position: center !important;background-repeat: no-repeat !important;background-size: cover !important;}\u00bb][vc_column][vc_btn title=\u00bb<b>Reserva ya!<\/b>\u00bb style=\u00bb3d\u00bb size=\u00bblg\u00bb align=\u00bbcenter\u00bb i_icon_fontawesome=\u00bbfar fa-calendar-alt\u00bb css_animation=\u00bbbounceIn\u00bb add_icon=\u00bbtrue\u00bb link=\u00bburl:https%3A%2F%2Fairtable.com%2FshrqqjwpPPuQ2ZkDi||target:%20_blank|\u00bb][\/vc_column][\/vc_row][vc_row full_width=\u00bbstretch_row_content\u00bb css=\u00bb.vc_custom_1575137646914{background-color: rgba(245,109,114,0.05) !important;*background-color: rgb(245,109,114) !important;}\u00bb][vc_column][vc_row_inner][vc_column_inner width=\u00bb1\/4&#8243;][vc_raw_html]JTNDY2VudGVyJTNFJTNDc2NyaXB0JTIwc3JjJTNEJTIyaHR0cHMlM0ElMkYlMkZjZG4xLmJvZGFzLm5ldCUyRl9qcyUyRndwLXJhdGVkLmpzJTNGdiUzRDQlMjIlM0UlM0MlMkZzY3JpcHQlM0UlMEElM0NkaXYlMjBpZCUzRCUyMndwLXJhdGVkJTIyJTNFJTNDYSUyMHRhcmdldCUzRCUyMl9ibGFuayUyMiUyMGhyZWYlM0QlMjJodHRwcyUzQSUyRiUyRnd3dy5ib2Rhcy5uZXQlMkZtdXNpY2ElMkZkaXNjcmF1eGEtZGlzY29tb2JpbC1pLWV2ZW50cy0tZTM3NTI2JTIyJTIwdGl0bGUlM0QlMjJTdWdlcmlkbyUyMGVuJTIwd3d3LmJvZGFzLm5ldCUyMiUzRSUzQ2ltZyUyMGFsdCUzRCUyMlJlY29tZW5kYWRvJTIwZW4lMjBCb2Rhcy5uZXQlMjIlMjBpZCUzRCUyMndwLXJhdGVkLWltZyUyMiUyMHNyYyUzRCUyMmh0dHBzJTNBJTJGJTJGY2RuMS5ib2Rhcy5uZXQlMkZhc3NldHMlMkZpbWclMkZiYWRnZXMlMkZyYXRlZCUyRmJhZGdlLXJhdGVkLTUwLnBuZyUyMiUyRiUzRSUzQyUyRmElM0UlM0MlMkZkaXYlM0UlMEElM0NzY3JpcHQlM0V3cFNob3dSYXRlZHYyJTI4JTI3Mzc1MjYlMjclMjklM0IlM0MlMkZzY3JpcHQlM0UlMjAlMjAlM0MlMkZjZW50ZXIlM0U=[\/vc_raw_html][\/vc_column_inner][vc_column_inner width=\u00bb3\/4&#8243;][vc_raw_html]JTNDc2NyaXB0JTIwc3JjJTNEJTIyaHR0cHMlM0ElMkYlMkZjZG4xLmJvZGFzLm5ldCUyRmpzJTJGd3Atd2lkZ2V0LmpzJTNGbm9zc2wtc2Ytc3VpLTIwMTkxMTI4LTAxRVMxNjUtMV93d3dfbV8lMjIlM0UlM0MlMkZzY3JpcHQlM0UlMEElM0NkaXYlMjBpZCUzRCUyMndwLXdpZGdldC1yZXZpZXdzJTIyJTNFJTBBJTIwJTIwJTIwJTIwJTNDZGl2JTIwaWQlM0QlMjJ3cC13aWRnZXQtcHJldmlldyUyMiUzRSUwQSUyMCUyMCUyMCUyMCUyMCUyMCUyMCUyMExlZSUyMCUzQ2ElMjBocmVmJTNEJTIyaHR0cHMlM0ElMkYlMkZ3d3cuYm9kYXMubmV0JTJGbXVzaWNhJTJGZGlzY3JhdXhhLWRpc2NvbW9iaWwtaS1ldmVudHMtLWUzNzUyNiUyRm9waW5pb25lcyUyMiUzRW51ZXN0cmFzJTIwb3BpbmlvbmVzJTNDJTJGYSUzRSUyMGVuJTIwJTI2bmJzcCUzQiUwQSUyMCUyMCUyMCUyMCUyMCUyMCUyMCUyMCUzQ2ElMjBocmVmJTNEJTI3aHR0cHMlM0ElMkYlMkZ3d3cuYm9kYXMubmV0JTI3JTNFJTBBJTIwJTIwJTIwJTIwJTIwJTIwJTIwJTIwJTIwJTIwJTIwJTIwJTNDaW1nJTIwc3JjJTNEJTIyaHR0cHMlM0ElMkYlMkZjZG4xLmJvZGFzLm5ldCUyRmFzc2V0cyUyRmltZyUyRmxvZ29zJTJGZ2VuX2xvZ29IZWFkZXIuc3ZnJTIyJTIwaGVpZ2h0JTNEJTIyMjAlMjIlM0UlMEElMjAlMjAlMjAlMjAlMjAlMjAlMjAlMjAlM0MlMkZhJTNFJTBBJTIwJTIwJTIwJTIwJTNDJTJGZGl2JTNFJTBBJTNDJTJGZGl2JTNFJTBBJTNDc2NyaXB0JTNFd3BTaG93UmV2aWV3cyUyODM3NTI2JTJDJTIwJTIycmVkJTIyJTI5JTNCJTNDJTJGc2NyaXB0JTNFJTBB[\/vc_raw_html][\/vc_column_inner][\/vc_row_inner][vc_empty_space][\/vc_column][\/vc_row][vc_row][vc_column][vc_column_text][\/vc_column_text][\/vc_column][\/vc_row]<\/p>\n<\/section>","protected":false},"excerpt":{"rendered":"<p>[vc_row][vc_column][vc_custom_heading text=\u00bbCOMPLEMENTOS Y EXTRAS\u00bb font_container=\u00bbtag:h2|text_align:center\u00bb google_fonts=\u00bbfont_family:Montserrat%3Aregular%2C700|font_style:400%20regular%3A400%3Anormal\u00bb][vc_empty_space][vc_row_inner][vc_column_inner width=\u00bb1\/4&#8243;][vc_single_image image=\u00bb1615&#8243; img_size=\u00bb300&#215;200&#8243; alignment=\u00bbcenter\u00bb style=\u00bbvc_box_shadow\u00bb onclick=\u00bblink_image\u00bb css_animation=\u00bbzoomIn\u00bb][vc_custom_heading text=\u00bbProyecciones\u00bb font_container=\u00bbtag:h3|text_align:center\u00bb google_fonts=\u00bbfont_family:Montserrat%3Aregular%2C700|font_style:400%20regular%3A400%3Anormal\u00bb link=\u00bb|||\u00bb][vc_empty_space height=\u00bb30px\u00bb][\/vc_column_inner][vc_column_inner width=\u00bb1\/4&#8243;][vc_single_image image=\u00bb1238&#8243; img_size=\u00bb300&#215;200&#8243; alignment=\u00bbcenter\u00bb style=\u00bbvc_box_shadow\u00bb onclick=\u00bbcustom_link\u00bb css_animation=\u00bbzoomIn\u00bb link=\u00bb\/es\/actor-para-bodas\/\u00bb][vc_custom_heading<span class=\"excerpt-hellip\"> [\u2026]<\/span><\/p>\n","protected":false},"author":1,"featured_media":0,"parent":0,"menu_order":0,"comment_status":"closed","ping_status":"closed","template":"","meta":{"footnotes":""},"class_list":["post-3124","page","type-page","status-publish","hentry"],"yoast_head":"<!-- This site is optimized with the Yoast SEO plugin v27.3 - https:\/\/yoast.com\/product\/yoast-seo-wordpress\/ -->\n<title>Packs para m\u00fasica para Bodas - DiscRauxa Discom\u00f2bil Girona<\/title>\n<meta name=\"description\" content=\"DiscRauxa Discom\u00f2bil ofrece varios packs para bodas, con ceremonia, aperitivo, banquete y tantas horas de baile como quieras. tarifas DiscRauxa\" \/>\n<meta name=\"robots\" content=\"index, follow, max-snippet:-1, max-image-preview:large, max-video-preview:-1\" \/>\n<link rel=\"canonical\" href=\"https:\/\/discrauxa.cat\/es\/extras-para-bodas\/\" \/>\n<meta property=\"og:locale\" content=\"es_ES\" \/>\n<meta property=\"og:type\" content=\"article\" \/>\n<meta property=\"og:title\" content=\"Packs para m\u00fasica para Bodas - DiscRauxa Discom\u00f2bil Girona\" \/>\n<meta property=\"og:description\" content=\"DiscRauxa Discom\u00f2bil ofrece varios packs para bodas, con ceremonia, aperitivo, banquete y tantas horas de baile como quieras. tarifas DiscRauxa\" \/>\n<meta property=\"og:url\" content=\"https:\/\/discrauxa.cat\/es\/extras-para-bodas\/\" \/>\n<meta property=\"og:site_name\" content=\"DiscRauxa Discom\u00f2bil, Concerts i Events\" \/>\n<meta property=\"article:modified_time\" content=\"2023-02-08T10:07:44+00:00\" \/>\n<meta name=\"twitter:card\" content=\"summary_large_image\" \/>\n<meta name=\"twitter:label1\" content=\"Tiempo de lectura\" \/>\n\t<meta name=\"twitter:data1\" content=\"2 minutos\" \/>\n<script type=\"application\/ld+json\" class=\"yoast-schema-graph\">{\"@context\":\"https:\\\/\\\/schema.org\",\"@graph\":[{\"@type\":\"WebPage\",\"@id\":\"https:\\\/\\\/discrauxa.cat\\\/es\\\/extras-para-bodas\\\/\",\"url\":\"https:\\\/\\\/discrauxa.cat\\\/es\\\/extras-para-bodas\\\/\",\"name\":\"Packs para m\u00fasica para Bodas - DiscRauxa Discom\u00f2bil Girona\",\"isPartOf\":{\"@id\":\"https:\\\/\\\/discrauxa.cat\\\/#website\"},\"datePublished\":\"2023-02-08T10:06:54+00:00\",\"dateModified\":\"2023-02-08T10:07:44+00:00\",\"description\":\"DiscRauxa Discom\u00f2bil ofrece varios packs para bodas, con ceremonia, aperitivo, banquete y tantas horas de baile como quieras. tarifas DiscRauxa\",\"breadcrumb\":{\"@id\":\"https:\\\/\\\/discrauxa.cat\\\/es\\\/extras-para-bodas\\\/#breadcrumb\"},\"inLanguage\":\"es\",\"potentialAction\":[{\"@type\":\"ReadAction\",\"target\":[\"https:\\\/\\\/discrauxa.cat\\\/es\\\/extras-para-bodas\\\/\"]}]},{\"@type\":\"BreadcrumbList\",\"@id\":\"https:\\\/\\\/discrauxa.cat\\\/es\\\/extras-para-bodas\\\/#breadcrumb\",\"itemListElement\":[{\"@type\":\"ListItem\",\"position\":1,\"name\":\"Inici\",\"item\":\"https:\\\/\\\/discrauxa.cat\\\/es\\\/\"},{\"@type\":\"ListItem\",\"position\":2,\"name\":\"Extras para Bodas\"}]},{\"@type\":\"WebSite\",\"@id\":\"https:\\\/\\\/discrauxa.cat\\\/#website\",\"url\":\"https:\\\/\\\/discrauxa.cat\\\/\",\"name\":\"DiscRauxa Discom\u00f2bil, Concerts i Events\",\"description\":\"Discom\u00f2bil, Concerts i Events per a casaments, festes, events\",\"potentialAction\":[{\"@type\":\"SearchAction\",\"target\":{\"@type\":\"EntryPoint\",\"urlTemplate\":\"https:\\\/\\\/discrauxa.cat\\\/?s={search_term_string}\"},\"query-input\":{\"@type\":\"PropertyValueSpecification\",\"valueRequired\":true,\"valueName\":\"search_term_string\"}}],\"inLanguage\":\"es\"}]}<\/script>\n<!-- \/ Yoast SEO plugin. -->","yoast_head_json":{"title":"Packs para m\u00fasica para Bodas - DiscRauxa Discom\u00f2bil Girona","description":"DiscRauxa Discom\u00f2bil ofrece varios packs para bodas, con ceremonia, aperitivo, banquete y tantas horas de baile como quieras. tarifas DiscRauxa","robots":{"index":"index","follow":"follow","max-snippet":"max-snippet:-1","max-image-preview":"max-image-preview:large","max-video-preview":"max-video-preview:-1"},"canonical":"https:\/\/discrauxa.cat\/es\/extras-para-bodas\/","og_locale":"es_ES","og_type":"article","og_title":"Packs para m\u00fasica para Bodas - DiscRauxa Discom\u00f2bil Girona","og_description":"DiscRauxa Discom\u00f2bil ofrece varios packs para bodas, con ceremonia, aperitivo, banquete y tantas horas de baile como quieras. tarifas DiscRauxa","og_url":"https:\/\/discrauxa.cat\/es\/extras-para-bodas\/","og_site_name":"DiscRauxa Discom\u00f2bil, Concerts i Events","article_modified_time":"2023-02-08T10:07:44+00:00","twitter_card":"summary_large_image","twitter_misc":{"Tiempo de lectura":"2 minutos"},"schema":{"@context":"https:\/\/schema.org","@graph":[{"@type":"WebPage","@id":"https:\/\/discrauxa.cat\/es\/extras-para-bodas\/","url":"https:\/\/discrauxa.cat\/es\/extras-para-bodas\/","name":"Packs para m\u00fasica para Bodas - DiscRauxa Discom\u00f2bil Girona","isPartOf":{"@id":"https:\/\/discrauxa.cat\/#website"},"datePublished":"2023-02-08T10:06:54+00:00","dateModified":"2023-02-08T10:07:44+00:00","description":"DiscRauxa Discom\u00f2bil ofrece varios packs para bodas, con ceremonia, aperitivo, banquete y tantas horas de baile como quieras. tarifas DiscRauxa","breadcrumb":{"@id":"https:\/\/discrauxa.cat\/es\/extras-para-bodas\/#breadcrumb"},"inLanguage":"es","potentialAction":[{"@type":"ReadAction","target":["https:\/\/discrauxa.cat\/es\/extras-para-bodas\/"]}]},{"@type":"BreadcrumbList","@id":"https:\/\/discrauxa.cat\/es\/extras-para-bodas\/#breadcrumb","itemListElement":[{"@type":"ListItem","position":1,"name":"Inici","item":"https:\/\/discrauxa.cat\/es\/"},{"@type":"ListItem","position":2,"name":"Extras para Bodas"}]},{"@type":"WebSite","@id":"https:\/\/discrauxa.cat\/#website","url":"https:\/\/discrauxa.cat\/","name":"DiscRauxa Discom\u00f2bil, Concerts i Events","description":"Discom\u00f2bil, Concerts i Events per a casaments, festes, events","potentialAction":[{"@type":"SearchAction","target":{"@type":"EntryPoint","urlTemplate":"https:\/\/discrauxa.cat\/?s={search_term_string}"},"query-input":{"@type":"PropertyValueSpecification","valueRequired":true,"valueName":"search_term_string"}}],"inLanguage":"es"}]}},"_links":{"self":[{"href":"https:\/\/discrauxa.cat\/es\/wp-json\/wp\/v2\/pages\/3124","targetHints":{"allow":["GET"]}}],"collection":[{"href":"https:\/\/discrauxa.cat\/es\/wp-json\/wp\/v2\/pages"}],"about":[{"href":"https:\/\/discrauxa.cat\/es\/wp-json\/wp\/v2\/types\/page"}],"author":[{"embeddable":true,"href":"https:\/\/discrauxa.cat\/es\/wp-json\/wp\/v2\/users\/1"}],"replies":[{"embeddable":true,"href":"https:\/\/discrauxa.cat\/es\/wp-json\/wp\/v2\/comments?post=3124"}],"version-history":[{"count":1,"href":"https:\/\/discrauxa.cat\/es\/wp-json\/wp\/v2\/pages\/3124\/revisions"}],"predecessor-version":[{"id":3143,"href":"https:\/\/discrauxa.cat\/es\/wp-json\/wp\/v2\/pages\/3124\/revisions\/3143"}],"wp:attachment":[{"href":"https:\/\/discrauxa.cat\/es\/wp-json\/wp\/v2\/media?parent=3124"}],"curies":[{"name":"wp","href":"https:\/\/api.w.org\/{rel}","templated":true}]}}