{"id":2762,"date":"2019-11-28T11:43:03","date_gmt":"2019-11-28T09:43:03","guid":{"rendered":"https:\/\/discrauxa.cat\/tarifes-events\/"},"modified":"2024-07-05T16:53:20","modified_gmt":"2024-07-05T14:53:20","slug":"tarifas-eventos","status":"publish","type":"page","link":"https:\/\/discrauxa.cat\/es\/tarifas-eventos\/","title":{"rendered":"Eventos y fiestas"},"content":{"rendered":"<section class=\"wpb-content-wrapper\"><p>[vc_row][vc_column][vc_row_inner][vc_column_inner][vc_custom_heading text=\u00bb\u00bfQu\u00e9 tipo de fiesta quieres?\u00bb font_container=\u00bbtag:h2|text_align:center\u00bb google_fonts=\u00bbfont_family:Montserrat%3Aregular%2C700|font_style:400%20regular%3A400%3Anormal\u00bb][vc_empty_space][\/vc_column_inner][\/vc_row_inner][vc_row_inner][vc_column_inner width=\u00bb1\/3&#8243;][vc_custom_heading text=\u00bbFiestas Infantiles\u00bb font_container=\u00bbtag:h3|font_size:32|text_align:center\u00bb google_fonts=\u00bbfont_family:Montserrat%3Aregular%2C700|font_style:400%20regular%3A400%3Anormal\u00bb][vc_empty_space height=\u00bb12px\u00bb][vc_single_image image=\u00bb1465&#8243; img_size=\u00bbmedium\u00bb alignment=\u00bbcenter\u00bb style=\u00bbvc_box_rounded\u00bb][vc_empty_space][vc_column_text]- Sonorizaci\u00f3n del espacio principal<br \/>\n&#8211; Equipo de luz, sonido y efectos<br \/>\n&#8211; Microfon\u00eda inal\u00e1mbrica<br \/>\n&#8211; <strong>Baile (2h)<\/strong><br \/>\n&#8211; Selecci\u00f3n musical acuerdo con el organizador<br \/>\n&#8211; Visita previa del espacio del lugar del evento<br \/>\n&#8211; Transporte y montaje (m\u00e1ximo 20km)<\/p>\n<p><strong>EXTRAS:<\/strong> Castillos inchables<br \/>\n* Se pueden contratar horas extras adicionales[\/vc_column_text][vc_empty_space][vc_btn title=\u00bbDesde 300\u20ac\u00bb style=\u00bb3d\u00bb color=\u00bbgreen\u00bb size=\u00bblg\u00bb align=\u00bbcenter\u00bb][vc_empty_space][vc_separator border_width=\u00bb2&#8243;][vc_empty_space][\/vc_column_inner][vc_column_inner width=\u00bb1\/3&#8243;][vc_custom_heading text=\u00bbFiestas Privadas\u00bb font_container=\u00bbtag:h3|font_size:32|text_align:center\u00bb google_fonts=\u00bbfont_family:Montserrat%3Aregular%2C700|font_style:400%20regular%3A400%3Anormal\u00bb][vc_empty_space height=\u00bb12px\u00bb][vc_single_image image=\u00bb3362&#8243; img_size=\u00bblarge\u00bb alignment=\u00bbcenter\u00bb style=\u00bbvc_box_rounded\u00bb][vc_empty_space][vc_column_text]- Sonorizaci\u00f3n del espacio principal<br \/>\n&#8211; Equipo de luz, sonido y microfon\u00eda<br \/>\n&#8211; Efectos especiales<br \/>\n&#8211; <strong>Baile (2h)<\/strong><br \/>\n&#8211; Selecci\u00f3n musical acuerdo con el organizador<br \/>\n&#8211; Visita previa del espacio del lugar del evento<br \/>\n&#8211; Transporte y montaje (m\u00e1ximo 20km)<\/p>\n<p><strong>EXTRAS:<\/strong> Videoproyecciones<br \/>\n* Se pueden contratar horas extras adicionales[\/vc_column_text][vc_empty_space][vc_btn title=\u00bbDesde 400\u20ac\u00bb style=\u00bb3d\u00bb color=\u00bbgreen\u00bb size=\u00bblg\u00bb align=\u00bbcenter\u00bb][vc_empty_space][vc_separator border_width=\u00bb2&#8243;][vc_empty_space][\/vc_column_inner][vc_column_inner width=\u00bb1\/3&#8243;][vc_custom_heading text=\u00bbKaraoke\u00bb font_container=\u00bbtag:h3|font_size:32|text_align:center\u00bb google_fonts=\u00bbfont_family:Montserrat%3Aregular%2C700|font_style:400%20regular%3A400%3Anormal\u00bb][vc_empty_space height=\u00bb12px\u00bb][vc_single_image image=\u00bb3359&#8243; img_size=\u00bbmedium\u00bb alignment=\u00bbcenter\u00bb style=\u00bbvc_box_rounded\u00bb][vc_empty_space][vc_column_text]- Sonorizaci\u00f3n del espacio principal<br \/>\n&#8211; Equipos de sonido, luces y microfon\u00eda inal\u00e1mbrica<br \/>\n\u2013 Disponemos de todos los \u00e9xitos<br \/>\n\u2013\u00a0<strong>Karaoke PRO (2h)<br \/>\n<\/strong>\u2013 Monitores que muestran la lletra<br \/>\n&#8211; Transporte y montaje (m\u00e1ximo 20km)<\/p>\n<p><strong>EXTRAS:<\/strong> Proyector de video FULL HD y Pantalla de proyecci\u00f3n de 3x2m<br \/>\n* Se pueden contratar horas extras adicionales[\/vc_column_text][vc_empty_space][vc_btn title=\u00bbDesde 350\u20ac\u00bb style=\u00bb3d\u00bb color=\u00bbgreen\u00bb size=\u00bblg\u00bb align=\u00bbcenter\u00bb][vc_empty_space][vc_separator border_width=\u00bb2&#8243;][vc_empty_space][\/vc_column_inner][\/vc_row_inner][\/vc_column][\/vc_row][vc_row][vc_column][vc_empty_space height=\u00bb60px\u00bb][\/vc_column][\/vc_row][vc_row][vc_column][vc_custom_heading text=\u00bbCOMPLEMENTOS Y EXTRAS\u00bb font_container=\u00bbtag:h2|text_align:center\u00bb google_fonts=\u00bbfont_family:Montserrat%3Aregular%2C700|font_style:400%20regular%3A400%3Anormal\u00bb][vc_empty_space][vc_row_inner][vc_column_inner width=\u00bb1\/4&#8243;][vc_single_image image=\u00bb1357&#8243; img_size=\u00bb300&#215;200&#8243; alignment=\u00bbcenter\u00bb style=\u00bbvc_box_shadow\u00bb onclick=\u00bbcustom_link\u00bb css_animation=\u00bbzoomIn\u00bb link=\u00bb\/es\/castillos-hinchables-para-fiestas-y-bodas-con-sonorizacion-musical\/\u00bb][vc_custom_heading text=\u00bbHinchables\u00bb font_container=\u00bbtag:h3|text_align:center\u00bb google_fonts=\u00bbfont_family:Montserrat%3Aregular%2C700|font_style:400%20regular%3A400%3Anormal\u00bb link=\u00bburl:%2Fes%2Fcastillos-hinchables-para-fiestas-y-bodas-con-sonorizacion-musical%2F|title:Castells%20Inflables||\u00bb][vc_empty_space height=\u00bb30px\u00bb][\/vc_column_inner][vc_column_inner width=\u00bb1\/4&#8243;][vc_single_image image=\u00bb1465&#8243; img_size=\u00bb300&#215;200&#8243; alignment=\u00bbcenter\u00bb style=\u00bbvc_box_shadow\u00bb onclick=\u00bbcustom_link\u00bb css_animation=\u00bbzoomIn\u00bb link=\u00bb\/es\/animacion-infantil-para-bodas-y-fiestas-girona\/\u00bb][vc_custom_heading text=\u00bbAnimaci\u00f3n\u00bb font_container=\u00bbtag:h3|text_align:center\u00bb google_fonts=\u00bbfont_family:Montserrat%3Aregular%2C700|font_style:400%20regular%3A400%3Anormal\u00bb link=\u00bburl:%2Fes%2Fanimacion-infantil-para-bodas-y-fiestas-girona%2F|title:Animaci%C3%B3n%20infantil%20y%20adultos||\u00bb][vc_empty_space height=\u00bb30px\u00bb][\/vc_column_inner][vc_column_inner width=\u00bb1\/4&#8243;][vc_single_image image=\u00bb1462&#8243; img_size=\u00bb300&#215;200&#8243; alignment=\u00bbcenter\u00bb style=\u00bbvc_box_shadow\u00bb onclick=\u00bbcustom_link\u00bb css_animation=\u00bbzoomIn\u00bb link=\u00bb\/es\/fotomaton\/\u00bb][vc_custom_heading text=\u00bbFotomat\u00f3n\u00bb font_container=\u00bbtag:h3|text_align:center\u00bb google_fonts=\u00bbfont_family:Montserrat%3Aregular%2C700|font_style:400%20regular%3A400%3Anormal\u00bb link=\u00bburl:%2Fes%2Ffotomaton%2F|title:Fotomaton||\u00bb][vc_empty_space height=\u00bb30px\u00bb][\/vc_column_inner][vc_column_inner width=\u00bb1\/4&#8243;][vc_single_image image=\u00bb1615&#8243; img_size=\u00bb300&#215;200&#8243; alignment=\u00bbcenter\u00bb style=\u00bbvc_box_shadow\u00bb onclick=\u00bblink_image\u00bb css_animation=\u00bbzoomIn\u00bb][vc_custom_heading text=\u00bbProyecciones\u00bb font_container=\u00bbtag:h3|text_align:center\u00bb google_fonts=\u00bbfont_family:Montserrat%3Aregular%2C700|font_style:400%20regular%3A400%3Anormal\u00bb link=\u00bb|||\u00bb][vc_empty_space height=\u00bb30px\u00bb][\/vc_column_inner][\/vc_row_inner][vc_row_inner][vc_column_inner width=\u00bb1\/4&#8243;][vc_single_image image=\u00bb1261&#8243; img_size=\u00bb300&#215;200&#8243; alignment=\u00bbcenter\u00bb style=\u00bbvc_box_shadow\u00bb onclick=\u00bbcustom_link\u00bb css_animation=\u00bbzoomIn\u00bb link=\u00bb\/es\/karaoke\/\u00bb][vc_custom_heading text=\u00bbKaraoke\u00bb font_container=\u00bbtag:h3|text_align:center\u00bb google_fonts=\u00bbfont_family:Montserrat%3Aregular%2C700|font_style:400%20regular%3A400%3Anormal\u00bb link=\u00bburl:%2Fes%2Fkaraoke%2F|title:Karaoke%20para%20bodas%20y%20fiestas|target:%20_blank|\u00bb][vc_empty_space height=\u00bb30px\u00bb][\/vc_column_inner][vc_column_inner width=\u00bb1\/4&#8243;][vc_single_image image=\u00bb1252&#8243; img_size=\u00bb300&#215;200&#8243; alignment=\u00bbcenter\u00bb style=\u00bbvc_box_shadow\u00bb onclick=\u00bbcustom_link\u00bb css_animation=\u00bbzoomIn\u00bb link=\u00bb\/es\/video-reportajes\/\u00bb][vc_custom_heading text=\u00bbVideo reportajes\u00bb font_container=\u00bbtag:h3|text_align:center\u00bb google_fonts=\u00bbfont_family:Montserrat%3Aregular%2C700|font_style:400%20regular%3A400%3Anormal\u00bb link=\u00bburl:%2Fes%2Fvideo-reportajes%2F|title:Videoreportatges||\u00bb][vc_empty_space height=\u00bb30px\u00bb][\/vc_column_inner][vc_column_inner width=\u00bb1\/4&#8243;][vc_single_image image=\u00bb1610&#8243; img_size=\u00bb300&#215;200&#8243; alignment=\u00bbcenter\u00bb style=\u00bbvc_box_shadow\u00bb onclick=\u00bblink_image\u00bb css_animation=\u00bbzoomIn\u00bb][vc_custom_heading text=\u00bbCa\u00f1\u00f3n de luz\u00bb font_container=\u00bbtag:h3|text_align:center\u00bb google_fonts=\u00bbfont_family:Montserrat%3Aregular%2C700|font_style:400%20regular%3A400%3Anormal\u00bb link=\u00bb|||\u00bb][vc_empty_space height=\u00bb30px\u00bb][\/vc_column_inner][vc_column_inner width=\u00bb1\/4&#8243;][vc_single_image image=\u00bb1430&#8243; img_size=\u00bb300&#215;200&#8243; alignment=\u00bbcenter\u00bb style=\u00bbvc_box_shadow\u00bb onclick=\u00bblink_image\u00bb css_animation=\u00bbzoomIn\u00bb][vc_custom_heading text=\u00bbAltavoz bater\u00edas\u00bb font_container=\u00bbtag:h3|text_align:center\u00bb google_fonts=\u00bbfont_family:Montserrat%3Aregular%2C700|font_style:400%20regular%3A400%3Anormal\u00bb link=\u00bb|||\u00bb][vc_empty_space height=\u00bb30px\u00bb][\/vc_column_inner][\/vc_row_inner][\/vc_column][\/vc_row][vc_row][vc_column][vc_btn title=\u00bb<b>Reserva ya!<\/b>\u00bb style=\u00bb3d\u00bb color=\u00bbgreen\u00bb align=\u00bbcenter\u00bb button_block=\u00bbtrue\u00bb link=\u00bburl:https%3A%2F%2Fairtable.com%2FshrqqjwpPPuQ2ZkDi||target:%20_blank|\u00bb][vc_empty_space][\/vc_column][\/vc_row][vc_row][vc_column][\/vc_column][\/vc_row]<\/p>\n<\/section>","protected":false},"excerpt":{"rendered":"<p>[vc_row][vc_column][vc_row_inner][vc_column_inner][vc_custom_heading text=\u00bb\u00bfQu\u00e9 tipo de fiesta quieres?\u00bb font_container=\u00bbtag:h2|text_align:center\u00bb google_fonts=\u00bbfont_family:Montserrat%3Aregular%2C700|font_style:400%20regular%3A400%3Anormal\u00bb][vc_empty_space][\/vc_column_inner][\/vc_row_inner][vc_row_inner][vc_column_inner width=\u00bb1\/3&#8243;][vc_custom_heading text=\u00bbFiestas Infantiles\u00bb font_container=\u00bbtag:h3|font_size:32|text_align:center\u00bb google_fonts=\u00bbfont_family:Montserrat%3Aregular%2C700|font_style:400%20regular%3A400%3Anormal\u00bb][vc_empty_space height=\u00bb12px\u00bb][vc_single_image image=\u00bb1465&#8243; img_size=\u00bbmedium\u00bb alignment=\u00bbcenter\u00bb style=\u00bbvc_box_rounded\u00bb][vc_empty_space][vc_column_text]- Sonorizaci\u00f3n del espacio principal &#8211; Equipo de luz,<span class=\"excerpt-hellip\"> [\u2026]<\/span><\/p>\n","protected":false},"author":1,"featured_media":0,"parent":0,"menu_order":0,"comment_status":"closed","ping_status":"closed","template":"","meta":{"footnotes":""},"class_list":["post-2762","page","type-page","status-publish","hentry"],"yoast_head":"<!-- This site is optimized with the Yoast SEO plugin v27.3 - https:\/\/yoast.com\/product\/yoast-seo-wordpress\/ -->\n<title>Eventos y fiestas - DiscRauxa Discom\u00f2bil, Conciertos y Eventos<\/title>\n<meta name=\"description\" content=\"DiscRauxa Discom\u00f2bil Girona ofrece m\u00fasica y diversi\u00f3n para eventos y fiestas adultos e infantiles, cenas de empresa, fiestas de cumplea\u00f1os, karaoke\" \/>\n<meta name=\"robots\" content=\"index, follow, max-snippet:-1, max-image-preview:large, max-video-preview:-1\" \/>\n<link rel=\"canonical\" href=\"https:\/\/discrauxa.cat\/es\/tarifas-eventos\/\" \/>\n<meta property=\"og:locale\" content=\"es_ES\" \/>\n<meta property=\"og:type\" content=\"article\" \/>\n<meta property=\"og:title\" content=\"Eventos y fiestas - DiscRauxa Discom\u00f2bil, Conciertos y Eventos\" \/>\n<meta property=\"og:description\" content=\"DiscRauxa Discom\u00f2bil Girona ofrece m\u00fasica y diversi\u00f3n para eventos y fiestas adultos e infantiles, cenas de empresa, fiestas de cumplea\u00f1os, karaoke\" \/>\n<meta property=\"og:url\" content=\"https:\/\/discrauxa.cat\/es\/tarifas-eventos\/\" \/>\n<meta property=\"og:site_name\" content=\"DiscRauxa Discom\u00f2bil, Concerts i Events\" \/>\n<meta property=\"article:modified_time\" content=\"2024-07-05T14:53:20+00:00\" \/>\n<meta name=\"twitter:card\" content=\"summary_large_image\" \/>\n<meta name=\"twitter:label1\" content=\"Tiempo de lectura\" \/>\n\t<meta name=\"twitter:data1\" content=\"4 minutos\" \/>\n<script type=\"application\/ld+json\" class=\"yoast-schema-graph\">{\"@context\":\"https:\\\/\\\/schema.org\",\"@graph\":[{\"@type\":\"WebPage\",\"@id\":\"https:\\\/\\\/discrauxa.cat\\\/es\\\/tarifas-eventos\\\/\",\"url\":\"https:\\\/\\\/discrauxa.cat\\\/es\\\/tarifas-eventos\\\/\",\"name\":\"Eventos y fiestas - DiscRauxa Discom\u00f2bil, Conciertos y Eventos\",\"isPartOf\":{\"@id\":\"https:\\\/\\\/discrauxa.cat\\\/#website\"},\"datePublished\":\"2019-11-28T09:43:03+00:00\",\"dateModified\":\"2024-07-05T14:53:20+00:00\",\"description\":\"DiscRauxa Discom\u00f2bil Girona ofrece m\u00fasica y diversi\u00f3n para eventos y fiestas adultos e infantiles, cenas de empresa, fiestas de cumplea\u00f1os, karaoke\",\"breadcrumb\":{\"@id\":\"https:\\\/\\\/discrauxa.cat\\\/es\\\/tarifas-eventos\\\/#breadcrumb\"},\"inLanguage\":\"es\",\"potentialAction\":[{\"@type\":\"ReadAction\",\"target\":[\"https:\\\/\\\/discrauxa.cat\\\/es\\\/tarifas-eventos\\\/\"]}]},{\"@type\":\"BreadcrumbList\",\"@id\":\"https:\\\/\\\/discrauxa.cat\\\/es\\\/tarifas-eventos\\\/#breadcrumb\",\"itemListElement\":[{\"@type\":\"ListItem\",\"position\":1,\"name\":\"Inici\",\"item\":\"https:\\\/\\\/discrauxa.cat\\\/es\\\/\"},{\"@type\":\"ListItem\",\"position\":2,\"name\":\"Eventos y fiestas\"}]},{\"@type\":\"WebSite\",\"@id\":\"https:\\\/\\\/discrauxa.cat\\\/#website\",\"url\":\"https:\\\/\\\/discrauxa.cat\\\/\",\"name\":\"DiscRauxa Discom\u00f2bil, Concerts i Events\",\"description\":\"Discom\u00f2bil, Concerts i Events per a casaments, festes, events\",\"potentialAction\":[{\"@type\":\"SearchAction\",\"target\":{\"@type\":\"EntryPoint\",\"urlTemplate\":\"https:\\\/\\\/discrauxa.cat\\\/?s={search_term_string}\"},\"query-input\":{\"@type\":\"PropertyValueSpecification\",\"valueRequired\":true,\"valueName\":\"search_term_string\"}}],\"inLanguage\":\"es\"}]}<\/script>\n<!-- \/ Yoast SEO plugin. -->","yoast_head_json":{"title":"Eventos y fiestas - DiscRauxa Discom\u00f2bil, Conciertos y Eventos","description":"DiscRauxa Discom\u00f2bil Girona ofrece m\u00fasica y diversi\u00f3n para eventos y fiestas adultos e infantiles, cenas de empresa, fiestas de cumplea\u00f1os, karaoke","robots":{"index":"index","follow":"follow","max-snippet":"max-snippet:-1","max-image-preview":"max-image-preview:large","max-video-preview":"max-video-preview:-1"},"canonical":"https:\/\/discrauxa.cat\/es\/tarifas-eventos\/","og_locale":"es_ES","og_type":"article","og_title":"Eventos y fiestas - DiscRauxa Discom\u00f2bil, Conciertos y Eventos","og_description":"DiscRauxa Discom\u00f2bil Girona ofrece m\u00fasica y diversi\u00f3n para eventos y fiestas adultos e infantiles, cenas de empresa, fiestas de cumplea\u00f1os, karaoke","og_url":"https:\/\/discrauxa.cat\/es\/tarifas-eventos\/","og_site_name":"DiscRauxa Discom\u00f2bil, Concerts i Events","article_modified_time":"2024-07-05T14:53:20+00:00","twitter_card":"summary_large_image","twitter_misc":{"Tiempo de lectura":"4 minutos"},"schema":{"@context":"https:\/\/schema.org","@graph":[{"@type":"WebPage","@id":"https:\/\/discrauxa.cat\/es\/tarifas-eventos\/","url":"https:\/\/discrauxa.cat\/es\/tarifas-eventos\/","name":"Eventos y fiestas - DiscRauxa Discom\u00f2bil, Conciertos y Eventos","isPartOf":{"@id":"https:\/\/discrauxa.cat\/#website"},"datePublished":"2019-11-28T09:43:03+00:00","dateModified":"2024-07-05T14:53:20+00:00","description":"DiscRauxa Discom\u00f2bil Girona ofrece m\u00fasica y diversi\u00f3n para eventos y fiestas adultos e infantiles, cenas de empresa, fiestas de cumplea\u00f1os, karaoke","breadcrumb":{"@id":"https:\/\/discrauxa.cat\/es\/tarifas-eventos\/#breadcrumb"},"inLanguage":"es","potentialAction":[{"@type":"ReadAction","target":["https:\/\/discrauxa.cat\/es\/tarifas-eventos\/"]}]},{"@type":"BreadcrumbList","@id":"https:\/\/discrauxa.cat\/es\/tarifas-eventos\/#breadcrumb","itemListElement":[{"@type":"ListItem","position":1,"name":"Inici","item":"https:\/\/discrauxa.cat\/es\/"},{"@type":"ListItem","position":2,"name":"Eventos y fiestas"}]},{"@type":"WebSite","@id":"https:\/\/discrauxa.cat\/#website","url":"https:\/\/discrauxa.cat\/","name":"DiscRauxa Discom\u00f2bil, Concerts i Events","description":"Discom\u00f2bil, Concerts i Events per a casaments, festes, events","potentialAction":[{"@type":"SearchAction","target":{"@type":"EntryPoint","urlTemplate":"https:\/\/discrauxa.cat\/?s={search_term_string}"},"query-input":{"@type":"PropertyValueSpecification","valueRequired":true,"valueName":"search_term_string"}}],"inLanguage":"es"}]}},"_links":{"self":[{"href":"https:\/\/discrauxa.cat\/es\/wp-json\/wp\/v2\/pages\/2762","targetHints":{"allow":["GET"]}}],"collection":[{"href":"https:\/\/discrauxa.cat\/es\/wp-json\/wp\/v2\/pages"}],"about":[{"href":"https:\/\/discrauxa.cat\/es\/wp-json\/wp\/v2\/types\/page"}],"author":[{"embeddable":true,"href":"https:\/\/discrauxa.cat\/es\/wp-json\/wp\/v2\/users\/1"}],"replies":[{"embeddable":true,"href":"https:\/\/discrauxa.cat\/es\/wp-json\/wp\/v2\/comments?post=2762"}],"version-history":[{"count":14,"href":"https:\/\/discrauxa.cat\/es\/wp-json\/wp\/v2\/pages\/2762\/revisions"}],"predecessor-version":[{"id":3364,"href":"https:\/\/discrauxa.cat\/es\/wp-json\/wp\/v2\/pages\/2762\/revisions\/3364"}],"wp:attachment":[{"href":"https:\/\/discrauxa.cat\/es\/wp-json\/wp\/v2\/media?parent=2762"}],"curies":[{"name":"wp","href":"https:\/\/api.w.org\/{rel}","templated":true}]}}