{"id":2753,"date":"2019-11-28T14:11:58","date_gmt":"2019-11-28T12:11:58","guid":{"rendered":"https:\/\/discrauxa.cat\/tarifes-concerts\/"},"modified":"2020-03-09T14:41:15","modified_gmt":"2020-03-09T12:41:15","slug":"tarifas-conciertos","status":"publish","type":"page","link":"https:\/\/discrauxa.cat\/es\/tarifas-conciertos\/","title":{"rendered":"Conciertos y Sonorizaci\u00f3n"},"content":{"rendered":"<section class=\"wpb-content-wrapper\"><p>[vc_row][vc_column offset=\u00bbvc_hidden-sm vc_hidden-xs\u00bb][vc_row_inner][vc_column_inner][vc_custom_heading text=\u00bb\u00bfQu\u00e9 tipo de concierto quieres?\u00bb font_container=\u00bbtag:h2|text_align:center\u00bb google_fonts=\u00bbfont_family:Montserrat%3Aregular%2C700|font_style:400%20regular%3A400%3Anormal\u00bb][vc_empty_space][\/vc_column_inner][\/vc_row_inner][vc_row_inner][vc_column_inner width=\u00bb1\/3&#8243;][vc_custom_heading text=\u00bbConcierto B\u00e1sico\u00bb font_container=\u00bbtag:h3|font_size:32|text_align:center\u00bb google_fonts=\u00bbfont_family:Montserrat%3Aregular%2C700|font_style:400%20regular%3A400%3Anormal\u00bb][vc_empty_space height=\u00bb12px\u00bb][vc_single_image image=\u00bb1421&#8243; img_size=\u00bbmedium\u00bb alignment=\u00bbcenter\u00bb style=\u00bbvc_box_rounded\u00bb][vc_empty_space][vc_btn title=\u00bbDesde 400\u20ac\u00bb style=\u00bb3d\u00bb color=\u00bbgreen\u00bb size=\u00bblg\u00bb align=\u00bbcenter\u00bb][vc_empty_space][vc_column_text]Este Pack incluye:<br \/>\n&#8211; Sonorizaci\u00f3n del espacio principal<br \/>\n&#8211; Equipo de sonido de 2000W<br \/>\n&#8211; Equipo de luces<br \/>\n&#8211; Efectos de ambientaci\u00f3n y multiefectos<br \/>\n&#8211; Microfon\u00eda hasta 3 voces<br \/>\n&#8211; DI hasta 3 instrumentos<br \/>\n&#8211; Mezclador digital de 24in \/ 8out + 8FX<br \/>\n&#8211; Monitorizaci\u00f3n hasta 3 m\u00fasicos<br \/>\n&#8211; Visita previa del espacio del lugar del concierto<br \/>\n&#8211; Transporte y montaje justo antes del evento[\/vc_column_text][vc_empty_space][vc_column_text css=\u00bb.vc_custom_1583757019450{padding-top: 20px !important;padding-right: 20px !important;padding-bottom: 20px !important;padding-left: 20px !important;background-color: rgba(136,198,87,0.2) !important;*background-color: rgb(136,198,87) !important;}\u00bb]<\/p>\n<h5 class=\"alert-heading\">Como extras se contemplan (previo presupuesto)<\/h5>\n<p>&#8211; Proyecciones de video y presentaciones<br \/>\n&#8211; Ampliaci\u00f3n del equipo de sonido hasta 12000W<br \/>\n&#8211; Microfon\u00eda de bater\u00eda<br \/>\n&#8211; Microfon\u00eda de instrumentos de viento<br \/>\n&#8211; Microfon\u00eda inalambrica<br \/>\n&#8211; Monitores adicionales<br \/>\n&#8211; Ampliaci\u00f3n de iluminaci\u00f3n (cabezas m\u00f3viles, recortes, proyectores de seguimiento &#8230;)<br \/>\n&#8211; Cortinas y efectos LED<br \/>\n&#8211; Grabaci\u00f3n multicanal del concierto[\/vc_column_text][vc_empty_space][\/vc_column_inner][vc_column_inner width=\u00bb1\/3&#8243;][vc_custom_heading text=\u00bbConcierto General\u00bb font_container=\u00bbtag:h3|font_size:32|text_align:center\u00bb google_fonts=\u00bbfont_family:Montserrat%3Aregular%2C700|font_style:400%20regular%3A400%3Anormal\u00bb][vc_empty_space height=\u00bb12px\u00bb][vc_single_image image=\u00bb1419&#8243; img_size=\u00bbmedium\u00bb alignment=\u00bbcenter\u00bb style=\u00bbvc_box_rounded\u00bb][vc_empty_space][vc_btn title=\u00bbDesde 800\u20ac\u00bb style=\u00bb3d\u00bb color=\u00bbgreen\u00bb size=\u00bblg\u00bb align=\u00bbcenter\u00bb][vc_empty_space][vc_column_text]Este Pack incluye:<br \/>\n&#8211; Equipo de sonido de 6000W<br \/>\n&#8211; Equipos de luces y multiefectos<br \/>\n&#8211; Microfon\u00eda y DI hasta 24 instrumentos \/ voces<br \/>\n&#8211; Mezclador digital de 24in \/ 8out + 8FX<br \/>\n&#8211; Monitorizaci\u00f3n hasta 7 m\u00fasicos<br \/>\n&#8211; Microfon\u00eda de bater\u00eda<br \/>\n&#8211; Microfon\u00eda de instrumentos de viento<br \/>\n&#8211; Microfon\u00eda inalambrica<br \/>\n&#8211; Visita previa del espacio del lugar del concierto<br \/>\n&#8211; Transporte y montaje justo antes del evento[\/vc_column_text][vc_empty_space][vc_column_text css=\u00bb.vc_custom_1583757166051{padding-top: 20px !important;padding-right: 20px !important;padding-bottom: 20px !important;padding-left: 20px !important;background-color: rgba(136,198,87,0.2) !important;*background-color: rgb(136,198,87) !important;}\u00bb]<\/p>\n<h5 class=\"alert-heading\">Como extras se contemplan (previo presupuesto)<\/h5>\n<p>&#8211; Proyecciones de video y presentaciones<br \/>\n&#8211; Ampliaci\u00f3n del equipo de sonido hasta 12000W<br \/>\n&#8211; Monitores adicionales<br \/>\n&#8211; Ampliaci\u00f3n de iluminaci\u00f3n (cabezas m\u00f3viles, recortes, proyectores de seguimiento &#8230;)<br \/>\n&#8211; Cortinas y efectos LED<br \/>\n&#8211; Grabaci\u00f3n multicanal del concierto[\/vc_column_text][vc_empty_space][\/vc_column_inner][vc_column_inner width=\u00bb1\/3&#8243;][vc_custom_heading text=\u00bbT\u00e9cnico de sonido\u00bb font_container=\u00bbtag:h3|font_size:32|text_align:center\u00bb google_fonts=\u00bbfont_family:Montserrat%3Aregular%2C700|font_style:400%20regular%3A400%3Anormal\u00bb][vc_empty_space height=\u00bb12px\u00bb][vc_single_image image=\u00bb1436&#8243; img_size=\u00bbmedium\u00bb alignment=\u00bbcenter\u00bb style=\u00bbvc_box_rounded\u00bb][vc_empty_space][vc_btn title=\u00bbDesde 200\u20ac\u00bb style=\u00bb3d\u00bb color=\u00bbgreen\u00bb size=\u00bblg\u00bb align=\u00bbcenter\u00bb][vc_empty_space][vc_column_text]-T\u00e9cnico de sonido para conciertos[\/vc_column_text][vc_empty_space][\/vc_column_inner][\/vc_row_inner][\/vc_column][\/vc_row][vc_row][vc_column offset=\u00bbvc_hidden-lg vc_hidden-md\u00bb][vc_row_inner][vc_column_inner][vc_custom_heading text=\u00bb\u00bfQu\u00e9 tipo de concierto quieres?\u00bb font_container=\u00bbtag:h2|text_align:center\u00bb google_fonts=\u00bbfont_family:Montserrat%3Aregular%2C700|font_style:400%20regular%3A400%3Anormal\u00bb][vc_empty_space][\/vc_column_inner][\/vc_row_inner][vc_row_inner][vc_column_inner][vc_custom_heading text=\u00bbConcierto B\u00e1sico\u00bb font_container=\u00bbtag:h3|font_size:32|text_align:center\u00bb google_fonts=\u00bbfont_family:Montserrat%3Aregular%2C700|font_style:400%20regular%3A400%3Anormal\u00bb][vc_empty_space height=\u00bb12px\u00bb][vc_single_image image=\u00bb1421&#8243; img_size=\u00bbmedium\u00bb alignment=\u00bbcenter\u00bb style=\u00bbvc_box_rounded\u00bb][vc_empty_space][vc_column_text]Este Pack incluye:<br \/>\n&#8211; Sonorizaci\u00f3n del espacio principal<br \/>\n&#8211; Equipo de sonido de 2000W<br \/>\n&#8211; Equipo de luces<br \/>\n&#8211; Efectos de ambientaci\u00f3n y multiefectos<br \/>\n&#8211; Microfon\u00eda hasta 3 voces<br \/>\n&#8211; DI hasta 3 instrumentos<br \/>\n&#8211; Mezclador digital de 24in \/ 8out + 8FX<br \/>\n&#8211; Monitorizaci\u00f3n hasta 3 m\u00fasicos<br \/>\n&#8211; Visita previa del espacio del lugar del concierto<br \/>\n&#8211; Transporte y montaje justo antes del evento[\/vc_column_text][vc_empty_space][vc_btn title=\u00bbDesde 400\u20ac\u00bb style=\u00bb3d\u00bb color=\u00bbgreen\u00bb size=\u00bblg\u00bb align=\u00bbcenter\u00bb][vc_empty_space][vc_column_text css=\u00bb.vc_custom_1583757032213{padding-top: 20px !important;padding-right: 20px !important;padding-bottom: 20px !important;padding-left: 20px !important;background-color: rgba(136,198,87,0.2) !important;*background-color: rgb(136,198,87) !important;}\u00bb]<\/p>\n<h5 class=\"alert-heading\">Como extras se contemplan (previo presupuesto)<\/h5>\n<p>&#8211; Proyecciones de video y presentaciones<br \/>\n&#8211; Ampliaci\u00f3n del equipo de sonido hasta 12000W<br \/>\n&#8211; Microfon\u00eda de bater\u00eda<br \/>\n&#8211; Microfon\u00eda de instrumentos de viento<br \/>\n&#8211; Microfon\u00eda inalambrica<br \/>\n&#8211; Monitores adicionales<br \/>\n&#8211; Ampliaci\u00f3n de iluminaci\u00f3n (cabezas m\u00f3viles, recortes, proyectores de seguimiento &#8230;)<br \/>\n&#8211; Cortinas y efectos LED<br \/>\n&#8211; Grabaci\u00f3n multicanal del concierto[\/vc_column_text][vc_empty_space][vc_separator border_width=\u00bb3&#8243;][vc_empty_space][vc_custom_heading text=\u00bbConcierto General\u00bb font_container=\u00bbtag:h3|font_size:32|text_align:center\u00bb google_fonts=\u00bbfont_family:Montserrat%3Aregular%2C700|font_style:400%20regular%3A400%3Anormal\u00bb][vc_empty_space height=\u00bb12px\u00bb][vc_single_image image=\u00bb1419&#8243; img_size=\u00bbmedium\u00bb alignment=\u00bbcenter\u00bb style=\u00bbvc_box_rounded\u00bb][vc_empty_space][vc_column_text]Este Pack incluye:<br \/>\n&#8211; Equipo de sonido de 6000W<br \/>\n&#8211; Equipos de luces y multiefectos<br \/>\n&#8211; Microfon\u00eda y DI hasta 24 instrumentos \/ voces<br \/>\n&#8211; Mezclador digital de 24in \/ 8out + 8FX<br \/>\n&#8211; Monitorizaci\u00f3n hasta 7 m\u00fasicos<br \/>\n&#8211; Microfon\u00eda de bater\u00eda<br \/>\n&#8211; Microfon\u00eda de instrumentos de viento<br \/>\n&#8211; Microfon\u00eda inalambrica<br \/>\n&#8211; Visita previa del espacio del lugar del concierto<br \/>\n&#8211; Transporte y montaje justo antes del evento[\/vc_column_text][vc_empty_space][vc_btn title=\u00bbDes de 800\u20ac\u00bb style=\u00bb3d\u00bb color=\u00bbgreen\u00bb size=\u00bblg\u00bb align=\u00bbcenter\u00bb][vc_empty_space][vc_column_text css=\u00bb.vc_custom_1583757181256{padding-top: 20px !important;padding-right: 20px !important;padding-bottom: 20px !important;padding-left: 20px !important;background-color: rgba(136,198,87,0.2) !important;*background-color: rgb(136,198,87) !important;}\u00bb]<\/p>\n<h5 class=\"alert-heading\">Como extras se contemplan (previo presupuesto)<\/h5>\n<p>&#8211; Proyecciones de video y presentaciones<br \/>\n&#8211; Ampliaci\u00f3n del equipo de sonido hasta 12000W<br \/>\n&#8211; Monitores adicionales<br \/>\n&#8211; Ampliaci\u00f3n de iluminaci\u00f3n (cabezas m\u00f3viles, recortes, proyectores de seguimiento &#8230;)<br \/>\n&#8211; Cortinas y efectos LED<br \/>\n&#8211; Grabaci\u00f3n multicanal del concierto[\/vc_column_text][vc_empty_space][vc_separator border_width=\u00bb3&#8243;][vc_empty_space][vc_custom_heading text=\u00bbT\u00e9cnico de sonido\u00bb font_container=\u00bbtag:h3|font_size:32|text_align:center\u00bb google_fonts=\u00bbfont_family:Montserrat%3Aregular%2C700|font_style:400%20regular%3A400%3Anormal\u00bb][vc_empty_space height=\u00bb12px\u00bb][vc_single_image image=\u00bb1436&#8243; img_size=\u00bbmedium\u00bb alignment=\u00bbcenter\u00bb style=\u00bbvc_box_rounded\u00bb][vc_empty_space][vc_column_text]-T\u00e9cnico de sonido para conciertos[\/vc_column_text][vc_empty_space][vc_btn title=\u00bbDes de 200\u20ac\u00bb style=\u00bb3d\u00bb color=\u00bbgreen\u00bb size=\u00bblg\u00bb align=\u00bbcenter\u00bb][vc_empty_space][vc_separator border_width=\u00bb3&#8243;][vc_empty_space][\/vc_column_inner][\/vc_row_inner][\/vc_column][\/vc_row][vc_row][vc_column][vc_btn title=\u00bb<b>Reserva ya!<\/b>\u00bb style=\u00bb3d\u00bb color=\u00bbgreen\u00bb align=\u00bbcenter\u00bb button_block=\u00bbtrue\u00bb link=\u00bburl:https%3A%2F%2Fairtable.com%2FshrqqjwpPPuQ2ZkDi||target:%20_blank|\u00bb][vc_empty_space][\/vc_column][\/vc_row][vc_row][vc_column][vc_empty_space height=\u00bb60px\u00bb][\/vc_column][\/vc_row]<\/p>\n<\/section>","protected":false},"excerpt":{"rendered":"<p>[vc_row][vc_column offset=\u00bbvc_hidden-sm vc_hidden-xs\u00bb][vc_row_inner][vc_column_inner][vc_custom_heading text=\u00bb\u00bfQu\u00e9 tipo de concierto quieres?\u00bb font_container=\u00bbtag:h2|text_align:center\u00bb google_fonts=\u00bbfont_family:Montserrat%3Aregular%2C700|font_style:400%20regular%3A400%3Anormal\u00bb][vc_empty_space][\/vc_column_inner][\/vc_row_inner][vc_row_inner][vc_column_inner width=\u00bb1\/3&#8243;][vc_custom_heading text=\u00bbConcierto B\u00e1sico\u00bb font_container=\u00bbtag:h3|font_size:32|text_align:center\u00bb google_fonts=\u00bbfont_family:Montserrat%3Aregular%2C700|font_style:400%20regular%3A400%3Anormal\u00bb][vc_empty_space height=\u00bb12px\u00bb][vc_single_image image=\u00bb1421&#8243; img_size=\u00bbmedium\u00bb alignment=\u00bbcenter\u00bb style=\u00bbvc_box_rounded\u00bb][vc_empty_space][vc_btn title=\u00bbDesde 400\u20ac\u00bb style=\u00bb3d\u00bb color=\u00bbgreen\u00bb size=\u00bblg\u00bb align=\u00bbcenter\u00bb][vc_empty_space][vc_column_text]Este<span class=\"excerpt-hellip\"> [\u2026]<\/span><\/p>\n","protected":false},"author":1,"featured_media":0,"parent":0,"menu_order":0,"comment_status":"closed","ping_status":"closed","template":"","meta":{"footnotes":""},"class_list":["post-2753","page","type-page","status-publish","hentry"],"yoast_head":"<!-- This site is optimized with the Yoast SEO plugin v27.3 - https:\/\/yoast.com\/product\/yoast-seo-wordpress\/ -->\n<title>Conciertos y Sonorizaci\u00f3n - DiscRauxa Discom\u00f2bil, Conciertos y Eventos<\/title>\n<meta name=\"description\" content=\"DiscRauxa Discom\u00f2bil hace sonorizaci\u00f3n e iluminacion de conciertos de peque\u00f1o y gran formato. Tambi\u00e9n se ofrece la sonorizaci\u00f3n del concierto como t\u00e9cnico de sonido\" \/>\n<meta name=\"robots\" content=\"index, follow, max-snippet:-1, max-image-preview:large, max-video-preview:-1\" \/>\n<link rel=\"canonical\" href=\"https:\/\/discrauxa.cat\/es\/tarifas-conciertos\/\" \/>\n<meta property=\"og:locale\" content=\"es_ES\" \/>\n<meta property=\"og:type\" content=\"article\" \/>\n<meta property=\"og:title\" content=\"Conciertos y Sonorizaci\u00f3n - DiscRauxa Discom\u00f2bil, Conciertos y Eventos\" \/>\n<meta property=\"og:description\" content=\"DiscRauxa Discom\u00f2bil hace sonorizaci\u00f3n e iluminacion de conciertos de peque\u00f1o y gran formato. Tambi\u00e9n se ofrece la sonorizaci\u00f3n del concierto como t\u00e9cnico de sonido\" \/>\n<meta property=\"og:url\" content=\"https:\/\/discrauxa.cat\/es\/tarifas-conciertos\/\" \/>\n<meta property=\"og:site_name\" content=\"DiscRauxa Discom\u00f2bil, Concerts i Events\" \/>\n<meta property=\"article:modified_time\" content=\"2020-03-09T12:41:15+00:00\" \/>\n<meta name=\"twitter:card\" content=\"summary_large_image\" \/>\n<meta name=\"twitter:label1\" content=\"Tiempo de lectura\" \/>\n\t<meta name=\"twitter:data1\" content=\"6 minutos\" \/>\n<script type=\"application\/ld+json\" class=\"yoast-schema-graph\">{\"@context\":\"https:\\\/\\\/schema.org\",\"@graph\":[{\"@type\":\"WebPage\",\"@id\":\"https:\\\/\\\/discrauxa.cat\\\/es\\\/tarifas-conciertos\\\/\",\"url\":\"https:\\\/\\\/discrauxa.cat\\\/es\\\/tarifas-conciertos\\\/\",\"name\":\"Conciertos y Sonorizaci\u00f3n - DiscRauxa Discom\u00f2bil, Conciertos y Eventos\",\"isPartOf\":{\"@id\":\"https:\\\/\\\/discrauxa.cat\\\/#website\"},\"datePublished\":\"2019-11-28T12:11:58+00:00\",\"dateModified\":\"2020-03-09T12:41:15+00:00\",\"description\":\"DiscRauxa Discom\u00f2bil hace sonorizaci\u00f3n e iluminacion de conciertos de peque\u00f1o y gran formato. Tambi\u00e9n se ofrece la sonorizaci\u00f3n del concierto como t\u00e9cnico de sonido\",\"breadcrumb\":{\"@id\":\"https:\\\/\\\/discrauxa.cat\\\/es\\\/tarifas-conciertos\\\/#breadcrumb\"},\"inLanguage\":\"es\",\"potentialAction\":[{\"@type\":\"ReadAction\",\"target\":[\"https:\\\/\\\/discrauxa.cat\\\/es\\\/tarifas-conciertos\\\/\"]}]},{\"@type\":\"BreadcrumbList\",\"@id\":\"https:\\\/\\\/discrauxa.cat\\\/es\\\/tarifas-conciertos\\\/#breadcrumb\",\"itemListElement\":[{\"@type\":\"ListItem\",\"position\":1,\"name\":\"Inici\",\"item\":\"https:\\\/\\\/discrauxa.cat\\\/es\\\/\"},{\"@type\":\"ListItem\",\"position\":2,\"name\":\"Conciertos y Sonorizaci\u00f3n\"}]},{\"@type\":\"WebSite\",\"@id\":\"https:\\\/\\\/discrauxa.cat\\\/#website\",\"url\":\"https:\\\/\\\/discrauxa.cat\\\/\",\"name\":\"DiscRauxa Discom\u00f2bil, Concerts i Events\",\"description\":\"Discom\u00f2bil, Concerts i Events per a casaments, festes, events\",\"potentialAction\":[{\"@type\":\"SearchAction\",\"target\":{\"@type\":\"EntryPoint\",\"urlTemplate\":\"https:\\\/\\\/discrauxa.cat\\\/?s={search_term_string}\"},\"query-input\":{\"@type\":\"PropertyValueSpecification\",\"valueRequired\":true,\"valueName\":\"search_term_string\"}}],\"inLanguage\":\"es\"}]}<\/script>\n<!-- \/ Yoast SEO plugin. -->","yoast_head_json":{"title":"Conciertos y Sonorizaci\u00f3n - DiscRauxa Discom\u00f2bil, Conciertos y Eventos","description":"DiscRauxa Discom\u00f2bil hace sonorizaci\u00f3n e iluminacion de conciertos de peque\u00f1o y gran formato. Tambi\u00e9n se ofrece la sonorizaci\u00f3n del concierto como t\u00e9cnico de sonido","robots":{"index":"index","follow":"follow","max-snippet":"max-snippet:-1","max-image-preview":"max-image-preview:large","max-video-preview":"max-video-preview:-1"},"canonical":"https:\/\/discrauxa.cat\/es\/tarifas-conciertos\/","og_locale":"es_ES","og_type":"article","og_title":"Conciertos y Sonorizaci\u00f3n - DiscRauxa Discom\u00f2bil, Conciertos y Eventos","og_description":"DiscRauxa Discom\u00f2bil hace sonorizaci\u00f3n e iluminacion de conciertos de peque\u00f1o y gran formato. Tambi\u00e9n se ofrece la sonorizaci\u00f3n del concierto como t\u00e9cnico de sonido","og_url":"https:\/\/discrauxa.cat\/es\/tarifas-conciertos\/","og_site_name":"DiscRauxa Discom\u00f2bil, Concerts i Events","article_modified_time":"2020-03-09T12:41:15+00:00","twitter_card":"summary_large_image","twitter_misc":{"Tiempo de lectura":"6 minutos"},"schema":{"@context":"https:\/\/schema.org","@graph":[{"@type":"WebPage","@id":"https:\/\/discrauxa.cat\/es\/tarifas-conciertos\/","url":"https:\/\/discrauxa.cat\/es\/tarifas-conciertos\/","name":"Conciertos y Sonorizaci\u00f3n - DiscRauxa Discom\u00f2bil, Conciertos y Eventos","isPartOf":{"@id":"https:\/\/discrauxa.cat\/#website"},"datePublished":"2019-11-28T12:11:58+00:00","dateModified":"2020-03-09T12:41:15+00:00","description":"DiscRauxa Discom\u00f2bil hace sonorizaci\u00f3n e iluminacion de conciertos de peque\u00f1o y gran formato. Tambi\u00e9n se ofrece la sonorizaci\u00f3n del concierto como t\u00e9cnico de sonido","breadcrumb":{"@id":"https:\/\/discrauxa.cat\/es\/tarifas-conciertos\/#breadcrumb"},"inLanguage":"es","potentialAction":[{"@type":"ReadAction","target":["https:\/\/discrauxa.cat\/es\/tarifas-conciertos\/"]}]},{"@type":"BreadcrumbList","@id":"https:\/\/discrauxa.cat\/es\/tarifas-conciertos\/#breadcrumb","itemListElement":[{"@type":"ListItem","position":1,"name":"Inici","item":"https:\/\/discrauxa.cat\/es\/"},{"@type":"ListItem","position":2,"name":"Conciertos y Sonorizaci\u00f3n"}]},{"@type":"WebSite","@id":"https:\/\/discrauxa.cat\/#website","url":"https:\/\/discrauxa.cat\/","name":"DiscRauxa Discom\u00f2bil, Concerts i Events","description":"Discom\u00f2bil, Concerts i Events per a casaments, festes, events","potentialAction":[{"@type":"SearchAction","target":{"@type":"EntryPoint","urlTemplate":"https:\/\/discrauxa.cat\/?s={search_term_string}"},"query-input":{"@type":"PropertyValueSpecification","valueRequired":true,"valueName":"search_term_string"}}],"inLanguage":"es"}]}},"_links":{"self":[{"href":"https:\/\/discrauxa.cat\/es\/wp-json\/wp\/v2\/pages\/2753","targetHints":{"allow":["GET"]}}],"collection":[{"href":"https:\/\/discrauxa.cat\/es\/wp-json\/wp\/v2\/pages"}],"about":[{"href":"https:\/\/discrauxa.cat\/es\/wp-json\/wp\/v2\/types\/page"}],"author":[{"embeddable":true,"href":"https:\/\/discrauxa.cat\/es\/wp-json\/wp\/v2\/users\/1"}],"replies":[{"embeddable":true,"href":"https:\/\/discrauxa.cat\/es\/wp-json\/wp\/v2\/comments?post=2753"}],"version-history":[{"count":6,"href":"https:\/\/discrauxa.cat\/es\/wp-json\/wp\/v2\/pages\/2753\/revisions"}],"predecessor-version":[{"id":2761,"href":"https:\/\/discrauxa.cat\/es\/wp-json\/wp\/v2\/pages\/2753\/revisions\/2761"}],"wp:attachment":[{"href":"https:\/\/discrauxa.cat\/es\/wp-json\/wp\/v2\/media?parent=2753"}],"curies":[{"name":"wp","href":"https:\/\/api.w.org\/{rel}","templated":true}]}}