{"id":2714,"date":"2020-01-17T14:24:46","date_gmt":"2020-01-17T12:24:46","guid":{"rendered":"https:\/\/discrauxa.cat\/concerts\/"},"modified":"2026-02-14T15:00:49","modified_gmt":"2026-02-14T13:00:49","slug":"conciertos","status":"publish","type":"page","link":"https:\/\/discrauxa.cat\/es\/conciertos\/","title":{"rendered":"Conciertos"},"content":{"rendered":"<section class=\"wpb-content-wrapper\"><p>[vc_row full_width=\u00bbstretch_row_content\u00bb content_placement=\u00bbmiddle\u00bb css=\u00bb.vc_custom_1579263481991{margin-top: -30px !important;background-image: url(https:\/\/discrauxa.cat\/wp-content\/uploads\/concerts-petits.jpg?id=1990) !important;background-position: center !important;background-repeat: no-repeat !important;background-size: cover !important;}\u00bb][vc_column offset=\u00bbvc_hidden-sm vc_hidden-xs\u00bb][vc_row_inner][vc_column_inner width=\u00bb1\/2&#8243;][vc_empty_space height=\u00bb150px\u00bb][vc_column_text css=\u00bb.vc_custom_1583753623970{padding-top: 40px !important;padding-right: 20px !important;padding-bottom: 40px !important;padding-left: 20px !important;background-color: rgba(0,0,0,0.5) !important;*background-color: rgb(0,0,0) !important;}\u00bb]<\/p>\n<h1 style=\"text-align: center;\"><span style=\"color: #ffffff;\">CONCIERTOS PEQUE\u00d1OS<\/span><\/h1>\n<p><span style=\"color: #ffffff;\"><b>Si quer\u00e9is sonorizar a un grupo de peque\u00f1o formato nosotros lo hacemos.<\/b><\/span><\/p>\n<p><span style=\"color: #ffffff;\"><strong>Como peque\u00f1o formato, entendemos grupos de 3\/4 componentes, con micr\u00f3fonos hasta 3 voces. Con un equipo de sonido de 2000W, con luces, efectos de ambientaci\u00f3n<\/strong><\/span><\/p>\n<p><a class=\"fancybox-iframe\" href=\"\/i-contacte.html\">M\u00e1s informaci\u00f3n<\/a>[\/vc_column_text][vc_empty_space height=\u00bb100px\u00bb][\/vc_column_inner][vc_column_inner width=\u00bb1\/2&#8243;][\/vc_column_inner][\/vc_row_inner][\/vc_column][\/vc_row][vc_row full_width=\u00bbstretch_row_content\u00bb content_placement=\u00bbmiddle\u00bb css=\u00bb.vc_custom_1579263481991{margin-top: -30px !important;background-image: url(https:\/\/discrauxa.cat\/wp-content\/uploads\/concerts-petits.jpg?id=1990) !important;background-position: center !important;background-repeat: no-repeat !important;background-size: cover !important;}\u00bb][vc_column offset=\u00bbvc_hidden-lg vc_hidden-md\u00bb][vc_single_image image=\u00bb1990&#8243; img_size=\u00bbfull\u00bb][vc_empty_space][vc_column_text css=\u00bb.vc_custom_1583753634740{padding-top: 40px !important;padding-right: 20px !important;padding-bottom: 40px !important;padding-left: 20px !important;background-color: rgba(0,0,0,0.5) !important;*background-color: rgb(0,0,0) !important;}\u00bb]<\/p>\n<h1 style=\"text-align: center;\"><span style=\"color: #ffffff;\">CONCIERTOS PEQUE\u00d1OS<\/span><\/h1>\n<p><span style=\"color: #ffffff;\"><b>Si quer\u00e9is sonorizar a un grupo de peque\u00f1o formato nosotros lo hacemos.<\/b><\/span><\/p>\n<p><span style=\"color: #ffffff;\"><strong>Como peque\u00f1o formato, entendemos grupos de 3\/4 componentes, con micr\u00f3fonos hasta 3 voces. Con un equipo de sonido de 2000W, con luces, efectos de ambientaci\u00f3n<\/strong><\/span><\/p>\n<p><a class=\"fancybox-iframe\" href=\"\/i-contacte.html\">M\u00e1s informaci\u00f3n<\/a>[\/vc_column_text][vc_empty_space][\/vc_column][\/vc_row][vc_row full_width=\u00bbstretch_row_content\u00bb content_placement=\u00bbmiddle\u00bb css=\u00bb.vc_custom_1579266916704{background-image: url(https:\/\/discrauxa.cat\/wp-content\/uploads\/concert-gran.jpg?id=1992) !important;background-position: center !important;background-repeat: no-repeat !important;background-size: cover !important;}\u00bb][vc_column offset=\u00bbvc_hidden-sm vc_hidden-xs\u00bb][vc_row_inner][vc_column_inner width=\u00bb1\/2&#8243;][\/vc_column_inner][vc_column_inner width=\u00bb1\/2&#8243;][vc_empty_space height=\u00bb150px\u00bb][vc_column_text css=\u00bb.vc_custom_1583753777819{padding-top: 40px !important;padding-right: 20px !important;padding-bottom: 40px !important;padding-left: 20px !important;background-color: rgba(0,0,0,0.5) !important;*background-color: rgb(0,0,0) !important;}\u00bb]<\/p>\n<h1 style=\"text-align: center;\"><span style=\"color: #ffffff;\">CONCIERTO GRANDE<\/span><\/h1>\n<p><span style=\"color: #ffffff;\"><strong>Si lo que quer\u00e9is es sonorizar un concierto de gran formato con m\u00e1s de 5 componentes para la fiesta mayor del pueblo o para una fiesta privada esta es la opci\u00f3n que necesit\u00e1is<\/strong><\/span><\/p>\n<p><span style=\"color: #ffffff;\"><strong>El equipamiento t\u00e9cnico utilizado con altavoces de alta calidad de 6000W, luces led con efectos, monitores para los m\u00fasicos<\/strong><\/span>[\/vc_column_text][vc_empty_space height=\u00bb100px\u00bb][\/vc_column_inner][\/vc_row_inner][\/vc_column][\/vc_row][vc_row full_width=\u00bbstretch_row_content\u00bb content_placement=\u00bbmiddle\u00bb css=\u00bb.vc_custom_1579266916704{background-image: url(https:\/\/discrauxa.cat\/wp-content\/uploads\/concert-gran.jpg?id=1992) !important;background-position: center !important;background-repeat: no-repeat !important;background-size: cover !important;}\u00bb][vc_column offset=\u00bbvc_hidden-lg vc_hidden-md\u00bb][vc_single_image image=\u00bb1992&#8243; img_size=\u00bbfull\u00bb][vc_empty_space][vc_column_text css=\u00bb.vc_custom_1583753790306{padding-top: 40px !important;padding-right: 20px !important;padding-bottom: 40px !important;padding-left: 20px !important;background-color: rgba(0,0,0,0.5) !important;*background-color: rgb(0,0,0) !important;}\u00bb]<\/p>\n<h1 style=\"text-align: center;\"><span style=\"color: #ffffff;\">CONCIERTO GRANDE<\/span><\/h1>\n<p><span style=\"color: #ffffff;\"><strong>Si lo que quer\u00e9is es sonorizar un concierto de gran formato con m\u00e1s de 5 componentes para la fiesta mayor del pueblo o para una fiesta privada esta es la opci\u00f3n que necesit\u00e1is<\/strong><\/span><\/p>\n<p><span style=\"color: #ffffff;\"><strong>El equipamiento t\u00e9cnico utilizado con altavoces de alta calidad de 6000W, luces led con efectos, monitores para los m\u00fasicos<\/strong><\/span>[\/vc_column_text][vc_empty_space][\/vc_column][\/vc_row][vc_row full_width=\u00bbstretch_row_content\u00bb css=\u00bb.vc_custom_1579258289995{padding-top: 40px !important;padding-bottom: 80px !important;background-image: url(https:\/\/discrauxa.cat\/wp-content\/uploads\/websites-with-green-background-6.jpg?id=1510) !important;background-position: center !important;background-repeat: no-repeat !important;background-size: cover !important;}\u00bb][vc_column width=\u00bb1\/3&#8243;][vc_single_image image=\u00bb1435&#8243; img_size=\u00bb500&#215;350&#8243; alignment=\u00bbright\u00bb][\/vc_column][vc_column width=\u00bb2\/3&#8243;][vc_column_text]<span style=\"color: #ffffff;\"><strong>Ahora que ya sabeis qu\u00e9 tipo de conciertos se pueden hacer, ir a ver nuestras opciones a ver qual os encaja m\u00e1s en vuestro concierto.<\/strong><\/span><\/p>\n<p><span style=\"color: #ffffff;\"><strong>O bien dise\u00f1ad el concierto a vuestro gusto, nosotros nos adaptamos a lo que necesit\u00e1is.<\/strong><\/span>[\/vc_column_text][vc_empty_space height=\u00bb20px\u00bb][vc_btn title=\u00bb<b>Dise\u00f1ad vuestro concierto<\/b>\u00bb style=\u00bb3d\u00bb color=\u00bbchino\u00bb align=\u00bbcenter\u00bb button_block=\u00bbtrue\u00bb link=\u00bburl:%2Fes%2Ftarifas-conciertos%2F|title:Conciertos||\u00bb][\/vc_column][\/vc_row][vc_row full_width=\u00bbstretch_row_content\u00bb css=\u00bb.vc_custom_1579260697813{background-image: url(https:\/\/discrauxa.cat\/wp-content\/uploads\/colaboradors.jpg?id=1967) !important;background-position: center !important;background-repeat: no-repeat !important;background-size: cover !important;}\u00bb][vc_column css=\u00bb.vc_custom_1579261801194{background-color: rgba(0,0,0,0.5) !important;*background-color: rgb(0,0,0) !important;}\u00bb][vc_custom_heading text=\u00bbColaboramos con:\u00bb font_container=\u00bbtag:h1|text_align:center|color:%23ffffff\u00bb google_fonts=\u00bbfont_family:Montserrat%3Aregular%2C700|font_style:700%20bold%20regular%3A700%3Anormal\u00bb][vc_row_inner css=\u00bb.vc_custom_1579261843282{background-color: rgba(0,0,0,0.01) !important;*background-color: rgb(0,0,0) !important;}\u00bb][vc_column_inner width=\u00bb1\/4&#8243;][vc_column_text]<\/p>\n<ul>\n<li><strong><span style=\"color: #ffffff;\">Mas Marroch (Girona)<\/span><\/strong><\/li>\n<li><strong><span style=\"color: #ffffff;\">Mas Salvi (Pals)<\/span><\/strong><\/li>\n<li><strong><span style=\"color: #ffffff;\">Hotel Resort la Costa (Pals)<\/span><\/strong><\/li>\n<li><strong><span style=\"color: #ffffff;\">Mas Terrats (Pont\u00f3s)<\/span><\/strong><\/li>\n<\/ul>\n<p>[\/vc_column_text][vc_empty_space][\/vc_column_inner][vc_column_inner width=\u00bb1\/4&#8243;][vc_column_text]<\/p>\n<ul>\n<li><strong><span style=\"color: #ffffff;\">Cortal Gran (Sant Pere Pescador)<\/span><\/strong><\/li>\n<li><strong><span style=\"color: #ffffff;\">Mas Tapioles (Santa Cristina d\u2019Aro)<\/span><\/strong><\/li>\n<li><strong><span style=\"color: #ffffff;\">Palau lo Mirador (Torroella de Montgr\u00ed)<\/span><\/strong><\/li>\n<li><strong><span style=\"color: #ffffff;\">Ca l\u2019Enric (La Vall de Bianya)<\/span><\/strong><\/li>\n<\/ul>\n<p>[\/vc_column_text][vc_empty_space][\/vc_column_inner][vc_column_inner width=\u00bb1\/4&#8243;][vc_column_text]<\/p>\n<ul>\n<li><strong><span style=\"color: #ffffff;\">Hotel S\u2019agar\u00f3 (S\u2019agar\u00f3)<\/span><\/strong><\/li>\n<li><strong><span style=\"color: #ffffff;\">L\u2019Arcada de Fares (Fares)<\/span><\/strong><\/li>\n<li><strong><span style=\"color: #ffffff;\">Hotel Hostalillo (Tamariu)<\/span><\/strong><\/li>\n<li><strong><span style=\"color: #ffffff;\">Hotel Eden Roc (Sant Feliu de Gu\u00edxols)<\/span><\/strong><\/li>\n<\/ul>\n<p>[\/vc_column_text][vc_empty_space][\/vc_column_inner][vc_column_inner width=\u00bb1\/4&#8243;][vc_column_text]<\/p>\n<ul>\n<li><strong><span style=\"color: #ffffff;\">Mas Mauri (Esclany\u00e0)<\/span><\/strong><\/li>\n<li><strong><span style=\"color: #ffffff;\">Mas Oliveres (Llers)<\/span><\/strong><\/li>\n<li><strong><span style=\"color: #ffffff;\">El Mariner (Sant Pau de Seg\u00faries)<\/span><\/strong><\/li>\n<li><strong><span style=\"color: #ffffff;\">Hotel Costa Brava (Platja d\u2019Aro)<\/span><\/strong><\/li>\n<\/ul>\n<p>[\/vc_column_text][vc_empty_space][\/vc_column_inner][\/vc_row_inner][vc_btn title=\u00bb<strong>M\u00e1s espacios con quien colaboramos<\/strong>\u00bb style=\u00bb3d\u00bb size=\u00bblg\u00bb align=\u00bbcenter\u00bb button_block=\u00bbtrue\u00bb link=\u00bburl:%2Fes%2Fdiscrauxa-ha-trabajado-y-colaborado-a%2F|title:Hemos%20actuado%20y%20colaborado%20a||\u00bb][vc_empty_space][\/vc_column][\/vc_row]<\/p>\n<\/section>","protected":false},"excerpt":{"rendered":"<p>[vc_row full_width=\u00bbstretch_row_content\u00bb content_placement=\u00bbmiddle\u00bb css=\u00bb.vc_custom_1579263481991{margin-top: -30px !important;background-image: url(https:\/\/discrauxa.cat\/wp-content\/uploads\/concerts-petits.jpg?id=1990) !important;background-position: center !important;background-repeat: no-repeat !important;background-size: cover !important;}\u00bb][vc_column offset=\u00bbvc_hidden-sm vc_hidden-xs\u00bb][vc_row_inner][vc_column_inner width=\u00bb1\/2&#8243;][vc_empty_space height=\u00bb150px\u00bb][vc_column_text css=\u00bb.vc_custom_1583753623970{padding-top: 40px !important;padding-right: 20px !important;padding-bottom: 40px !important;padding-left: 20px<span class=\"excerpt-hellip\"> [\u2026]<\/span><\/p>\n","protected":false},"author":1,"featured_media":0,"parent":0,"menu_order":0,"comment_status":"closed","ping_status":"closed","template":"","meta":{"footnotes":""},"class_list":["post-2714","page","type-page","status-publish","hentry"],"yoast_head":"<!-- This site is optimized with the Yoast SEO plugin v27.3 - https:\/\/yoast.com\/product\/yoast-seo-wordpress\/ -->\n<title>Sonido y luz para conciertos, sonorizaci\u00f3n - DiscRauxa Discom\u00f2bil Girona<\/title>\n<meta name=\"description\" content=\"DiscRauxa Discom\u00f2bil hace sonorizaci\u00f3n e iluminacion de conciertos, sonido y luz profesional. Tambi\u00e9n se ofrece la sonorizaci\u00f3n del concierto como t\u00e9cnico de sonido\" \/>\n<meta name=\"robots\" content=\"index, follow, max-snippet:-1, max-image-preview:large, max-video-preview:-1\" \/>\n<link rel=\"canonical\" href=\"https:\/\/discrauxa.cat\/es\/conciertos\/\" \/>\n<meta property=\"og:locale\" content=\"es_ES\" \/>\n<meta property=\"og:type\" content=\"article\" \/>\n<meta property=\"og:title\" content=\"Sonido y luz para conciertos, sonorizaci\u00f3n - DiscRauxa Discom\u00f2bil Girona\" \/>\n<meta property=\"og:description\" content=\"DiscRauxa Discom\u00f2bil hace sonorizaci\u00f3n e iluminacion de conciertos, sonido y luz profesional. Tambi\u00e9n se ofrece la sonorizaci\u00f3n del concierto como t\u00e9cnico de sonido\" \/>\n<meta property=\"og:url\" content=\"https:\/\/discrauxa.cat\/es\/conciertos\/\" \/>\n<meta property=\"og:site_name\" content=\"DiscRauxa Discom\u00f2bil, Concerts i Events\" \/>\n<meta property=\"article:modified_time\" content=\"2026-02-14T13:00:49+00:00\" \/>\n<meta name=\"twitter:card\" content=\"summary_large_image\" \/>\n<meta name=\"twitter:label1\" content=\"Tiempo de lectura\" \/>\n\t<meta name=\"twitter:data1\" content=\"4 minutos\" \/>\n<script type=\"application\/ld+json\" class=\"yoast-schema-graph\">{\"@context\":\"https:\\\/\\\/schema.org\",\"@graph\":[{\"@type\":\"WebPage\",\"@id\":\"https:\\\/\\\/discrauxa.cat\\\/es\\\/conciertos\\\/\",\"url\":\"https:\\\/\\\/discrauxa.cat\\\/es\\\/conciertos\\\/\",\"name\":\"Sonido y luz para conciertos, sonorizaci\u00f3n - DiscRauxa Discom\u00f2bil Girona\",\"isPartOf\":{\"@id\":\"https:\\\/\\\/discrauxa.cat\\\/#website\"},\"datePublished\":\"2020-01-17T12:24:46+00:00\",\"dateModified\":\"2026-02-14T13:00:49+00:00\",\"description\":\"DiscRauxa Discom\u00f2bil hace sonorizaci\u00f3n e iluminacion de conciertos, sonido y luz profesional. Tambi\u00e9n se ofrece la sonorizaci\u00f3n del concierto como t\u00e9cnico de sonido\",\"breadcrumb\":{\"@id\":\"https:\\\/\\\/discrauxa.cat\\\/es\\\/conciertos\\\/#breadcrumb\"},\"inLanguage\":\"es\",\"potentialAction\":[{\"@type\":\"ReadAction\",\"target\":[\"https:\\\/\\\/discrauxa.cat\\\/es\\\/conciertos\\\/\"]}]},{\"@type\":\"BreadcrumbList\",\"@id\":\"https:\\\/\\\/discrauxa.cat\\\/es\\\/conciertos\\\/#breadcrumb\",\"itemListElement\":[{\"@type\":\"ListItem\",\"position\":1,\"name\":\"Inici\",\"item\":\"https:\\\/\\\/discrauxa.cat\\\/es\\\/\"},{\"@type\":\"ListItem\",\"position\":2,\"name\":\"Conciertos\"}]},{\"@type\":\"WebSite\",\"@id\":\"https:\\\/\\\/discrauxa.cat\\\/#website\",\"url\":\"https:\\\/\\\/discrauxa.cat\\\/\",\"name\":\"DiscRauxa Discom\u00f2bil, Concerts i Events\",\"description\":\"Discom\u00f2bil, Concerts i Events per a casaments, festes, events\",\"potentialAction\":[{\"@type\":\"SearchAction\",\"target\":{\"@type\":\"EntryPoint\",\"urlTemplate\":\"https:\\\/\\\/discrauxa.cat\\\/?s={search_term_string}\"},\"query-input\":{\"@type\":\"PropertyValueSpecification\",\"valueRequired\":true,\"valueName\":\"search_term_string\"}}],\"inLanguage\":\"es\"}]}<\/script>\n<!-- \/ Yoast SEO plugin. -->","yoast_head_json":{"title":"Sonido y luz para conciertos, sonorizaci\u00f3n - DiscRauxa Discom\u00f2bil Girona","description":"DiscRauxa Discom\u00f2bil hace sonorizaci\u00f3n e iluminacion de conciertos, sonido y luz profesional. Tambi\u00e9n se ofrece la sonorizaci\u00f3n del concierto como t\u00e9cnico de sonido","robots":{"index":"index","follow":"follow","max-snippet":"max-snippet:-1","max-image-preview":"max-image-preview:large","max-video-preview":"max-video-preview:-1"},"canonical":"https:\/\/discrauxa.cat\/es\/conciertos\/","og_locale":"es_ES","og_type":"article","og_title":"Sonido y luz para conciertos, sonorizaci\u00f3n - DiscRauxa Discom\u00f2bil Girona","og_description":"DiscRauxa Discom\u00f2bil hace sonorizaci\u00f3n e iluminacion de conciertos, sonido y luz profesional. Tambi\u00e9n se ofrece la sonorizaci\u00f3n del concierto como t\u00e9cnico de sonido","og_url":"https:\/\/discrauxa.cat\/es\/conciertos\/","og_site_name":"DiscRauxa Discom\u00f2bil, Concerts i Events","article_modified_time":"2026-02-14T13:00:49+00:00","twitter_card":"summary_large_image","twitter_misc":{"Tiempo de lectura":"4 minutos"},"schema":{"@context":"https:\/\/schema.org","@graph":[{"@type":"WebPage","@id":"https:\/\/discrauxa.cat\/es\/conciertos\/","url":"https:\/\/discrauxa.cat\/es\/conciertos\/","name":"Sonido y luz para conciertos, sonorizaci\u00f3n - DiscRauxa Discom\u00f2bil Girona","isPartOf":{"@id":"https:\/\/discrauxa.cat\/#website"},"datePublished":"2020-01-17T12:24:46+00:00","dateModified":"2026-02-14T13:00:49+00:00","description":"DiscRauxa Discom\u00f2bil hace sonorizaci\u00f3n e iluminacion de conciertos, sonido y luz profesional. Tambi\u00e9n se ofrece la sonorizaci\u00f3n del concierto como t\u00e9cnico de sonido","breadcrumb":{"@id":"https:\/\/discrauxa.cat\/es\/conciertos\/#breadcrumb"},"inLanguage":"es","potentialAction":[{"@type":"ReadAction","target":["https:\/\/discrauxa.cat\/es\/conciertos\/"]}]},{"@type":"BreadcrumbList","@id":"https:\/\/discrauxa.cat\/es\/conciertos\/#breadcrumb","itemListElement":[{"@type":"ListItem","position":1,"name":"Inici","item":"https:\/\/discrauxa.cat\/es\/"},{"@type":"ListItem","position":2,"name":"Conciertos"}]},{"@type":"WebSite","@id":"https:\/\/discrauxa.cat\/#website","url":"https:\/\/discrauxa.cat\/","name":"DiscRauxa Discom\u00f2bil, Concerts i Events","description":"Discom\u00f2bil, Concerts i Events per a casaments, festes, events","potentialAction":[{"@type":"SearchAction","target":{"@type":"EntryPoint","urlTemplate":"https:\/\/discrauxa.cat\/?s={search_term_string}"},"query-input":{"@type":"PropertyValueSpecification","valueRequired":true,"valueName":"search_term_string"}}],"inLanguage":"es"}]}},"_links":{"self":[{"href":"https:\/\/discrauxa.cat\/es\/wp-json\/wp\/v2\/pages\/2714","targetHints":{"allow":["GET"]}}],"collection":[{"href":"https:\/\/discrauxa.cat\/es\/wp-json\/wp\/v2\/pages"}],"about":[{"href":"https:\/\/discrauxa.cat\/es\/wp-json\/wp\/v2\/types\/page"}],"author":[{"embeddable":true,"href":"https:\/\/discrauxa.cat\/es\/wp-json\/wp\/v2\/users\/1"}],"replies":[{"embeddable":true,"href":"https:\/\/discrauxa.cat\/es\/wp-json\/wp\/v2\/comments?post=2714"}],"version-history":[{"count":8,"href":"https:\/\/discrauxa.cat\/es\/wp-json\/wp\/v2\/pages\/2714\/revisions"}],"predecessor-version":[{"id":3466,"href":"https:\/\/discrauxa.cat\/es\/wp-json\/wp\/v2\/pages\/2714\/revisions\/3466"}],"wp:attachment":[{"href":"https:\/\/discrauxa.cat\/es\/wp-json\/wp\/v2\/media?parent=2714"}],"curies":[{"name":"wp","href":"https:\/\/api.w.org\/{rel}","templated":true}]}}