{"id":2713,"date":"2019-11-28T18:02:52","date_gmt":"2019-11-28T16:02:52","guid":{"rendered":"https:\/\/discrauxa.cat\/discjoquei\/"},"modified":"2022-05-15T00:58:53","modified_gmt":"2022-05-14T22:58:53","slug":"discjoquei","status":"publish","type":"page","link":"https:\/\/discrauxa.cat\/es\/discjoquei\/","title":{"rendered":"Discjoquei"},"content":{"rendered":"<section class=\"wpb-content-wrapper\"><p>[vc_row css=\u00bb.vc_custom_1579185881099{background-position: center !important;background-repeat: no-repeat !important;background-size: contain !important;}\u00bb][vc_column][vc_custom_heading text=\u00bbM\u00fasico y artista como discjoquei\u00bb font_container=\u00bbtag:h2|text_align:center\u00bb google_fonts=\u00bbfont_family:Montserrat%3Aregular%2C700|font_style:400%20regular%3A400%3Anormal\u00bb][vc_row_inner][vc_column_inner width=\u00bb1\/2&#8243;][vc_column_text]<\/p>\n<div class=\"vc_row wpb_row vc_row-fluid\">\n<div class=\"wpb_column vc_column_container vc_col-sm-9\">\n<div class=\"vc_column-inner \">\n<div class=\"wpb_wrapper\">\n<div class=\"wpb_text_column wpb_content_element \">\n<div class=\"wpb_wrapper\">\n<p>A los 7 a\u00f1os inicio la carrera musical. Primero con <strong> el piano, despu\u00e9s con el acorde\u00f3n y la gralla <\/strong>.<br \/>\nEstas habilidades se complementan con estudios de composici\u00f3n musical m\u00e1s tarde.<br \/>\nA partir de 1992empiezo a hacer mis recopil\u00b7lacions con cassettes de todo lo que iba sonando el momento por la radio. Estas recopil\u00b7lacions se fueron ampliando con la compra progresiva de recopil\u00b7lacions en CD <strong> especializadas con m\u00fasica de baile <\/strong>.<br \/>\nEn el a\u00f1o 1995 llega el primer ordenador en casa con el que, a base de loops de cds que ten\u00eda y grabaciones dom\u00e9sticas del piano me inici\u00e9 en la producci\u00f3n musical.<\/p>\n<\/div>\n<\/div>\n<\/div>\n<\/div>\n<\/div>\n<\/div>\n<div class=\"vc_row wpb_row vc_row-fluid\">\n<div class=\"wpb_column vc_column_container vc_col-sm-9\">\n<div class=\"vc_column-inner \">\n<div class=\"wpb_wrapper\">\n<div class=\"wpb_text_column wpb_content_element \">\n<div class=\"wpb_wrapper\">\n<p>Al mismo tiempo aprendo a hacer \u00ab<em> Megamix <\/em>\u00ab, todo copiando los que sonaban en las radios y CD.<br \/>\nEstas habilidades me llevaron con <strong> s\u00f3lo 14 a\u00f1os iniciar mi carrera como dj profesional <\/strong>.<\/p>\n<\/div>\n<\/div>\n<\/div>\n<\/div>\n<\/div>\n<\/div>\n<p>[\/vc_column_text][vc_single_image image=\u00bb1425&#8243; img_size=\u00bb400&#215;300&#8243; style=\u00bbvc_box_rounded\u00bb css=\u00bb.vc_custom_1652569099107{padding-top: 60px !important;padding-bottom: 60px !important;}\u00bb][vc_column_text]<\/p>\n<div class=\"vc_row wpb_row vc_row-fluid\">\n<div class=\"wpb_column vc_column_container vc_col-sm-9\">\n<div class=\"vc_column-inner \">\n<div class=\"wpb_wrapper\">\n<div class=\"wpb_text_column wpb_content_element \">\n<div class=\"wpb_wrapper\"><\/div>\n<\/div>\n<\/div>\n<\/div>\n<\/div>\n<\/div>\n<div class=\"vc_row wpb_row vc_row-fluid\">\n<div class=\"wpb_column vc_column_container vc_col-sm-9\">\n<div class=\"vc_column-inner \">\n<div class=\"wpb_wrapper\">\n<div class=\"wpb_text_column wpb_content_element \">\n<div class=\"wpb_wrapper\">\n<p>Desde entonces he ido haciendo <strong> sets de dj por Catalu\u00f1a <\/strong> en varias salas importantes, ya como dj invitado y como dj residente, en Fiestas Mayores, bodas y discom\u00f3viles, Cenas de empresa, fiestas privadas, <strong> adoptando as\u00ed un perfil de dj muy gen\u00e9rico, que tanto va desde los cl\u00e1sicos de los 60 y 70, pasando por m\u00fasica alternativa y \u00abtodo los \u00e9xitos\u00bb comerciales actuales <\/strong> para todos los p\u00fablicos <strong>. <\/strong><\/p>\n<\/div>\n<\/div>\n<\/div>\n<\/div>\n<\/div>\n<\/div>\n<div class=\"vc_row wpb_row vc_row-fluid\">\n<div class=\"wpb_column vc_column_container vc_col-sm-9\">\n<div class=\"vc_column-inner \">\n<div class=\"wpb_wrapper\">\n<div class=\"wpb_text_column wpb_content_element \">\n<div class=\"wpb_wrapper\">\n<p>Simult\u00e1neamente, varias producciones musicales (propias y remix) han sonado a mis sets, al tiempo que algunas est\u00e1n publicadas en internet.<\/p>\n<\/div>\n<\/div>\n<\/div>\n<\/div>\n<\/div>\n<\/div>\n<div class=\"vc_row wpb_row vc_row-fluid\">\n<div class=\"wpb_column vc_column_container vc_col-sm-12\">\n<div class=\"vc_column-inner \">\n<div class=\"wpb_wrapper\">\n<div class=\"wpb_text_column wpb_content_element \">\n<div class=\"wpb_wrapper\">\n<p>Listado de producciones propias y remezclas hechas por m\u00ed.<\/p>\n<\/div>\n<\/div>\n<\/div>\n<\/div>\n<\/div>\n<\/div>\n<p>[\/vc_column_text][\/vc_column_inner][vc_column_inner width=\u00bb1\/2&#8243;][vc_raw_html]JTVCaW5zdGFncmFtLWZlZWQlMjBmZWVkJTNEMSU1RA==[\/vc_raw_html][vc_raw_html css=\u00bb.vc_custom_1586707920673{padding-top: 20px !important;padding-right: 20px !important;padding-bottom: 20px !important;padding-left: 20px !important;}\u00bb]JTNDaWZyYW1lJTIwd2lkdGglM0QlMjIxMDAlMjUlMjIlMjBoZWlnaHQlM0QlMjI0NTAlMjIlMjBzY3JvbGxpbmclM0QlMjJubyUyMiUyMGZyYW1lYm9yZGVyJTNEJTIybm8lMjIlMjBzcmMlM0QlMjJodHRwcyUzQSUyRiUyRnd3dy5yZXZlcmJuYXRpb24uY29tJTJGd2lkZ2V0X2NvZGUlMkZodG1sX3dpZGdldCUyRmFydGlzdF8zNDU5NzglM0Z3aWRnZXRfaWQlM0Q1NSUyNnB3YyU1QmluY2x1ZGVkX3NvbmdzJTVEJTNEMSUyNmNvbnRleHRfdHlwZSUzRHBhZ2Vfb2JqZWN0JTI2c3BvaWQlM0RhcnRpc3RfMzQ1OTc4JTIyJTIwc3R5bGUlM0QlMjJ3aWR0aCUzQTBweCUzQm1pbi13aWR0aCUzQTEwMCUyNSUzQm1heC13aWR0aCUzQTEwMCUyNSUzQiUyMiUzRSUzQyUyRmlmcmFtZSUzRQ==[\/vc_raw_html][\/vc_column_inner][\/vc_row_inner][\/vc_column][\/vc_row][vc_row][vc_column][vc_empty_space][vc_btn title=\u00bb<b>Contrataci\u00f3n<\/b>\u00bb style=\u00bb3d\u00bb color=\u00bbgreen\u00bb align=\u00bbcenter\u00bb button_block=\u00bbtrue\u00bb link=\u00bburl:%2Fes%2Fcontacto%2F|title:Contacto\u00bb][vc_empty_space][vc_row_inner][vc_column_inner width=\u00bb1\/2&#8243;][vc_custom_heading text=\u00bbFacebook\u00bb font_container=\u00bbtag:h2|text_align:center\u00bb google_fonts=\u00bbfont_family:Montserrat%3Aregular%2C700|font_style:400%20regular%3A400%3Anormal\u00bb][vc_raw_html]JTNDaWZyYW1lJTIwc3JjJTNEJTIyaHR0cHMlM0ElMkYlMkZ3d3cuZmFjZWJvb2suY29tJTJGcGx1Z2lucyUyRnBhZ2UucGhwJTNGaHJlZiUzRGh0dHBzJTI1M0ElMjUyRiUyNTJGd3d3LmZhY2Vib29rLmNvbSUyNTJGam91ZGlzY29tb2JpbCUyNnRhYnMlM0R0aW1lbGluZSUyNndpZHRoJTNENTAwJTI2aGVpZ2h0JTNEODAwJTI2c21hbGxfaGVhZGVyJTNEZmFsc2UlMjZhZGFwdF9jb250YWluZXJfd2lkdGglM0R0cnVlJTI2aGlkZV9jb3ZlciUzRGZhbHNlJTI2c2hvd19mYWNlcGlsZSUzRHRydWUlMjZhcHBJZCUzRDEzNzg4MzY0MzIzOTAxMTglMjIlMjB3aWR0aCUzRCUyMjUwMCUyMiUyMGhlaWdodCUzRCUyMjgwMCUyMiUyMHN0eWxlJTNEJTIyYm9yZGVyJTNBbm9uZSUzQm92ZXJmbG93JTNBaGlkZGVuJTIyJTIwc2Nyb2xsaW5nJTNEJTIybm8lMjIlMjBmcmFtZWJvcmRlciUzRCUyMjAlMjIlMjBhbGxvd1RyYW5zcGFyZW5jeSUzRCUyMnRydWUlMjIlMjBhbGxvdyUzRCUyMmVuY3J5cHRlZC1tZWRpYSUyMiUzRSUzQyUyRmlmcmFtZSUzRQ==[\/vc_raw_html][\/vc_column_inner][vc_column_inner width=\u00bb1\/2&#8243;][vc_custom_heading text=\u00bbMixcloud\u00bb font_container=\u00bbtag:h2|text_align:center\u00bb google_fonts=\u00bbfont_family:Montserrat%3Aregular%2C700|font_style:400%20regular%3A400%3Anormal\u00bb][vc_raw_html]JTNDaWZyYW1lJTIwd2lkdGglM0QlMjIxMDAlMjUlMjIlMjBoZWlnaHQlM0QlMjIxMjAlMjIlMjBzcmMlM0QlMjJodHRwcyUzQSUyRiUyRnd3dy5taXhjbG91ZC5jb20lMkZ3aWRnZXQlMkZpZnJhbWUlMkYlM0ZoaWRlX2NvdmVyJTNEMSUyNmZlZWQlM0QlMjUyRkZhbnNLYXJpYnUlMjUyRnNlc3NpJTI1QzMlMjVCMy1yZW1lbWJlci1rYXJpYiUyNUMzJTI1QkElMjUyRiUyMiUyMGZyYW1lYm9yZGVyJTNEJTIyMCUyMiUyMCUzRSUzQyUyRmlmcmFtZSUzRQ==[\/vc_raw_html][vc_raw_html]JTNDaWZyYW1lJTIwd2lkdGglM0QlMjIxMDAlMjUlMjIlMjBoZWlnaHQlM0QlMjIxMjAlMjIlMjBzcmMlM0QlMjJodHRwcyUzQSUyRiUyRnd3dy5taXhjbG91ZC5jb20lMkZ3aWRnZXQlMkZpZnJhbWUlMkYlM0ZoaWRlX2NvdmVyJTNEMSUyNmZlZWQlM0QlMjUyRkZhbnNLYXJpYnUlMjUyRmthcmliJTI1QzMlMjVCQS1yZW1lbWJlciUyNTJGJTIyJTIwZnJhbWVib3JkZXIlM0QlMjIwJTIyJTIwJTNFJTNDJTJGaWZyYW1lJTNF[\/vc_raw_html][vc_raw_html]JTNDaWZyYW1lJTIwd2lkdGglM0QlMjIxMDAlMjUlMjIlMjBoZWlnaHQlM0QlMjIxMjAlMjIlMjBzcmMlM0QlMjJodHRwcyUzQSUyRiUyRnd3dy5taXhjbG91ZC5jb20lMkZ3aWRnZXQlMkZpZnJhbWUlMkYlM0ZoaWRlX2NvdmVyJTNEMSUyNmZlZWQlM0QlMjUyRkZhbnNLYXJpYnUlMjUyRnNlc3NpJTI1QzMlMjVCMy0zLXJlbWVtYmVyLWthcmliJTI1QzMlMjVCQSUyNTJGJTIyJTIwZnJhbWVib3JkZXIlM0QlMjIwJTIyJTIwJTNFJTNDJTJGaWZyYW1lJTNF[\/vc_raw_html][vc_raw_html]JTNDaWZyYW1lJTIwd2lkdGglM0QlMjIxMDAlMjUlMjIlMjBoZWlnaHQlM0QlMjIxMjAlMjIlMjBzcmMlM0QlMjJodHRwcyUzQSUyRiUyRnd3dy5taXhjbG91ZC5jb20lMkZ3aWRnZXQlMkZpZnJhbWUlMkYlM0ZoaWRlX2NvdmVyJTNEMSUyNmxpZ2h0JTNEMSUyNmZlZWQlM0QlMjUyRmpvdXRtJTI1MkYxOTA4MzFfZm0tZ3Jhbm9sbGVycy1ieS1qb3V0bS04Ny10ZW1lcy1lbi0xMTBtaW4tMTI1bWluLXBlci10ZW1hJTI1MkYlMjIlMjBmcmFtZWJvcmRlciUzRCUyMjAlMjIlMjAlM0UlM0MlMkZpZnJhbWUlM0U=[\/vc_raw_html][vc_raw_html]JTNDaWZyYW1lJTIwd2lkdGglM0QlMjIxMDAlMjUlMjIlMjBoZWlnaHQlM0QlMjIxMjAlMjIlMjBzcmMlM0QlMjJodHRwcyUzQSUyRiUyRnd3dy5taXhjbG91ZC5jb20lMkZ3aWRnZXQlMkZpZnJhbWUlMkYlM0ZoaWRlX2NvdmVyJTNEMSUyNmxpZ2h0JTNEMSUyNmZlZWQlM0QlMjUyRmpvdXRtJTI1MkZzZXNzaSUyNUMzJTI1QjMta2FyaWIlMjVDMyUyNUJBLXBlci1qb3UtdC1tLWRlLWxhLWluYXVndXJhY2klMjVDMyUyNUIzLXRlbXBvcmFkYS1lbC02LW9jdHVicmUtMjAwNy1mcmFnbWVudC1kZS1sZXMtMi1hLWxlcy0zaCUyNTJGJTIyJTIwZnJhbWVib3JkZXIlM0QlMjIwJTIyJTIwJTNFJTNDJTJGaWZyYW1lJTNF[\/vc_raw_html][vc_raw_html]JTNDaWZyYW1lJTIwd2lkdGglM0QlMjIxMDAlMjUlMjIlMjBoZWlnaHQlM0QlMjIxMjAlMjIlMjBzcmMlM0QlMjJodHRwcyUzQSUyRiUyRnd3dy5taXhjbG91ZC5jb20lMkZ3aWRnZXQlMkZpZnJhbWUlMkYlM0ZoaWRlX2NvdmVyJTNEMSUyNmxpZ2h0JTNEMSUyNmZlZWQlM0QlMjUyRmpvdXRtJTI1MkZzZXNzaW8tZXNwZWNpYWwtZGUtcm9jay1lbi1jYXRhbCUyNUMzJTI1QTAtZW4tZGlyZWN0ZS1kZWwtMTYtanVueS0yMDE4LWEtMjA0Ni1kaXNjb3RlY2EtcGVyLWpvdS10LW0tZGptcDMlMjUyRiUyMiUyMGZyYW1lYm9yZGVyJTNEJTIyMCUyMiUyMCUzRSUzQyUyRmlmcmFtZSUzRQ==[\/vc_raw_html][\/vc_column_inner][\/vc_row_inner][vc_empty_space][vc_btn title=\u00bb<b>Contrataci\u00f3n<\/b>\u00bb style=\u00bb3d\u00bb color=\u00bbgreen\u00bb align=\u00bbcenter\u00bb button_block=\u00bbtrue\u00bb link=\u00bburl:%2Fes%2Fcontacto%2F|title:Contacto\u00bb][vc_empty_space][vc_empty_space][\/vc_column][\/vc_row]<\/p>\n<\/section>","protected":false},"excerpt":{"rendered":"<p>[vc_row css=\u00bb.vc_custom_1579185881099{background-position: center !important;background-repeat: no-repeat !important;background-size: contain !important;}\u00bb][vc_column][vc_custom_heading text=\u00bbM\u00fasico y artista como discjoquei\u00bb font_container=\u00bbtag:h2|text_align:center\u00bb google_fonts=\u00bbfont_family:Montserrat%3Aregular%2C700|font_style:400%20regular%3A400%3Anormal\u00bb][vc_row_inner][vc_column_inner width=\u00bb1\/2&#8243;][vc_column_text] A los 7 a\u00f1os inicio la carrera musical. Primero con<span class=\"excerpt-hellip\"> [\u2026]<\/span><\/p>\n","protected":false},"author":1,"featured_media":0,"parent":0,"menu_order":0,"comment_status":"closed","ping_status":"closed","template":"","meta":{"footnotes":""},"class_list":["post-2713","page","type-page","status-publish","hentry"],"yoast_head":"<!-- This site is optimized with the Yoast SEO plugin v27.3 - https:\/\/yoast.com\/product\/yoast-seo-wordpress\/ -->\n<title>Discjoquei - DiscRauxa Discom\u00f2bil, Conciertos y Eventos<\/title>\n<meta name=\"description\" content=\"DiscRauxa Discom\u00f2bil ofrece sesiones de DJ profesional con m\u00e1s de 20 a\u00f1os de experiencia en muchos estilos diferentes. Dj deejay profesional\" \/>\n<meta name=\"robots\" content=\"index, follow, max-snippet:-1, max-image-preview:large, max-video-preview:-1\" \/>\n<link rel=\"canonical\" href=\"https:\/\/discrauxa.cat\/es\/discjoquei\/\" \/>\n<meta property=\"og:locale\" content=\"es_ES\" \/>\n<meta property=\"og:type\" content=\"article\" \/>\n<meta property=\"og:title\" content=\"Discjoquei - DiscRauxa Discom\u00f2bil, Conciertos y Eventos\" \/>\n<meta property=\"og:description\" content=\"DiscRauxa Discom\u00f2bil ofrece sesiones de DJ profesional con m\u00e1s de 20 a\u00f1os de experiencia en muchos estilos diferentes. Dj deejay profesional\" \/>\n<meta property=\"og:url\" content=\"https:\/\/discrauxa.cat\/es\/discjoquei\/\" \/>\n<meta property=\"og:site_name\" content=\"DiscRauxa Discom\u00f2bil, Concerts i Events\" \/>\n<meta property=\"article:modified_time\" content=\"2022-05-14T22:58:53+00:00\" \/>\n<meta name=\"twitter:card\" content=\"summary_large_image\" \/>\n<meta name=\"twitter:label1\" content=\"Tiempo de lectura\" \/>\n\t<meta name=\"twitter:data1\" content=\"2 minutos\" \/>\n<script type=\"application\/ld+json\" class=\"yoast-schema-graph\">{\"@context\":\"https:\\\/\\\/schema.org\",\"@graph\":[{\"@type\":\"WebPage\",\"@id\":\"https:\\\/\\\/discrauxa.cat\\\/es\\\/discjoquei\\\/\",\"url\":\"https:\\\/\\\/discrauxa.cat\\\/es\\\/discjoquei\\\/\",\"name\":\"Discjoquei - DiscRauxa Discom\u00f2bil, Conciertos y Eventos\",\"isPartOf\":{\"@id\":\"https:\\\/\\\/discrauxa.cat\\\/#website\"},\"datePublished\":\"2019-11-28T16:02:52+00:00\",\"dateModified\":\"2022-05-14T22:58:53+00:00\",\"description\":\"DiscRauxa Discom\u00f2bil ofrece sesiones de DJ profesional con m\u00e1s de 20 a\u00f1os de experiencia en muchos estilos diferentes. Dj deejay profesional\",\"breadcrumb\":{\"@id\":\"https:\\\/\\\/discrauxa.cat\\\/es\\\/discjoquei\\\/#breadcrumb\"},\"inLanguage\":\"es\",\"potentialAction\":[{\"@type\":\"ReadAction\",\"target\":[\"https:\\\/\\\/discrauxa.cat\\\/es\\\/discjoquei\\\/\"]}]},{\"@type\":\"BreadcrumbList\",\"@id\":\"https:\\\/\\\/discrauxa.cat\\\/es\\\/discjoquei\\\/#breadcrumb\",\"itemListElement\":[{\"@type\":\"ListItem\",\"position\":1,\"name\":\"Inici\",\"item\":\"https:\\\/\\\/discrauxa.cat\\\/es\\\/\"},{\"@type\":\"ListItem\",\"position\":2,\"name\":\"Discjoquei\"}]},{\"@type\":\"WebSite\",\"@id\":\"https:\\\/\\\/discrauxa.cat\\\/#website\",\"url\":\"https:\\\/\\\/discrauxa.cat\\\/\",\"name\":\"DiscRauxa Discom\u00f2bil, Concerts i Events\",\"description\":\"Discom\u00f2bil, Concerts i Events per a casaments, festes, events\",\"potentialAction\":[{\"@type\":\"SearchAction\",\"target\":{\"@type\":\"EntryPoint\",\"urlTemplate\":\"https:\\\/\\\/discrauxa.cat\\\/?s={search_term_string}\"},\"query-input\":{\"@type\":\"PropertyValueSpecification\",\"valueRequired\":true,\"valueName\":\"search_term_string\"}}],\"inLanguage\":\"es\"}]}<\/script>\n<!-- \/ Yoast SEO plugin. -->","yoast_head_json":{"title":"Discjoquei - DiscRauxa Discom\u00f2bil, Conciertos y Eventos","description":"DiscRauxa Discom\u00f2bil ofrece sesiones de DJ profesional con m\u00e1s de 20 a\u00f1os de experiencia en muchos estilos diferentes. Dj deejay profesional","robots":{"index":"index","follow":"follow","max-snippet":"max-snippet:-1","max-image-preview":"max-image-preview:large","max-video-preview":"max-video-preview:-1"},"canonical":"https:\/\/discrauxa.cat\/es\/discjoquei\/","og_locale":"es_ES","og_type":"article","og_title":"Discjoquei - DiscRauxa Discom\u00f2bil, Conciertos y Eventos","og_description":"DiscRauxa Discom\u00f2bil ofrece sesiones de DJ profesional con m\u00e1s de 20 a\u00f1os de experiencia en muchos estilos diferentes. Dj deejay profesional","og_url":"https:\/\/discrauxa.cat\/es\/discjoquei\/","og_site_name":"DiscRauxa Discom\u00f2bil, Concerts i Events","article_modified_time":"2022-05-14T22:58:53+00:00","twitter_card":"summary_large_image","twitter_misc":{"Tiempo de lectura":"2 minutos"},"schema":{"@context":"https:\/\/schema.org","@graph":[{"@type":"WebPage","@id":"https:\/\/discrauxa.cat\/es\/discjoquei\/","url":"https:\/\/discrauxa.cat\/es\/discjoquei\/","name":"Discjoquei - DiscRauxa Discom\u00f2bil, Conciertos y Eventos","isPartOf":{"@id":"https:\/\/discrauxa.cat\/#website"},"datePublished":"2019-11-28T16:02:52+00:00","dateModified":"2022-05-14T22:58:53+00:00","description":"DiscRauxa Discom\u00f2bil ofrece sesiones de DJ profesional con m\u00e1s de 20 a\u00f1os de experiencia en muchos estilos diferentes. Dj deejay profesional","breadcrumb":{"@id":"https:\/\/discrauxa.cat\/es\/discjoquei\/#breadcrumb"},"inLanguage":"es","potentialAction":[{"@type":"ReadAction","target":["https:\/\/discrauxa.cat\/es\/discjoquei\/"]}]},{"@type":"BreadcrumbList","@id":"https:\/\/discrauxa.cat\/es\/discjoquei\/#breadcrumb","itemListElement":[{"@type":"ListItem","position":1,"name":"Inici","item":"https:\/\/discrauxa.cat\/es\/"},{"@type":"ListItem","position":2,"name":"Discjoquei"}]},{"@type":"WebSite","@id":"https:\/\/discrauxa.cat\/#website","url":"https:\/\/discrauxa.cat\/","name":"DiscRauxa Discom\u00f2bil, Concerts i Events","description":"Discom\u00f2bil, Concerts i Events per a casaments, festes, events","potentialAction":[{"@type":"SearchAction","target":{"@type":"EntryPoint","urlTemplate":"https:\/\/discrauxa.cat\/?s={search_term_string}"},"query-input":{"@type":"PropertyValueSpecification","valueRequired":true,"valueName":"search_term_string"}}],"inLanguage":"es"}]}},"_links":{"self":[{"href":"https:\/\/discrauxa.cat\/es\/wp-json\/wp\/v2\/pages\/2713","targetHints":{"allow":["GET"]}}],"collection":[{"href":"https:\/\/discrauxa.cat\/es\/wp-json\/wp\/v2\/pages"}],"about":[{"href":"https:\/\/discrauxa.cat\/es\/wp-json\/wp\/v2\/types\/page"}],"author":[{"embeddable":true,"href":"https:\/\/discrauxa.cat\/es\/wp-json\/wp\/v2\/users\/1"}],"replies":[{"embeddable":true,"href":"https:\/\/discrauxa.cat\/es\/wp-json\/wp\/v2\/comments?post=2713"}],"version-history":[{"count":18,"href":"https:\/\/discrauxa.cat\/es\/wp-json\/wp\/v2\/pages\/2713\/revisions"}],"predecessor-version":[{"id":3042,"href":"https:\/\/discrauxa.cat\/es\/wp-json\/wp\/v2\/pages\/2713\/revisions\/3042"}],"wp:attachment":[{"href":"https:\/\/discrauxa.cat\/es\/wp-json\/wp\/v2\/media?parent=2713"}],"curies":[{"name":"wp","href":"https:\/\/api.w.org\/{rel}","templated":true}]}}