{"id":2711,"date":"2020-01-17T12:57:50","date_gmt":"2020-01-17T10:57:50","guid":{"rendered":"https:\/\/discrauxa.cat\/festes\/"},"modified":"2026-02-14T15:00:43","modified_gmt":"2026-02-14T13:00:43","slug":"fiestas","status":"publish","type":"page","link":"https:\/\/discrauxa.cat\/es\/fiestas\/","title":{"rendered":"Eventos y Fiestas: comida y baile"},"content":{"rendered":"<section class=\"wpb-content-wrapper\"><p>[vc_row full_width=\u00bbstretch_row_content\u00bb content_placement=\u00bbmiddle\u00bb css=\u00bb.vc_custom_1579259730462{margin-top: -30px !important;background-image: url(https:\/\/discrauxa.cat\/wp-content\/uploads\/sopar.jpg?id=1979) !important;background-position: center !important;background-repeat: no-repeat !important;background-size: cover !important;}\u00bb][vc_column offset=\u00bbvc_hidden-sm vc_hidden-xs\u00bb][vc_row_inner][vc_column_inner width=\u00bb1\/2&#8243;][vc_empty_space height=\u00bb150px\u00bb][vc_column_text css=\u00bb.vc_custom_1583504506819{padding-top: 40px !important;padding-right: 20px !important;padding-bottom: 40px !important;padding-left: 20px !important;background-color: rgba(0,0,0,0.5) !important;*background-color: rgb(0,0,0) !important;}\u00bb]<\/p>\n<h1 style=\"text-align: center;\"><span style=\"color: #ffffff;\">APERITIVO\/CENA<\/span><\/h1>\n<p><span style=\"color: #ffffff;\"><strong>Durante el aperitivo o cena la m\u00fasica de fondo tambi\u00e9n tiene un gran protagonismo. Durante toda la comida sonar\u00e1 la m\u00fasica que habr\u00e9is elegido, tenemos un gran abanico de listas de m\u00fasica para que elija o cree su lista totalmente personalizada.<\/strong><\/span><\/p>\n<p><span style=\"color: #ffffff;\"><strong>La m\u00fasica de fondo durante la comida, es esencial y sonar\u00e1 a un volumen moderado y adecuado para acompa\u00f1ar, y para los momentos m\u00e1s especiales e importantes sonar\u00e1 m\u00fasica a un volumen m\u00e1s alto que \u00e9sta acompa\u00f1e los momentos que desea destacar. <\/strong><\/span><\/p>\n<p><span style=\"color: #ffffff;\"><strong>En todo momento se dispone de micr\u00f3fono por si se quieren hacer brindis o parlamentos.<\/strong><\/span>[\/vc_column_text][vc_empty_space height=\u00bb100px\u00bb][\/vc_column_inner][vc_column_inner width=\u00bb1\/2&#8243;][\/vc_column_inner][\/vc_row_inner][\/vc_column][\/vc_row][vc_row full_width=\u00bbstretch_row_content\u00bb content_placement=\u00bbmiddle\u00bb css=\u00bb.vc_custom_1579259730462{margin-top: -30px !important;background-image: url(https:\/\/discrauxa.cat\/wp-content\/uploads\/sopar.jpg?id=1979) !important;background-position: center !important;background-repeat: no-repeat !important;background-size: cover !important;}\u00bb][vc_column offset=\u00bbvc_hidden-lg vc_hidden-md\u00bb][vc_single_image image=\u00bb1979&#8243; img_size=\u00bbfull\u00bb][vc_empty_space][vc_column_text css=\u00bb.vc_custom_1583504517231{padding-top: 40px !important;padding-right: 20px !important;padding-bottom: 40px !important;padding-left: 20px !important;background-color: rgba(0,0,0,0.5) !important;*background-color: rgb(0,0,0) !important;}\u00bb]<\/p>\n<h1 style=\"text-align: center;\"><span style=\"color: #ffffff;\">APERITIVO\/CENA<\/span><\/h1>\n<p><span style=\"color: #ffffff;\"><strong>Durante el aperitivo o cena la m\u00fasica de fondo tambi\u00e9n tiene un gran protagonismo. Durante toda la comida sonar\u00e1 la m\u00fasica que habr\u00e9is elegido, tenemos un gran abanico de listas de m\u00fasica para que elija o cree su lista totalmente personalizada.<\/strong><\/span><\/p>\n<p><span style=\"color: #ffffff;\"><strong>La m\u00fasica de fondo durante la comida, es esencial y sonar\u00e1 a un volumen moderado y adecuado para acompa\u00f1ar, y para los momentos m\u00e1s especiales e importantes sonar\u00e1 m\u00fasica a un volumen m\u00e1s alto que \u00e9sta acompa\u00f1e los momentos que desea destacar. <\/strong><\/span><\/p>\n<p><span style=\"color: #ffffff;\"><strong>En todo momento se dispone de micr\u00f3fono por si se quieren hacer brindis o parlamentos.<\/strong><\/span>[\/vc_column_text][vc_empty_space][\/vc_column][\/vc_row][vc_row full_width=\u00bbstretch_row_content\u00bb content_placement=\u00bbmiddle\u00bb css=\u00bb.vc_custom_1579259886383{background-image: url(https:\/\/discrauxa.cat\/wp-content\/uploads\/ball-festa.jpg?id=1981) !important;background-position: center !important;background-repeat: no-repeat !important;background-size: cover !important;}\u00bb][vc_column offset=\u00bbvc_hidden-sm vc_hidden-xs\u00bb][vc_row_inner][vc_column_inner width=\u00bb1\/2&#8243;][\/vc_column_inner][vc_column_inner width=\u00bb1\/2&#8243;][vc_empty_space height=\u00bb150px\u00bb][vc_column_text css=\u00bb.vc_custom_1583504755732{padding-top: 40px !important;padding-right: 20px !important;padding-bottom: 40px !important;padding-left: 20px !important;background-color: rgba(0,0,0,0.5) !important;*background-color: rgb(0,0,0) !important;}\u00bb]<\/p>\n<h1 style=\"text-align: center;\"><span style=\"color: #ffffff;\">BAILE<\/span><\/h1>\n<p><span style=\"color: #ffffff;\"><strong>El baile es una de las partes m\u00e1s esperadas en una fiesta, momento para que pog\u00e1is disfrutar con vuestros invitados de manera m\u00e1s desenfrenada.<\/strong><\/span><\/p>\n<p><span style=\"color: #ffffff;\"><strong>El equipo t\u00e9cnico utilizado con altavoces de alta calidad, luces led con efectos, l\u00e1ser y humo har\u00e1n que la pista de baile sea una aut\u00e9ntica discoteca con un toque moderno y elegante.<\/strong><\/span><\/p>\n<p><span style=\"color: #ffffff;\"><strong>Nuestra experiencia como discjoquei nos da un gran abanico de diferentes estilos de m\u00fasica y experiencia suficiente para mantener animada en todo momento la pista de baile.<\/strong><\/span><\/p>\n<p><span style=\"color: #ffffff;\"><strong>Para que el baile sea perfecto, a las reuniones previas se acuerda el estilo de m\u00fasica y las canciones que quieres que suenen durante el baile. Y si lo desea, los invitados tambi\u00e9n pueden sugerir m\u00fasicas para que la fiesta sea m\u00e1s completa.<\/strong><\/span><\/p>\n<p>[\/vc_column_text][vc_empty_space height=\u00bb100px\u00bb][\/vc_column_inner][\/vc_row_inner][\/vc_column][\/vc_row][vc_row full_width=\u00bbstretch_row_content\u00bb content_placement=\u00bbmiddle\u00bb css=\u00bb.vc_custom_1579259886383{background-image: url(https:\/\/discrauxa.cat\/wp-content\/uploads\/ball-festa.jpg?id=1981) !important;background-position: center !important;background-repeat: no-repeat !important;background-size: cover !important;}\u00bb][vc_column offset=\u00bbvc_hidden-lg vc_hidden-md\u00bb][vc_single_image image=\u00bb1981&#8243; img_size=\u00bbfull\u00bb][vc_empty_space][vc_column_text css=\u00bb.vc_custom_1583504765987{padding-top: 40px !important;padding-right: 20px !important;padding-bottom: 40px !important;padding-left: 20px !important;background-color: rgba(0,0,0,0.5) !important;*background-color: rgb(0,0,0) !important;}\u00bb]<\/p>\n<h1 style=\"text-align: center;\"><span style=\"color: #ffffff;\">BAILE<\/span><\/h1>\n<p><span style=\"color: #ffffff;\"><strong>El baile es una de las partes m\u00e1s esperadas en una fiesta, momento para que pog\u00e1is disfrutar con vuestros invitados de manera m\u00e1s desenfrenada.<\/strong><\/span><\/p>\n<p><span style=\"color: #ffffff;\"><strong>El equipo t\u00e9cnico utilizado con altavoces de alta calidad, luces led con efectos, l\u00e1ser y humo har\u00e1n que la pista de baile sea una aut\u00e9ntica discoteca con un toque moderno y elegante.<\/strong><\/span><\/p>\n<p><span style=\"color: #ffffff;\"><strong>Nuestra experiencia como discjoquei nos da un gran abanico de diferentes estilos de m\u00fasica y experiencia suficiente para mantener animada en todo momento la pista de baile.<\/strong><\/span><\/p>\n<p><span style=\"color: #ffffff;\"><strong>Para que el baile sea perfecto, a las reuniones previas se acuerda el estilo de m\u00fasica y las canciones que quieres que suenen durante el baile. Y si lo desea, los invitados tambi\u00e9n pueden sugerir m\u00fasicas para que la fiesta sea m\u00e1s completa.<\/strong><\/span><\/p>\n<p>[\/vc_column_text][vc_empty_space][\/vc_column][\/vc_row][vc_row full_width=\u00bbstretch_row_content\u00bb css=\u00bb.vc_custom_1579258289995{padding-top: 40px !important;padding-bottom: 80px !important;background-image: url(https:\/\/discrauxa.cat\/wp-content\/uploads\/websites-with-green-background-6.jpg?id=1510) !important;background-position: center !important;background-repeat: no-repeat !important;background-size: cover !important;}\u00bb][vc_column width=\u00bb1\/3&#8243;][vc_single_image image=\u00bb954&#8243; img_size=\u00bb500&#215;350&#8243; alignment=\u00bbright\u00bb][\/vc_column][vc_column width=\u00bb2\/3&#8243;][vc_column_text]<span style=\"color: #ffffff;\"><strong>Ahora que ya sab\u00e9is qu\u00e9 partes tiene una fiesta o evento, ir a ver nuestros packs y mirar qual de nuestras opciones os encaja m\u00e1s para vuestra fiesta. <\/strong><\/span><\/p>\n<p><span style=\"color: #ffffff;\"><strong>O bien dise\u00f1ad la fiesta a vuestro gusto, nosotros nos adaptamos a lo que necesit\u00e1is.<\/strong><\/span>[\/vc_column_text][vc_empty_space height=\u00bb20px\u00bb][vc_btn title=\u00bb<b>Dise\u00f1ad vuestra fiesta<\/b>\u00bb style=\u00bb3d\u00bb color=\u00bbchino\u00bb align=\u00bbcenter\u00bb button_block=\u00bbtrue\u00bb link=\u00bburl:%2Fes%2Ftarifas-eventos%2F|||\u00bb][\/vc_column][\/vc_row][vc_row full_width=\u00bbstretch_row_content\u00bb css=\u00bb.vc_custom_1579260697813{background-image: url(https:\/\/discrauxa.cat\/wp-content\/uploads\/colaboradors.jpg?id=1967) !important;background-position: center !important;background-repeat: no-repeat !important;background-size: cover !important;}\u00bb][vc_column css=\u00bb.vc_custom_1579261801194{background-color: rgba(0,0,0,0.5) !important;*background-color: rgb(0,0,0) !important;}\u00bb][vc_custom_heading text=\u00bbColaboramos con:\u00bb font_container=\u00bbtag:h1|text_align:center|color:%23ffffff\u00bb google_fonts=\u00bbfont_family:Montserrat%3Aregular%2C700|font_style:700%20bold%20regular%3A700%3Anormal\u00bb][vc_row_inner css=\u00bb.vc_custom_1579261843282{background-color: rgba(0,0,0,0.01) !important;*background-color: rgb(0,0,0) !important;}\u00bb][vc_column_inner width=\u00bb1\/4&#8243;][vc_column_text]<\/p>\n<ul>\n<li><strong><span style=\"color: #ffffff;\">Mas Marroch (Girona)<\/span><\/strong><\/li>\n<li><strong><span style=\"color: #ffffff;\">Mas Salvi (Pals)<\/span><\/strong><\/li>\n<li><strong><span style=\"color: #ffffff;\">Hotel Resort la Costa (Pals)<\/span><\/strong><\/li>\n<li><strong><span style=\"color: #ffffff;\">Mas Terrats (Pont\u00f3s)<\/span><\/strong><\/li>\n<\/ul>\n<p>[\/vc_column_text][vc_empty_space][\/vc_column_inner][vc_column_inner width=\u00bb1\/4&#8243;][vc_column_text]<\/p>\n<ul>\n<li><strong><span style=\"color: #ffffff;\">Cortal Gran (Sant Pere Pescador)<\/span><\/strong><\/li>\n<li><strong><span style=\"color: #ffffff;\">Mas Tapioles (Santa Cristina d\u2019Aro)<\/span><\/strong><\/li>\n<li><strong><span style=\"color: #ffffff;\">Palau lo Mirador (Torroella de Montgr\u00ed)<\/span><\/strong><\/li>\n<li><strong><span style=\"color: #ffffff;\">Ca l\u2019Enric (La Vall de Bianya)<\/span><\/strong><\/li>\n<\/ul>\n<p>[\/vc_column_text][vc_empty_space][\/vc_column_inner][vc_column_inner width=\u00bb1\/4&#8243;][vc_column_text]<\/p>\n<ul>\n<li><strong><span style=\"color: #ffffff;\">Hotel S\u2019agar\u00f3 (S\u2019agar\u00f3)<\/span><\/strong><\/li>\n<li><strong><span style=\"color: #ffffff;\">L\u2019Arcada de Fares (Fares)<\/span><\/strong><\/li>\n<li><strong><span style=\"color: #ffffff;\">Hotel Hostalillo (Tamariu)<\/span><\/strong><\/li>\n<li><strong><span style=\"color: #ffffff;\">Hotel Eden Roc (Sant Feliu de Gu\u00edxols)<\/span><\/strong><\/li>\n<\/ul>\n<p>[\/vc_column_text][vc_empty_space][\/vc_column_inner][vc_column_inner width=\u00bb1\/4&#8243;][vc_column_text]<\/p>\n<ul>\n<li><strong><span style=\"color: #ffffff;\">Mas Mauri (Esclany\u00e0)<\/span><\/strong><\/li>\n<li><strong><span style=\"color: #ffffff;\">Mas Oliveres (Llers)<\/span><\/strong><\/li>\n<li><strong><span style=\"color: #ffffff;\">El Mariner (Sant Pau de Seg\u00faries)<\/span><\/strong><\/li>\n<li><strong><span style=\"color: #ffffff;\">Hotel Costa Brava (Platja d\u2019Aro)<\/span><\/strong><\/li>\n<\/ul>\n<p>[\/vc_column_text][vc_empty_space][\/vc_column_inner][\/vc_row_inner][vc_btn title=\u00bb<strong>M\u00e1s espacios con quien colaboramos<\/strong>\u00bb style=\u00bb3d\u00bb size=\u00bblg\u00bb align=\u00bbcenter\u00bb button_block=\u00bbtrue\u00bb link=\u00bburl:https%3A%2F%2Fdiscrauxa.cat%2Fes%2Fdiscrauxa-ha-trabajado-y-colaborado-a%2F|title:Hemos%20actuado%20y%20colaborado%20a||\u00bb][vc_empty_space][\/vc_column][\/vc_row]<\/p>\n<\/section>","protected":false},"excerpt":{"rendered":"<p>[vc_row full_width=\u00bbstretch_row_content\u00bb content_placement=\u00bbmiddle\u00bb css=\u00bb.vc_custom_1579259730462{margin-top: -30px !important;background-image: url(https:\/\/discrauxa.cat\/wp-content\/uploads\/sopar.jpg?id=1979) !important;background-position: center !important;background-repeat: no-repeat !important;background-size: cover !important;}\u00bb][vc_column offset=\u00bbvc_hidden-sm vc_hidden-xs\u00bb][vc_row_inner][vc_column_inner width=\u00bb1\/2&#8243;][vc_empty_space height=\u00bb150px\u00bb][vc_column_text css=\u00bb.vc_custom_1583504506819{padding-top: 40px !important;padding-right: 20px !important;padding-bottom: 40px !important;padding-left: 20px<span class=\"excerpt-hellip\"> [\u2026]<\/span><\/p>\n","protected":false},"author":1,"featured_media":0,"parent":0,"menu_order":0,"comment_status":"closed","ping_status":"closed","template":"","meta":{"footnotes":""},"class_list":["post-2711","page","type-page","status-publish","hentry"],"yoast_head":"<!-- This site is optimized with the Yoast SEO plugin v27.3 - https:\/\/yoast.com\/product\/yoast-seo-wordpress\/ -->\n<title>Discom\u00f3vil para eventos y fiestas - DiscRauxa Discom\u00f2bil Girona<\/title>\n<meta name=\"description\" content=\"DiscRauxa Discom\u00f2bil Girona ofrece m\u00fasica y diversi\u00f3n para eventos y fiestas de adultos e infantiles para ni\u00f1os, cenas de empresa, fiestas de cumplea\u00f1os, karaoke\" \/>\n<meta name=\"robots\" content=\"index, follow, max-snippet:-1, max-image-preview:large, max-video-preview:-1\" \/>\n<link rel=\"canonical\" href=\"https:\/\/discrauxa.cat\/es\/fiestas\/\" \/>\n<meta property=\"og:locale\" content=\"es_ES\" \/>\n<meta property=\"og:type\" content=\"article\" \/>\n<meta property=\"og:title\" content=\"Discom\u00f3vil para eventos y fiestas - DiscRauxa Discom\u00f2bil Girona\" \/>\n<meta property=\"og:description\" content=\"DiscRauxa Discom\u00f2bil Girona ofrece m\u00fasica y diversi\u00f3n para eventos y fiestas de adultos e infantiles para ni\u00f1os, cenas de empresa, fiestas de cumplea\u00f1os, karaoke\" \/>\n<meta property=\"og:url\" content=\"https:\/\/discrauxa.cat\/es\/fiestas\/\" \/>\n<meta property=\"og:site_name\" content=\"DiscRauxa Discom\u00f2bil, Concerts i Events\" \/>\n<meta property=\"article:modified_time\" content=\"2026-02-14T13:00:43+00:00\" \/>\n<meta name=\"twitter:card\" content=\"summary_large_image\" \/>\n<meta name=\"twitter:label1\" content=\"Tiempo de lectura\" \/>\n\t<meta name=\"twitter:data1\" content=\"5 minutos\" \/>\n<script type=\"application\/ld+json\" class=\"yoast-schema-graph\">{\"@context\":\"https:\\\/\\\/schema.org\",\"@graph\":[{\"@type\":\"WebPage\",\"@id\":\"https:\\\/\\\/discrauxa.cat\\\/es\\\/fiestas\\\/\",\"url\":\"https:\\\/\\\/discrauxa.cat\\\/es\\\/fiestas\\\/\",\"name\":\"Discom\u00f3vil para eventos y fiestas - DiscRauxa Discom\u00f2bil Girona\",\"isPartOf\":{\"@id\":\"https:\\\/\\\/discrauxa.cat\\\/#website\"},\"datePublished\":\"2020-01-17T10:57:50+00:00\",\"dateModified\":\"2026-02-14T13:00:43+00:00\",\"description\":\"DiscRauxa Discom\u00f2bil Girona ofrece m\u00fasica y diversi\u00f3n para eventos y fiestas de adultos e infantiles para ni\u00f1os, cenas de empresa, fiestas de cumplea\u00f1os, karaoke\",\"breadcrumb\":{\"@id\":\"https:\\\/\\\/discrauxa.cat\\\/es\\\/fiestas\\\/#breadcrumb\"},\"inLanguage\":\"es\",\"potentialAction\":[{\"@type\":\"ReadAction\",\"target\":[\"https:\\\/\\\/discrauxa.cat\\\/es\\\/fiestas\\\/\"]}]},{\"@type\":\"BreadcrumbList\",\"@id\":\"https:\\\/\\\/discrauxa.cat\\\/es\\\/fiestas\\\/#breadcrumb\",\"itemListElement\":[{\"@type\":\"ListItem\",\"position\":1,\"name\":\"Inici\",\"item\":\"https:\\\/\\\/discrauxa.cat\\\/es\\\/\"},{\"@type\":\"ListItem\",\"position\":2,\"name\":\"Eventos y Fiestas: comida y baile\"}]},{\"@type\":\"WebSite\",\"@id\":\"https:\\\/\\\/discrauxa.cat\\\/#website\",\"url\":\"https:\\\/\\\/discrauxa.cat\\\/\",\"name\":\"DiscRauxa Discom\u00f2bil, Concerts i Events\",\"description\":\"Discom\u00f2bil, Concerts i Events per a casaments, festes, events\",\"potentialAction\":[{\"@type\":\"SearchAction\",\"target\":{\"@type\":\"EntryPoint\",\"urlTemplate\":\"https:\\\/\\\/discrauxa.cat\\\/?s={search_term_string}\"},\"query-input\":{\"@type\":\"PropertyValueSpecification\",\"valueRequired\":true,\"valueName\":\"search_term_string\"}}],\"inLanguage\":\"es\"}]}<\/script>\n<!-- \/ Yoast SEO plugin. -->","yoast_head_json":{"title":"Discom\u00f3vil para eventos y fiestas - DiscRauxa Discom\u00f2bil Girona","description":"DiscRauxa Discom\u00f2bil Girona ofrece m\u00fasica y diversi\u00f3n para eventos y fiestas de adultos e infantiles para ni\u00f1os, cenas de empresa, fiestas de cumplea\u00f1os, karaoke","robots":{"index":"index","follow":"follow","max-snippet":"max-snippet:-1","max-image-preview":"max-image-preview:large","max-video-preview":"max-video-preview:-1"},"canonical":"https:\/\/discrauxa.cat\/es\/fiestas\/","og_locale":"es_ES","og_type":"article","og_title":"Discom\u00f3vil para eventos y fiestas - DiscRauxa Discom\u00f2bil Girona","og_description":"DiscRauxa Discom\u00f2bil Girona ofrece m\u00fasica y diversi\u00f3n para eventos y fiestas de adultos e infantiles para ni\u00f1os, cenas de empresa, fiestas de cumplea\u00f1os, karaoke","og_url":"https:\/\/discrauxa.cat\/es\/fiestas\/","og_site_name":"DiscRauxa Discom\u00f2bil, Concerts i Events","article_modified_time":"2026-02-14T13:00:43+00:00","twitter_card":"summary_large_image","twitter_misc":{"Tiempo de lectura":"5 minutos"},"schema":{"@context":"https:\/\/schema.org","@graph":[{"@type":"WebPage","@id":"https:\/\/discrauxa.cat\/es\/fiestas\/","url":"https:\/\/discrauxa.cat\/es\/fiestas\/","name":"Discom\u00f3vil para eventos y fiestas - DiscRauxa Discom\u00f2bil Girona","isPartOf":{"@id":"https:\/\/discrauxa.cat\/#website"},"datePublished":"2020-01-17T10:57:50+00:00","dateModified":"2026-02-14T13:00:43+00:00","description":"DiscRauxa Discom\u00f2bil Girona ofrece m\u00fasica y diversi\u00f3n para eventos y fiestas de adultos e infantiles para ni\u00f1os, cenas de empresa, fiestas de cumplea\u00f1os, karaoke","breadcrumb":{"@id":"https:\/\/discrauxa.cat\/es\/fiestas\/#breadcrumb"},"inLanguage":"es","potentialAction":[{"@type":"ReadAction","target":["https:\/\/discrauxa.cat\/es\/fiestas\/"]}]},{"@type":"BreadcrumbList","@id":"https:\/\/discrauxa.cat\/es\/fiestas\/#breadcrumb","itemListElement":[{"@type":"ListItem","position":1,"name":"Inici","item":"https:\/\/discrauxa.cat\/es\/"},{"@type":"ListItem","position":2,"name":"Eventos y Fiestas: comida y baile"}]},{"@type":"WebSite","@id":"https:\/\/discrauxa.cat\/#website","url":"https:\/\/discrauxa.cat\/","name":"DiscRauxa Discom\u00f2bil, Concerts i Events","description":"Discom\u00f2bil, Concerts i Events per a casaments, festes, events","potentialAction":[{"@type":"SearchAction","target":{"@type":"EntryPoint","urlTemplate":"https:\/\/discrauxa.cat\/?s={search_term_string}"},"query-input":{"@type":"PropertyValueSpecification","valueRequired":true,"valueName":"search_term_string"}}],"inLanguage":"es"}]}},"_links":{"self":[{"href":"https:\/\/discrauxa.cat\/es\/wp-json\/wp\/v2\/pages\/2711","targetHints":{"allow":["GET"]}}],"collection":[{"href":"https:\/\/discrauxa.cat\/es\/wp-json\/wp\/v2\/pages"}],"about":[{"href":"https:\/\/discrauxa.cat\/es\/wp-json\/wp\/v2\/types\/page"}],"author":[{"embeddable":true,"href":"https:\/\/discrauxa.cat\/es\/wp-json\/wp\/v2\/users\/1"}],"replies":[{"embeddable":true,"href":"https:\/\/discrauxa.cat\/es\/wp-json\/wp\/v2\/comments?post=2711"}],"version-history":[{"count":7,"href":"https:\/\/discrauxa.cat\/es\/wp-json\/wp\/v2\/pages\/2711\/revisions"}],"predecessor-version":[{"id":3465,"href":"https:\/\/discrauxa.cat\/es\/wp-json\/wp\/v2\/pages\/2711\/revisions\/3465"}],"wp:attachment":[{"href":"https:\/\/discrauxa.cat\/es\/wp-json\/wp\/v2\/media?parent=2711"}],"curies":[{"name":"wp","href":"https:\/\/api.w.org\/{rel}","templated":true}]}}