{"id":2707,"date":"2019-05-29T12:04:06","date_gmt":"2019-05-29T10:04:06","guid":{"rendered":"https:\/\/discrauxa.cat\/contacte\/"},"modified":"2026-02-14T13:09:41","modified_gmt":"2026-02-14T11:09:41","slug":"contacto","status":"publish","type":"page","link":"https:\/\/discrauxa.cat\/es\/contacto\/","title":{"rendered":"Contacto"},"content":{"rendered":"","protected":false},"excerpt":{"rendered":"","protected":false},"author":1,"featured_media":0,"parent":0,"menu_order":0,"comment_status":"closed","ping_status":"closed","template":"","meta":{"footnotes":""},"class_list":["post-2707","page","type-page","status-publish","hentry"],"yoast_head":"<!-- This site is optimized with the Yoast SEO plugin v27.3 - https:\/\/yoast.com\/product\/yoast-seo-wordpress\/ -->\n<title>Contacto - DiscRauxa Discom\u00f2bil Girona, conciertos, eventos para bodas<\/title>\n<meta name=\"description\" content=\"Informaci\u00f3n de contacto de DiscRauxa Discom\u00f2bil para bodas, eventos. Tel\u00e9fono: 620868320, correo: info@discrauxa.cat, Direcci\u00f3n: Pals, Girona. Jou Tarrat\" \/>\n<meta name=\"robots\" content=\"index, follow, max-snippet:-1, max-image-preview:large, max-video-preview:-1\" \/>\n<link rel=\"canonical\" href=\"https:\/\/discrauxa.cat\/es\/contacto\/\" \/>\n<meta property=\"og:locale\" content=\"es_ES\" \/>\n<meta property=\"og:type\" content=\"article\" \/>\n<meta property=\"og:title\" content=\"Contacto - DiscRauxa Discom\u00f2bil Girona, conciertos, eventos para bodas\" \/>\n<meta property=\"og:description\" content=\"Informaci\u00f3n de contacto de DiscRauxa Discom\u00f2bil para bodas, eventos. Tel\u00e9fono: 620868320, correo: info@discrauxa.cat, Direcci\u00f3n: Pals, Girona. Jou Tarrat\" \/>\n<meta property=\"og:url\" content=\"https:\/\/discrauxa.cat\/es\/contacto\/\" \/>\n<meta property=\"og:site_name\" content=\"DiscRauxa Discom\u00f2bil, Concerts i Events\" \/>\n<meta property=\"article:modified_time\" content=\"2026-02-14T11:09:41+00:00\" \/>\n<meta name=\"twitter:card\" content=\"summary_large_image\" \/>\n<script type=\"application\/ld+json\" class=\"yoast-schema-graph\">{\"@context\":\"https:\\\/\\\/schema.org\",\"@graph\":[{\"@type\":\"WebPage\",\"@id\":\"https:\\\/\\\/discrauxa.cat\\\/es\\\/contacto\\\/\",\"url\":\"https:\\\/\\\/discrauxa.cat\\\/es\\\/contacto\\\/\",\"name\":\"Contacto - DiscRauxa Discom\u00f2bil Girona, conciertos, eventos para bodas\",\"isPartOf\":{\"@id\":\"https:\\\/\\\/discrauxa.cat\\\/#website\"},\"datePublished\":\"2019-05-29T10:04:06+00:00\",\"dateModified\":\"2026-02-14T11:09:41+00:00\",\"description\":\"Informaci\u00f3n de contacto de DiscRauxa Discom\u00f2bil para bodas, eventos. Tel\u00e9fono: 620868320, correo: info@discrauxa.cat, Direcci\u00f3n: Pals, Girona. Jou Tarrat\",\"breadcrumb\":{\"@id\":\"https:\\\/\\\/discrauxa.cat\\\/es\\\/contacto\\\/#breadcrumb\"},\"inLanguage\":\"es\",\"potentialAction\":[{\"@type\":\"ReadAction\",\"target\":[\"https:\\\/\\\/discrauxa.cat\\\/es\\\/contacto\\\/\"]}]},{\"@type\":\"BreadcrumbList\",\"@id\":\"https:\\\/\\\/discrauxa.cat\\\/es\\\/contacto\\\/#breadcrumb\",\"itemListElement\":[{\"@type\":\"ListItem\",\"position\":1,\"name\":\"Inici\",\"item\":\"https:\\\/\\\/discrauxa.cat\\\/es\\\/\"},{\"@type\":\"ListItem\",\"position\":2,\"name\":\"Contacto\"}]},{\"@type\":\"WebSite\",\"@id\":\"https:\\\/\\\/discrauxa.cat\\\/#website\",\"url\":\"https:\\\/\\\/discrauxa.cat\\\/\",\"name\":\"DiscRauxa Discom\u00f2bil, Concerts i Events\",\"description\":\"Discom\u00f2bil, Concerts i Events per a casaments, festes, events\",\"potentialAction\":[{\"@type\":\"SearchAction\",\"target\":{\"@type\":\"EntryPoint\",\"urlTemplate\":\"https:\\\/\\\/discrauxa.cat\\\/?s={search_term_string}\"},\"query-input\":{\"@type\":\"PropertyValueSpecification\",\"valueRequired\":true,\"valueName\":\"search_term_string\"}}],\"inLanguage\":\"es\"}]}<\/script>\n<!-- \/ Yoast SEO plugin. -->","yoast_head_json":{"title":"Contacto - DiscRauxa Discom\u00f2bil Girona, conciertos, eventos para bodas","description":"Informaci\u00f3n de contacto de DiscRauxa Discom\u00f2bil para bodas, eventos. Tel\u00e9fono: 620868320, correo: info@discrauxa.cat, Direcci\u00f3n: Pals, Girona. Jou Tarrat","robots":{"index":"index","follow":"follow","max-snippet":"max-snippet:-1","max-image-preview":"max-image-preview:large","max-video-preview":"max-video-preview:-1"},"canonical":"https:\/\/discrauxa.cat\/es\/contacto\/","og_locale":"es_ES","og_type":"article","og_title":"Contacto - DiscRauxa Discom\u00f2bil Girona, conciertos, eventos para bodas","og_description":"Informaci\u00f3n de contacto de DiscRauxa Discom\u00f2bil para bodas, eventos. Tel\u00e9fono: 620868320, correo: info@discrauxa.cat, Direcci\u00f3n: Pals, Girona. Jou Tarrat","og_url":"https:\/\/discrauxa.cat\/es\/contacto\/","og_site_name":"DiscRauxa Discom\u00f2bil, Concerts i Events","article_modified_time":"2026-02-14T11:09:41+00:00","twitter_card":"summary_large_image","schema":{"@context":"https:\/\/schema.org","@graph":[{"@type":"WebPage","@id":"https:\/\/discrauxa.cat\/es\/contacto\/","url":"https:\/\/discrauxa.cat\/es\/contacto\/","name":"Contacto - DiscRauxa Discom\u00f2bil Girona, conciertos, eventos para bodas","isPartOf":{"@id":"https:\/\/discrauxa.cat\/#website"},"datePublished":"2019-05-29T10:04:06+00:00","dateModified":"2026-02-14T11:09:41+00:00","description":"Informaci\u00f3n de contacto de DiscRauxa Discom\u00f2bil para bodas, eventos. Tel\u00e9fono: 620868320, correo: info@discrauxa.cat, Direcci\u00f3n: Pals, Girona. Jou Tarrat","breadcrumb":{"@id":"https:\/\/discrauxa.cat\/es\/contacto\/#breadcrumb"},"inLanguage":"es","potentialAction":[{"@type":"ReadAction","target":["https:\/\/discrauxa.cat\/es\/contacto\/"]}]},{"@type":"BreadcrumbList","@id":"https:\/\/discrauxa.cat\/es\/contacto\/#breadcrumb","itemListElement":[{"@type":"ListItem","position":1,"name":"Inici","item":"https:\/\/discrauxa.cat\/es\/"},{"@type":"ListItem","position":2,"name":"Contacto"}]},{"@type":"WebSite","@id":"https:\/\/discrauxa.cat\/#website","url":"https:\/\/discrauxa.cat\/","name":"DiscRauxa Discom\u00f2bil, Concerts i Events","description":"Discom\u00f2bil, Concerts i Events per a casaments, festes, events","potentialAction":[{"@type":"SearchAction","target":{"@type":"EntryPoint","urlTemplate":"https:\/\/discrauxa.cat\/?s={search_term_string}"},"query-input":{"@type":"PropertyValueSpecification","valueRequired":true,"valueName":"search_term_string"}}],"inLanguage":"es"}]}},"_links":{"self":[{"href":"https:\/\/discrauxa.cat\/es\/wp-json\/wp\/v2\/pages\/2707","targetHints":{"allow":["GET"]}}],"collection":[{"href":"https:\/\/discrauxa.cat\/es\/wp-json\/wp\/v2\/pages"}],"about":[{"href":"https:\/\/discrauxa.cat\/es\/wp-json\/wp\/v2\/types\/page"}],"author":[{"embeddable":true,"href":"https:\/\/discrauxa.cat\/es\/wp-json\/wp\/v2\/users\/1"}],"replies":[{"embeddable":true,"href":"https:\/\/discrauxa.cat\/es\/wp-json\/wp\/v2\/comments?post=2707"}],"version-history":[{"count":1,"href":"https:\/\/discrauxa.cat\/es\/wp-json\/wp\/v2\/pages\/2707\/revisions"}],"predecessor-version":[{"id":2710,"href":"https:\/\/discrauxa.cat\/es\/wp-json\/wp\/v2\/pages\/2707\/revisions\/2710"}],"wp:attachment":[{"href":"https:\/\/discrauxa.cat\/es\/wp-json\/wp\/v2\/media?parent=2707"}],"curies":[{"name":"wp","href":"https:\/\/api.w.org\/{rel}","templated":true}]}}