{"id":2705,"date":"2019-11-28T21:06:30","date_gmt":"2019-11-28T19:06:30","guid":{"rendered":"https:\/\/discrauxa.cat\/qui-som\/"},"modified":"2026-02-14T13:51:10","modified_gmt":"2026-02-14T11:51:10","slug":"quien-somos","status":"publish","type":"page","link":"https:\/\/discrauxa.cat\/es\/quien-somos\/","title":{"rendered":"Quienes somos DiscRauxa Discom\u00f2bil Girona"},"content":{"rendered":"<section class=\"wpb-content-wrapper\"><p>[vc_row][vc_column offset=\u00bbvc_hidden-sm vc_hidden-xs\u00bb][vc_row_inner][vc_column_inner width=\u00bb1\/2&#8243;][vc_single_image image=\u00bb1426&#8243; img_size=\u00bbmedium\u00bb][vc_empty_space height=\u00bb30px\u00bb][vc_single_image image=\u00bb3335&#8243; img_size=\u00bbmedium\u00bb][\/vc_column_inner][vc_column_inner width=\u00bb1\/2&#8243;][vc_column_text]<\/p>\n<h6><span style=\"color: #000000;\">DiscRauxa Discom\u00f2bil i Events es una discom\u00f3vil con m\u00e1s de 20 a\u00f1os de experiencia en bodas con todo tipo de m\u00fasica de todas las \u00e9pocas y estilos para hacer de \u00e9stas una aut\u00e9ntica fiesta con tu familia y amigos!<\/span><\/h6>\n<p>&nbsp;<\/p>\n<p><strong>Experiencia<\/strong><\/p>\n<p>DiscRauxa Discom\u00f2bil i Events est\u00e1 dirigida por JoU Tarrat y S\u00edlvia Manzano, Ingenieros y dj residentes de muchas discotecas de referencia del pa\u00eds, como Karib\u00fa, As de Copes, Les Carpes de Vic, Les Teules de Pals y un mont\u00f3n de Fiestas Mayores.<\/p>\n<p><strong>Servicios que ofrece<\/strong><\/p>\n<ul>\n<li>Sonorizaci\u00f3n con m\u00fasica y luces de la ceremonia al baile, con microfonia en todo momento con equipos profesionales.<\/li>\n<li>Proyecciones de video y presentaciones de alta calidad Full HD<\/li>\n<li>Karaoke Profesional con m\u00fasica 100% actual y de todos los estilos<\/li>\n<li>Castillos hinchables para los ni\u00f1os<\/li>\n<\/ul>\n<p><strong>Forma de trabajo<\/strong><\/p>\n<p>DiscRauxa Discom\u00f2bil i Events se adapta de forma din\u00e1mica a vuestras propuestas, dise\u00f1ando siempre la soluci\u00f3n que mejor se adapte a vuestras necesidades y precios, para hacer de vuestro evento un d\u00eda \u00fanico y muy especial.<br \/>\nSiempre se hacen reuniones y visitas previas al lugar de la boda para conseguir un gui\u00f3n que detalle vuestra boda y todo salga a la perfecci\u00f3n.[\/vc_column_text][vc_empty_space][\/vc_column_inner][\/vc_row_inner][vc_empty_space][\/vc_column][\/vc_row][vc_row][vc_column offset=\u00bbvc_hidden-lg vc_hidden-md\u00bb][vc_row_inner][vc_column_inner][vc_single_image image=\u00bb1426&#8243; img_size=\u00bbmedium\u00bb][vc_empty_space height=\u00bb30px\u00bb][vc_column_text]<\/p>\n<h6><span style=\"color: #000000;\">DiscRauxa Discom\u00f2bil i Events es una discom\u00f3vil con m\u00e1s de 20 a\u00f1os de experiencia en bodas con todo tipo de m\u00fasica de todas las \u00e9pocas y estilos para hacer de \u00e9stas una aut\u00e9ntica fiesta con tu familia y amigos!<\/span><\/h6>\n<p>&nbsp;<\/p>\n<p><strong>Experiencia<\/strong><\/p>\n<p>DiscRauxa Discom\u00f2bil i Events est\u00e1 dirigida por JoU Tarrat y S\u00edlvia Manzano, Ingenieros y dj residentes de muchas discotecas de referencia del pa\u00eds, como Karib\u00fa, As de Copes, Les Carpes de Vic, Les Teules de Pals y un mont\u00f3n de Fiestas Mayores.<\/p>\n<p><strong>Servicios que ofrece<\/strong><\/p>\n<ul>\n<li>Sonorizaci\u00f3n con m\u00fasica y luces de la ceremonia al baile, con microfonia en todo momento con equipos profesionales.<\/li>\n<li>Proyecciones de video y presentaciones de alta calidad Full HD<\/li>\n<li>Karaoke Profesional con m\u00fasica 100% actual y de todos los estilos<\/li>\n<li>Castillos hinchables para los ni\u00f1os<\/li>\n<\/ul>\n<p><strong>Forma de trabajo<\/strong><\/p>\n<p>DiscRauxa Discom\u00f2bil i Events se adapta de forma din\u00e1mica a vuestras propuestas, dise\u00f1ando siempre la soluci\u00f3n que mejor se adapte a vuestras necesidades y precios, para hacer de vuestro evento un d\u00eda \u00fanico y muy especial.<br \/>\nSiempre se hacen reuniones y visitas previas al lugar de la boda para conseguir un gui\u00f3n que detalle vuestra boda y todo salga a la perfecci\u00f3n.[\/vc_column_text][vc_empty_space][vc_single_image image=\u00bb3002&#8243; img_size=\u00bbmedium\u00bb][vc_empty_space][\/vc_column_inner][\/vc_row_inner][\/vc_column][\/vc_row][vc_row full_width=\u00bbstretch_row\u00bb css=\u00bb.vc_custom_1586706174877{background-color: #c4c4c4 !important;}\u00bb][vc_column width=\u00bb1\/6&#8243;][\/vc_column][vc_column width=\u00bb2\/3&#8243;][vc_empty_space][vc_column_text]<\/p>\n<div class=\"wpb_text_column wpb_content_element \">\n<div class=\"wpb_wrapper\">\n<h2 style=\"text-align: center;\"><span style=\"color: #000000;\">DECLARACI\u00d3N JURADA<\/span><\/h2>\n<p>&nbsp;<\/p><\/div>\n<\/div>\n<div class=\"vc_empty_space\"><\/div>\n<div class=\"wpb_text_column wpb_content_element \">\n<div class=\"wpb_wrapper\">\n<p>DiscRauxa Discom\u00f2bil ejerce todas sus actividades conforme a la legislaci\u00f3n vigente, haciendo las declaraciones pertinentes trimestralmente a Hacienda y dispone en vigor de todos los seguros que se requieren para ofrecer debidamente sus servicios, as\u00ed como Seguro de Responsabilidad Civil y otros seguros.<\/p>\n<p>Tambi\u00e9n tiene declarados a la Seguridad Social todos los miembros que forman parte del equipo, as\u00ed como de estar al corriente de pago de las obligaciones tributarias con el Estado, Generalitat de Catalunya y la Seguridad Social.<\/p><\/div>\n<\/div>\n<p>[\/vc_column_text][vc_empty_space][\/vc_column][vc_column width=\u00bb1\/6&#8243;][\/vc_column][\/vc_row]<\/p>\n<\/section>","protected":false},"excerpt":{"rendered":"<p>[vc_row][vc_column offset=\u00bbvc_hidden-sm vc_hidden-xs\u00bb][vc_row_inner][vc_column_inner width=\u00bb1\/2&#8243;][vc_single_image image=\u00bb1426&#8243; img_size=\u00bbmedium\u00bb][vc_empty_space height=\u00bb30px\u00bb][vc_single_image image=\u00bb3335&#8243; img_size=\u00bbmedium\u00bb][\/vc_column_inner][vc_column_inner width=\u00bb1\/2&#8243;][vc_column_text] DiscRauxa Discom\u00f2bil i Events es una discom\u00f3vil con m\u00e1s de 20 a\u00f1os de experiencia en bodas<span class=\"excerpt-hellip\"> [\u2026]<\/span><\/p>\n","protected":false},"author":1,"featured_media":0,"parent":0,"menu_order":0,"comment_status":"closed","ping_status":"closed","template":"","meta":{"footnotes":""},"class_list":["post-2705","page","type-page","status-publish","hentry"],"yoast_head":"<!-- This site is optimized with the Yoast SEO plugin v27.2 - https:\/\/yoast.com\/product\/yoast-seo-wordpress\/ -->\n<title>Qui\u00e9nes somos DiscRauxa Discom\u00f2bil Girona<\/title>\n<meta name=\"description\" content=\"DiscRauxa Discom\u00f2bil Girona: empresa de espect\u00e1culos que ofrece sonorizaci\u00f3n, iluminaci\u00f3n y video para bodas, fiestas, convenciones y eventos eventos\" \/>\n<meta name=\"robots\" content=\"index, follow, max-snippet:-1, max-image-preview:large, max-video-preview:-1\" \/>\n<link rel=\"canonical\" href=\"https:\/\/discrauxa.cat\/es\/quien-somos\/\" \/>\n<meta property=\"og:locale\" content=\"es_ES\" \/>\n<meta property=\"og:type\" content=\"article\" \/>\n<meta property=\"og:title\" content=\"Qui\u00e9nes somos DiscRauxa Discom\u00f2bil Girona\" \/>\n<meta property=\"og:description\" content=\"DiscRauxa Discom\u00f2bil Girona: empresa de espect\u00e1culos que ofrece sonorizaci\u00f3n, iluminaci\u00f3n y video para bodas, fiestas, convenciones y eventos eventos\" \/>\n<meta property=\"og:url\" content=\"https:\/\/discrauxa.cat\/es\/quien-somos\/\" \/>\n<meta property=\"og:site_name\" content=\"DiscRauxa Discom\u00f2bil, Concerts i Events\" \/>\n<meta property=\"article:modified_time\" content=\"2026-02-14T11:51:10+00:00\" \/>\n<meta name=\"twitter:card\" content=\"summary_large_image\" \/>\n<meta name=\"twitter:label1\" content=\"Tiempo de lectura\" \/>\n\t<meta name=\"twitter:data1\" content=\"4 minutos\" \/>\n<script type=\"application\/ld+json\" class=\"yoast-schema-graph\">{\"@context\":\"https:\/\/schema.org\",\"@graph\":[{\"@type\":\"WebPage\",\"@id\":\"https:\/\/discrauxa.cat\/es\/quien-somos\/\",\"url\":\"https:\/\/discrauxa.cat\/es\/quien-somos\/\",\"name\":\"Qui\u00e9nes somos DiscRauxa Discom\u00f2bil Girona\",\"isPartOf\":{\"@id\":\"https:\/\/discrauxa.cat\/#website\"},\"datePublished\":\"2019-11-28T19:06:30+00:00\",\"dateModified\":\"2026-02-14T11:51:10+00:00\",\"description\":\"DiscRauxa Discom\u00f2bil Girona: empresa de espect\u00e1culos que ofrece sonorizaci\u00f3n, iluminaci\u00f3n y video para bodas, fiestas, convenciones y eventos eventos\",\"breadcrumb\":{\"@id\":\"https:\/\/discrauxa.cat\/es\/quien-somos\/#breadcrumb\"},\"inLanguage\":\"es\",\"potentialAction\":[{\"@type\":\"ReadAction\",\"target\":[\"https:\/\/discrauxa.cat\/es\/quien-somos\/\"]}]},{\"@type\":\"BreadcrumbList\",\"@id\":\"https:\/\/discrauxa.cat\/es\/quien-somos\/#breadcrumb\",\"itemListElement\":[{\"@type\":\"ListItem\",\"position\":1,\"name\":\"Inici\",\"item\":\"https:\/\/discrauxa.cat\/es\/\"},{\"@type\":\"ListItem\",\"position\":2,\"name\":\"Quienes somos DiscRauxa Discom\u00f2bil Girona\"}]},{\"@type\":\"WebSite\",\"@id\":\"https:\/\/discrauxa.cat\/#website\",\"url\":\"https:\/\/discrauxa.cat\/\",\"name\":\"DiscRauxa Discom\u00f2bil, Concerts i Events\",\"description\":\"Discom\u00f2bil, Concerts i Events per a casaments, festes, events\",\"potentialAction\":[{\"@type\":\"SearchAction\",\"target\":{\"@type\":\"EntryPoint\",\"urlTemplate\":\"https:\/\/discrauxa.cat\/?s={search_term_string}\"},\"query-input\":{\"@type\":\"PropertyValueSpecification\",\"valueRequired\":true,\"valueName\":\"search_term_string\"}}],\"inLanguage\":\"es\"}]}<\/script>\n<!-- \/ Yoast SEO plugin. -->","yoast_head_json":{"title":"Qui\u00e9nes somos DiscRauxa Discom\u00f2bil Girona","description":"DiscRauxa Discom\u00f2bil Girona: empresa de espect\u00e1culos que ofrece sonorizaci\u00f3n, iluminaci\u00f3n y video para bodas, fiestas, convenciones y eventos eventos","robots":{"index":"index","follow":"follow","max-snippet":"max-snippet:-1","max-image-preview":"max-image-preview:large","max-video-preview":"max-video-preview:-1"},"canonical":"https:\/\/discrauxa.cat\/es\/quien-somos\/","og_locale":"es_ES","og_type":"article","og_title":"Qui\u00e9nes somos DiscRauxa Discom\u00f2bil Girona","og_description":"DiscRauxa Discom\u00f2bil Girona: empresa de espect\u00e1culos que ofrece sonorizaci\u00f3n, iluminaci\u00f3n y video para bodas, fiestas, convenciones y eventos eventos","og_url":"https:\/\/discrauxa.cat\/es\/quien-somos\/","og_site_name":"DiscRauxa Discom\u00f2bil, Concerts i Events","article_modified_time":"2026-02-14T11:51:10+00:00","twitter_card":"summary_large_image","twitter_misc":{"Tiempo de lectura":"4 minutos"},"schema":{"@context":"https:\/\/schema.org","@graph":[{"@type":"WebPage","@id":"https:\/\/discrauxa.cat\/es\/quien-somos\/","url":"https:\/\/discrauxa.cat\/es\/quien-somos\/","name":"Qui\u00e9nes somos DiscRauxa Discom\u00f2bil Girona","isPartOf":{"@id":"https:\/\/discrauxa.cat\/#website"},"datePublished":"2019-11-28T19:06:30+00:00","dateModified":"2026-02-14T11:51:10+00:00","description":"DiscRauxa Discom\u00f2bil Girona: empresa de espect\u00e1culos que ofrece sonorizaci\u00f3n, iluminaci\u00f3n y video para bodas, fiestas, convenciones y eventos eventos","breadcrumb":{"@id":"https:\/\/discrauxa.cat\/es\/quien-somos\/#breadcrumb"},"inLanguage":"es","potentialAction":[{"@type":"ReadAction","target":["https:\/\/discrauxa.cat\/es\/quien-somos\/"]}]},{"@type":"BreadcrumbList","@id":"https:\/\/discrauxa.cat\/es\/quien-somos\/#breadcrumb","itemListElement":[{"@type":"ListItem","position":1,"name":"Inici","item":"https:\/\/discrauxa.cat\/es\/"},{"@type":"ListItem","position":2,"name":"Quienes somos DiscRauxa Discom\u00f2bil Girona"}]},{"@type":"WebSite","@id":"https:\/\/discrauxa.cat\/#website","url":"https:\/\/discrauxa.cat\/","name":"DiscRauxa Discom\u00f2bil, Concerts i Events","description":"Discom\u00f2bil, Concerts i Events per a casaments, festes, events","potentialAction":[{"@type":"SearchAction","target":{"@type":"EntryPoint","urlTemplate":"https:\/\/discrauxa.cat\/?s={search_term_string}"},"query-input":{"@type":"PropertyValueSpecification","valueRequired":true,"valueName":"search_term_string"}}],"inLanguage":"es"}]}},"_links":{"self":[{"href":"https:\/\/discrauxa.cat\/es\/wp-json\/wp\/v2\/pages\/2705","targetHints":{"allow":["GET"]}}],"collection":[{"href":"https:\/\/discrauxa.cat\/es\/wp-json\/wp\/v2\/pages"}],"about":[{"href":"https:\/\/discrauxa.cat\/es\/wp-json\/wp\/v2\/types\/page"}],"author":[{"embeddable":true,"href":"https:\/\/discrauxa.cat\/es\/wp-json\/wp\/v2\/users\/1"}],"replies":[{"embeddable":true,"href":"https:\/\/discrauxa.cat\/es\/wp-json\/wp\/v2\/comments?post=2705"}],"version-history":[{"count":11,"href":"https:\/\/discrauxa.cat\/es\/wp-json\/wp\/v2\/pages\/2705\/revisions"}],"predecessor-version":[{"id":3457,"href":"https:\/\/discrauxa.cat\/es\/wp-json\/wp\/v2\/pages\/2705\/revisions\/3457"}],"wp:attachment":[{"href":"https:\/\/discrauxa.cat\/es\/wp-json\/wp\/v2\/media?parent=2705"}],"curies":[{"name":"wp","href":"https:\/\/api.w.org\/{rel}","templated":true}]}}