{"id":2691,"date":"2019-11-21T15:14:21","date_gmt":"2019-11-21T13:14:21","guid":{"rendered":"https:\/\/discrauxa.cat\/guirnaldes\/"},"modified":"2026-02-12T20:04:32","modified_gmt":"2026-02-12T18:04:32","slug":"guirnaldas","status":"publish","type":"page","link":"https:\/\/discrauxa.cat\/es\/guirnaldas\/","title":{"rendered":"Guirnaldas para bodas"},"content":{"rendered":"<section class=\"wpb-content-wrapper\"><p>[vc_row][vc_column][vc_row_inner][vc_column_inner][vc_custom_heading text=\u00bbIlumina tu d\u00eda\u00bb font_container=\u00bbtag:h2|text_align:center\u00bb google_fonts=\u00bbfont_family:Montserrat%3Aregular%2C700|font_style:400%20regular%3A400%3Anormal\u00bb][vc_empty_space][\/vc_column_inner][\/vc_row_inner][vc_row_inner][vc_column_inner width=\u00bb1\/3&#8243;][vc_single_image image=\u00bb1469&#8243; img_size=\u00bbmedium\u00bb alignment=\u00bbcenter\u00bb style=\u00bbvc_box_rounded\u00bb][\/vc_column_inner][vc_column_inner width=\u00bb1\/3&#8243;][vc_column_text]<span style=\"color: #000000;\">Quieres poner luz a tu boda?<\/span><\/p>\n<p>Si te casas en una zona donde hay poca iluminaci\u00f3n y quieres hacer el aperitivo y el banquete nosotros tenemos la soluci\u00f3n para que puedas iluminar el espacio que deseas.<\/p>\n<p><span style=\"color: #000000;\">Tenemos a tu disposici\u00f3n guirnaldas para que puedas iluminar por la parte de arriba, colgadas en farolas, \u00e1rboles, postes &#8230;<\/span><\/p>\n<p><span style=\"color: #000000;\">Tambi\u00e9n tenemos cortina de luces para colocar en \u00faltima los novios, o lo que quieras destacar<\/span>[\/vc_column_text][vc_empty_space][vc_btn title=\u00bb6\u20ac\/m (m\u00ednimo 60m, soportes no incluidos)\u00bb style=\u00bb3d\u00bb color=\u00bbgreen\u00bb align=\u00bbcenter\u00bb][vc_empty_space][\/vc_column_inner][vc_column_inner width=\u00bb1\/3&#8243;][vc_single_image image=\u00bb1225&#8243; img_size=\u00bbmedium\u00bb alignment=\u00bbcenter\u00bb style=\u00bbvc_box_rounded\u00bb][\/vc_column_inner][\/vc_row_inner][\/vc_column][\/vc_row][vc_row][vc_column width=\u00bb1\/3&#8243;][\/vc_column][vc_column width=\u00bb1\/3&#8243;][vc_empty_space][vc_btn title=\u00bbVolver atr\u00e1s\u00bb style=\u00bb3d\u00bb color=\u00bbgreen\u00bb align=\u00bbcenter\u00bb button_block=\u00bbtrue\u00bb link=\u00bburl:%2Fes%2Ftarifas-bodas%2F|title:Discom%C3%B3vil%20para%20Bodas||\u00bb][vc_empty_space][\/vc_column][vc_column width=\u00bb1\/3&#8243;][\/vc_column][\/vc_row]<\/p>\n<\/section>","protected":false},"excerpt":{"rendered":"<p>[vc_row][vc_column][vc_row_inner][vc_column_inner][vc_custom_heading text=\u00bbIlumina tu d\u00eda\u00bb font_container=\u00bbtag:h2|text_align:center\u00bb google_fonts=\u00bbfont_family:Montserrat%3Aregular%2C700|font_style:400%20regular%3A400%3Anormal\u00bb][vc_empty_space][\/vc_column_inner][\/vc_row_inner][vc_row_inner][vc_column_inner width=\u00bb1\/3&#8243;][vc_single_image image=\u00bb1469&#8243; img_size=\u00bbmedium\u00bb alignment=\u00bbcenter\u00bb style=\u00bbvc_box_rounded\u00bb][\/vc_column_inner][vc_column_inner width=\u00bb1\/3&#8243;][vc_column_text]Quieres poner luz a tu boda? Si te casas en una zona donde hay poca<span class=\"excerpt-hellip\"> [\u2026]<\/span><\/p>\n","protected":false},"author":1,"featured_media":0,"parent":0,"menu_order":0,"comment_status":"closed","ping_status":"closed","template":"","meta":{"footnotes":""},"class_list":["post-2691","page","type-page","status-publish","hentry"],"yoast_head":"<!-- This site is optimized with the Yoast SEO plugin v27.3 - https:\/\/yoast.com\/product\/yoast-seo-wordpress\/ -->\n<title>Guirnaldas para bodas y fiestas - DiscRauxa Discom\u00f2bil, Conciertos y Eventos<\/title>\n<meta name=\"description\" content=\"DiscRauxa Discom\u00f2bil ofrece la opci\u00f3n de iluminar tu d\u00eda poniendo guirnaldas en tu boda o fiestas y eventos. Tambi\u00e9n la opci\u00f3n de cortinas de luz\" \/>\n<meta name=\"robots\" content=\"index, follow, max-snippet:-1, max-image-preview:large, max-video-preview:-1\" \/>\n<link rel=\"canonical\" href=\"https:\/\/discrauxa.cat\/es\/guirnaldas\/\" \/>\n<meta property=\"og:locale\" content=\"es_ES\" \/>\n<meta property=\"og:type\" content=\"article\" \/>\n<meta property=\"og:title\" content=\"Guirnaldas para bodas y fiestas - DiscRauxa Discom\u00f2bil, Conciertos y Eventos\" \/>\n<meta property=\"og:description\" content=\"DiscRauxa Discom\u00f2bil ofrece la opci\u00f3n de iluminar tu d\u00eda poniendo guirnaldas en tu boda o fiestas y eventos. Tambi\u00e9n la opci\u00f3n de cortinas de luz\" \/>\n<meta property=\"og:url\" content=\"https:\/\/discrauxa.cat\/es\/guirnaldas\/\" \/>\n<meta property=\"og:site_name\" content=\"DiscRauxa Discom\u00f2bil, Concerts i Events\" \/>\n<meta property=\"article:modified_time\" content=\"2026-02-12T18:04:32+00:00\" \/>\n<meta name=\"twitter:card\" content=\"summary_large_image\" \/>\n<meta name=\"twitter:label1\" content=\"Tiempo de lectura\" \/>\n\t<meta name=\"twitter:data1\" content=\"1 minuto\" \/>\n<script type=\"application\/ld+json\" class=\"yoast-schema-graph\">{\"@context\":\"https:\\\/\\\/schema.org\",\"@graph\":[{\"@type\":\"WebPage\",\"@id\":\"https:\\\/\\\/discrauxa.cat\\\/es\\\/guirnaldas\\\/\",\"url\":\"https:\\\/\\\/discrauxa.cat\\\/es\\\/guirnaldas\\\/\",\"name\":\"Guirnaldas para bodas y fiestas - DiscRauxa Discom\u00f2bil, Conciertos y Eventos\",\"isPartOf\":{\"@id\":\"https:\\\/\\\/discrauxa.cat\\\/#website\"},\"datePublished\":\"2019-11-21T13:14:21+00:00\",\"dateModified\":\"2026-02-12T18:04:32+00:00\",\"description\":\"DiscRauxa Discom\u00f2bil ofrece la opci\u00f3n de iluminar tu d\u00eda poniendo guirnaldas en tu boda o fiestas y eventos. Tambi\u00e9n la opci\u00f3n de cortinas de luz\",\"breadcrumb\":{\"@id\":\"https:\\\/\\\/discrauxa.cat\\\/es\\\/guirnaldas\\\/#breadcrumb\"},\"inLanguage\":\"es\",\"potentialAction\":[{\"@type\":\"ReadAction\",\"target\":[\"https:\\\/\\\/discrauxa.cat\\\/es\\\/guirnaldas\\\/\"]}]},{\"@type\":\"BreadcrumbList\",\"@id\":\"https:\\\/\\\/discrauxa.cat\\\/es\\\/guirnaldas\\\/#breadcrumb\",\"itemListElement\":[{\"@type\":\"ListItem\",\"position\":1,\"name\":\"Inici\",\"item\":\"https:\\\/\\\/discrauxa.cat\\\/es\\\/\"},{\"@type\":\"ListItem\",\"position\":2,\"name\":\"Guirnaldas para bodas\"}]},{\"@type\":\"WebSite\",\"@id\":\"https:\\\/\\\/discrauxa.cat\\\/#website\",\"url\":\"https:\\\/\\\/discrauxa.cat\\\/\",\"name\":\"DiscRauxa Discom\u00f2bil, Concerts i Events\",\"description\":\"Discom\u00f2bil, Concerts i Events per a casaments, festes, events\",\"potentialAction\":[{\"@type\":\"SearchAction\",\"target\":{\"@type\":\"EntryPoint\",\"urlTemplate\":\"https:\\\/\\\/discrauxa.cat\\\/?s={search_term_string}\"},\"query-input\":{\"@type\":\"PropertyValueSpecification\",\"valueRequired\":true,\"valueName\":\"search_term_string\"}}],\"inLanguage\":\"es\"}]}<\/script>\n<!-- \/ Yoast SEO plugin. -->","yoast_head_json":{"title":"Guirnaldas para bodas y fiestas - DiscRauxa Discom\u00f2bil, Conciertos y Eventos","description":"DiscRauxa Discom\u00f2bil ofrece la opci\u00f3n de iluminar tu d\u00eda poniendo guirnaldas en tu boda o fiestas y eventos. Tambi\u00e9n la opci\u00f3n de cortinas de luz","robots":{"index":"index","follow":"follow","max-snippet":"max-snippet:-1","max-image-preview":"max-image-preview:large","max-video-preview":"max-video-preview:-1"},"canonical":"https:\/\/discrauxa.cat\/es\/guirnaldas\/","og_locale":"es_ES","og_type":"article","og_title":"Guirnaldas para bodas y fiestas - DiscRauxa Discom\u00f2bil, Conciertos y Eventos","og_description":"DiscRauxa Discom\u00f2bil ofrece la opci\u00f3n de iluminar tu d\u00eda poniendo guirnaldas en tu boda o fiestas y eventos. Tambi\u00e9n la opci\u00f3n de cortinas de luz","og_url":"https:\/\/discrauxa.cat\/es\/guirnaldas\/","og_site_name":"DiscRauxa Discom\u00f2bil, Concerts i Events","article_modified_time":"2026-02-12T18:04:32+00:00","twitter_card":"summary_large_image","twitter_misc":{"Tiempo de lectura":"1 minuto"},"schema":{"@context":"https:\/\/schema.org","@graph":[{"@type":"WebPage","@id":"https:\/\/discrauxa.cat\/es\/guirnaldas\/","url":"https:\/\/discrauxa.cat\/es\/guirnaldas\/","name":"Guirnaldas para bodas y fiestas - DiscRauxa Discom\u00f2bil, Conciertos y Eventos","isPartOf":{"@id":"https:\/\/discrauxa.cat\/#website"},"datePublished":"2019-11-21T13:14:21+00:00","dateModified":"2026-02-12T18:04:32+00:00","description":"DiscRauxa Discom\u00f2bil ofrece la opci\u00f3n de iluminar tu d\u00eda poniendo guirnaldas en tu boda o fiestas y eventos. Tambi\u00e9n la opci\u00f3n de cortinas de luz","breadcrumb":{"@id":"https:\/\/discrauxa.cat\/es\/guirnaldas\/#breadcrumb"},"inLanguage":"es","potentialAction":[{"@type":"ReadAction","target":["https:\/\/discrauxa.cat\/es\/guirnaldas\/"]}]},{"@type":"BreadcrumbList","@id":"https:\/\/discrauxa.cat\/es\/guirnaldas\/#breadcrumb","itemListElement":[{"@type":"ListItem","position":1,"name":"Inici","item":"https:\/\/discrauxa.cat\/es\/"},{"@type":"ListItem","position":2,"name":"Guirnaldas para bodas"}]},{"@type":"WebSite","@id":"https:\/\/discrauxa.cat\/#website","url":"https:\/\/discrauxa.cat\/","name":"DiscRauxa Discom\u00f2bil, Concerts i Events","description":"Discom\u00f2bil, Concerts i Events per a casaments, festes, events","potentialAction":[{"@type":"SearchAction","target":{"@type":"EntryPoint","urlTemplate":"https:\/\/discrauxa.cat\/?s={search_term_string}"},"query-input":{"@type":"PropertyValueSpecification","valueRequired":true,"valueName":"search_term_string"}}],"inLanguage":"es"}]}},"_links":{"self":[{"href":"https:\/\/discrauxa.cat\/es\/wp-json\/wp\/v2\/pages\/2691","targetHints":{"allow":["GET"]}}],"collection":[{"href":"https:\/\/discrauxa.cat\/es\/wp-json\/wp\/v2\/pages"}],"about":[{"href":"https:\/\/discrauxa.cat\/es\/wp-json\/wp\/v2\/types\/page"}],"author":[{"embeddable":true,"href":"https:\/\/discrauxa.cat\/es\/wp-json\/wp\/v2\/users\/1"}],"replies":[{"embeddable":true,"href":"https:\/\/discrauxa.cat\/es\/wp-json\/wp\/v2\/comments?post=2691"}],"version-history":[{"count":6,"href":"https:\/\/discrauxa.cat\/es\/wp-json\/wp\/v2\/pages\/2691\/revisions"}],"predecessor-version":[{"id":3439,"href":"https:\/\/discrauxa.cat\/es\/wp-json\/wp\/v2\/pages\/2691\/revisions\/3439"}],"wp:attachment":[{"href":"https:\/\/discrauxa.cat\/es\/wp-json\/wp\/v2\/media?parent=2691"}],"curies":[{"name":"wp","href":"https:\/\/api.w.org\/{rel}","templated":true}]}}