{"id":2686,"date":"2019-11-21T15:02:32","date_gmt":"2019-11-21T13:02:32","guid":{"rendered":"https:\/\/discrauxa.cat\/fotomaton\/"},"modified":"2020-03-06T15:12:35","modified_gmt":"2020-03-06T13:12:35","slug":"fotomaton","status":"publish","type":"page","link":"https:\/\/discrauxa.cat\/es\/fotomaton\/","title":{"rendered":"Fotomat\u00f3n y fotos para bodas"},"content":{"rendered":"<section class=\"wpb-content-wrapper\"><p>[vc_row][vc_column][vc_row_inner][vc_column_inner][vc_custom_heading text=\u00bbFotos divertidas con los invitados\u00bb font_container=\u00bbtag:h2|text_align:center\u00bb google_fonts=\u00bbfont_family:Montserrat%3Aregular%2C700|font_style:400%20regular%3A400%3Anormal\u00bb][vc_empty_space][\/vc_column_inner][\/vc_row_inner][vc_row_inner][vc_column_inner width=\u00bb1\/2&#8243;][vc_single_image image=\u00bb1462&#8243; img_size=\u00bbmedium\u00bb alignment=\u00bbcenter\u00bb style=\u00bbvc_box_rounded\u00bb][\/vc_column_inner][vc_column_inner width=\u00bb1\/2&#8243;][vc_column_text]Disponemos de un nuevo servicio de Fotomaton profesional que da un toque especial a su celebraci\u00f3n. Los invitados quedar\u00e1n encantados, adem\u00e1s podr\u00e1n compartir v\u00eda QR las instant\u00e1neas que hagan. Al finalizar os entregamos \u00e1lbum con las fotos y dedicatorias y tambi\u00e9n un USB para que las conserve.[\/vc_column_text][vc_empty_space][vc_column_text]<\/p>\n<h5>EL PRECIO INCLUYE:<\/h5>\n<h5>&#8211; Alquiler m\u00e1quina profesional durante 3h<br \/>\n&#8211; Photocall<br \/>\n&#8211; Fotos ilimitadas impresas al instante (2 copias 5 \u00d7 15cm)<br \/>\n&#8211; Impresi\u00f3n personalizada<br \/>\n&#8211; Atrezzo divertido<br \/>\n&#8211; Transporte y preparaci\u00f3n con animador.<\/h5>\n<p>[\/vc_column_text][vc_empty_space][vc_btn title=\u00bbDesde 450\u20ac\u00bb style=\u00bb3d\u00bb color=\u00bbgreen\u00bb align=\u00bbcenter\u00bb][vc_empty_space][\/vc_column_inner][\/vc_row_inner][\/vc_column][\/vc_row][vc_row][vc_column width=\u00bb1\/3&#8243;][\/vc_column][vc_column width=\u00bb1\/3&#8243;][vc_empty_space][vc_btn title=\u00bbVolver atr\u00e1s\u00bb style=\u00bb3d\u00bb color=\u00bbgreen\u00bb align=\u00bbcenter\u00bb button_block=\u00bbtrue\u00bb link=\u00bburl:%2Fes%2Ftarifas-bodas%2F|title:Discom%C3%B3vil%20para%20Bodas||\u00bb][vc_empty_space][\/vc_column][vc_column width=\u00bb1\/3&#8243;][\/vc_column][\/vc_row]<\/p>\n<\/section>","protected":false},"excerpt":{"rendered":"<p>[vc_row][vc_column][vc_row_inner][vc_column_inner][vc_custom_heading text=\u00bbFotos divertidas con los invitados\u00bb font_container=\u00bbtag:h2|text_align:center\u00bb google_fonts=\u00bbfont_family:Montserrat%3Aregular%2C700|font_style:400%20regular%3A400%3Anormal\u00bb][vc_empty_space][\/vc_column_inner][\/vc_row_inner][vc_row_inner][vc_column_inner width=\u00bb1\/2&#8243;][vc_single_image image=\u00bb1462&#8243; img_size=\u00bbmedium\u00bb alignment=\u00bbcenter\u00bb style=\u00bbvc_box_rounded\u00bb][\/vc_column_inner][vc_column_inner width=\u00bb1\/2&#8243;][vc_column_text]Disponemos de un nuevo servicio de Fotomaton profesional que da un toque especial<span class=\"excerpt-hellip\"> [\u2026]<\/span><\/p>\n","protected":false},"author":1,"featured_media":0,"parent":0,"menu_order":0,"comment_status":"closed","ping_status":"closed","template":"","meta":{"footnotes":""},"class_list":["post-2686","page","type-page","status-publish","hentry"],"yoast_head":"<!-- This site is optimized with the Yoast SEO plugin v27.3 - https:\/\/yoast.com\/product\/yoast-seo-wordpress\/ -->\n<title>Fotomat\u00f3n y fotos para bodas - DiscRauxa Discom\u00f2bil, Conciertos y Eventos<\/title>\n<meta name=\"description\" content=\"DiscRauxa Discom\u00f2bil ofrece fotomat\u00f3n y fotos para tus fiestas, eventos y bodas. Pasado esto bien haciendo fotos divertidas disfraz\u00e1ndose con los amigos.\" \/>\n<meta name=\"robots\" content=\"index, follow, max-snippet:-1, max-image-preview:large, max-video-preview:-1\" \/>\n<link rel=\"canonical\" href=\"https:\/\/discrauxa.cat\/es\/fotomaton\/\" \/>\n<meta property=\"og:locale\" content=\"es_ES\" \/>\n<meta property=\"og:type\" content=\"article\" \/>\n<meta property=\"og:title\" content=\"Fotomat\u00f3n y fotos para bodas - DiscRauxa Discom\u00f2bil, Conciertos y Eventos\" \/>\n<meta property=\"og:description\" content=\"DiscRauxa Discom\u00f2bil ofrece fotomat\u00f3n y fotos para tus fiestas, eventos y bodas. Pasado esto bien haciendo fotos divertidas disfraz\u00e1ndose con los amigos.\" \/>\n<meta property=\"og:url\" content=\"https:\/\/discrauxa.cat\/es\/fotomaton\/\" \/>\n<meta property=\"og:site_name\" content=\"DiscRauxa Discom\u00f2bil, Concerts i Events\" \/>\n<meta property=\"article:modified_time\" content=\"2020-03-06T13:12:35+00:00\" \/>\n<meta name=\"twitter:card\" content=\"summary_large_image\" \/>\n<meta name=\"twitter:label1\" content=\"Tiempo de lectura\" \/>\n\t<meta name=\"twitter:data1\" content=\"1 minuto\" \/>\n<script type=\"application\/ld+json\" class=\"yoast-schema-graph\">{\"@context\":\"https:\\\/\\\/schema.org\",\"@graph\":[{\"@type\":\"WebPage\",\"@id\":\"https:\\\/\\\/discrauxa.cat\\\/es\\\/fotomaton\\\/\",\"url\":\"https:\\\/\\\/discrauxa.cat\\\/es\\\/fotomaton\\\/\",\"name\":\"Fotomat\u00f3n y fotos para bodas - DiscRauxa Discom\u00f2bil, Conciertos y Eventos\",\"isPartOf\":{\"@id\":\"https:\\\/\\\/discrauxa.cat\\\/#website\"},\"datePublished\":\"2019-11-21T13:02:32+00:00\",\"dateModified\":\"2020-03-06T13:12:35+00:00\",\"description\":\"DiscRauxa Discom\u00f2bil ofrece fotomat\u00f3n y fotos para tus fiestas, eventos y bodas. Pasado esto bien haciendo fotos divertidas disfraz\u00e1ndose con los amigos.\",\"breadcrumb\":{\"@id\":\"https:\\\/\\\/discrauxa.cat\\\/es\\\/fotomaton\\\/#breadcrumb\"},\"inLanguage\":\"es\",\"potentialAction\":[{\"@type\":\"ReadAction\",\"target\":[\"https:\\\/\\\/discrauxa.cat\\\/es\\\/fotomaton\\\/\"]}]},{\"@type\":\"BreadcrumbList\",\"@id\":\"https:\\\/\\\/discrauxa.cat\\\/es\\\/fotomaton\\\/#breadcrumb\",\"itemListElement\":[{\"@type\":\"ListItem\",\"position\":1,\"name\":\"Inici\",\"item\":\"https:\\\/\\\/discrauxa.cat\\\/es\\\/\"},{\"@type\":\"ListItem\",\"position\":2,\"name\":\"Fotomat\u00f3n y fotos para bodas\"}]},{\"@type\":\"WebSite\",\"@id\":\"https:\\\/\\\/discrauxa.cat\\\/#website\",\"url\":\"https:\\\/\\\/discrauxa.cat\\\/\",\"name\":\"DiscRauxa Discom\u00f2bil, Concerts i Events\",\"description\":\"Discom\u00f2bil, Concerts i Events per a casaments, festes, events\",\"potentialAction\":[{\"@type\":\"SearchAction\",\"target\":{\"@type\":\"EntryPoint\",\"urlTemplate\":\"https:\\\/\\\/discrauxa.cat\\\/?s={search_term_string}\"},\"query-input\":{\"@type\":\"PropertyValueSpecification\",\"valueRequired\":true,\"valueName\":\"search_term_string\"}}],\"inLanguage\":\"es\"}]}<\/script>\n<!-- \/ Yoast SEO plugin. -->","yoast_head_json":{"title":"Fotomat\u00f3n y fotos para bodas - DiscRauxa Discom\u00f2bil, Conciertos y Eventos","description":"DiscRauxa Discom\u00f2bil ofrece fotomat\u00f3n y fotos para tus fiestas, eventos y bodas. Pasado esto bien haciendo fotos divertidas disfraz\u00e1ndose con los amigos.","robots":{"index":"index","follow":"follow","max-snippet":"max-snippet:-1","max-image-preview":"max-image-preview:large","max-video-preview":"max-video-preview:-1"},"canonical":"https:\/\/discrauxa.cat\/es\/fotomaton\/","og_locale":"es_ES","og_type":"article","og_title":"Fotomat\u00f3n y fotos para bodas - DiscRauxa Discom\u00f2bil, Conciertos y Eventos","og_description":"DiscRauxa Discom\u00f2bil ofrece fotomat\u00f3n y fotos para tus fiestas, eventos y bodas. Pasado esto bien haciendo fotos divertidas disfraz\u00e1ndose con los amigos.","og_url":"https:\/\/discrauxa.cat\/es\/fotomaton\/","og_site_name":"DiscRauxa Discom\u00f2bil, Concerts i Events","article_modified_time":"2020-03-06T13:12:35+00:00","twitter_card":"summary_large_image","twitter_misc":{"Tiempo de lectura":"1 minuto"},"schema":{"@context":"https:\/\/schema.org","@graph":[{"@type":"WebPage","@id":"https:\/\/discrauxa.cat\/es\/fotomaton\/","url":"https:\/\/discrauxa.cat\/es\/fotomaton\/","name":"Fotomat\u00f3n y fotos para bodas - DiscRauxa Discom\u00f2bil, Conciertos y Eventos","isPartOf":{"@id":"https:\/\/discrauxa.cat\/#website"},"datePublished":"2019-11-21T13:02:32+00:00","dateModified":"2020-03-06T13:12:35+00:00","description":"DiscRauxa Discom\u00f2bil ofrece fotomat\u00f3n y fotos para tus fiestas, eventos y bodas. Pasado esto bien haciendo fotos divertidas disfraz\u00e1ndose con los amigos.","breadcrumb":{"@id":"https:\/\/discrauxa.cat\/es\/fotomaton\/#breadcrumb"},"inLanguage":"es","potentialAction":[{"@type":"ReadAction","target":["https:\/\/discrauxa.cat\/es\/fotomaton\/"]}]},{"@type":"BreadcrumbList","@id":"https:\/\/discrauxa.cat\/es\/fotomaton\/#breadcrumb","itemListElement":[{"@type":"ListItem","position":1,"name":"Inici","item":"https:\/\/discrauxa.cat\/es\/"},{"@type":"ListItem","position":2,"name":"Fotomat\u00f3n y fotos para bodas"}]},{"@type":"WebSite","@id":"https:\/\/discrauxa.cat\/#website","url":"https:\/\/discrauxa.cat\/","name":"DiscRauxa Discom\u00f2bil, Concerts i Events","description":"Discom\u00f2bil, Concerts i Events per a casaments, festes, events","potentialAction":[{"@type":"SearchAction","target":{"@type":"EntryPoint","urlTemplate":"https:\/\/discrauxa.cat\/?s={search_term_string}"},"query-input":{"@type":"PropertyValueSpecification","valueRequired":true,"valueName":"search_term_string"}}],"inLanguage":"es"}]}},"_links":{"self":[{"href":"https:\/\/discrauxa.cat\/es\/wp-json\/wp\/v2\/pages\/2686","targetHints":{"allow":["GET"]}}],"collection":[{"href":"https:\/\/discrauxa.cat\/es\/wp-json\/wp\/v2\/pages"}],"about":[{"href":"https:\/\/discrauxa.cat\/es\/wp-json\/wp\/v2\/types\/page"}],"author":[{"embeddable":true,"href":"https:\/\/discrauxa.cat\/es\/wp-json\/wp\/v2\/users\/1"}],"replies":[{"embeddable":true,"href":"https:\/\/discrauxa.cat\/es\/wp-json\/wp\/v2\/comments?post=2686"}],"version-history":[{"count":3,"href":"https:\/\/discrauxa.cat\/es\/wp-json\/wp\/v2\/pages\/2686\/revisions"}],"predecessor-version":[{"id":2690,"href":"https:\/\/discrauxa.cat\/es\/wp-json\/wp\/v2\/pages\/2686\/revisions\/2690"}],"wp:attachment":[{"href":"https:\/\/discrauxa.cat\/es\/wp-json\/wp\/v2\/media?parent=2686"}],"curies":[{"name":"wp","href":"https:\/\/api.w.org\/{rel}","templated":true}]}}