{"id":2679,"date":"2019-11-21T14:35:07","date_gmt":"2019-11-21T12:35:07","guid":{"rendered":"https:\/\/discrauxa.cat\/animacio-infantil-per-a-casaments-i-festes-girona\/"},"modified":"2020-03-06T15:11:30","modified_gmt":"2020-03-06T13:11:30","slug":"animacion-infantil-para-bodas-y-fiestas-girona","status":"publish","type":"page","link":"https:\/\/discrauxa.cat\/es\/animacion-infantil-para-bodas-y-fiestas-girona\/","title":{"rendered":"Animaci\u00f3n infantil y adultos"},"content":{"rendered":"<section class=\"wpb-content-wrapper\"><p>[vc_row][vc_column][vc_row_inner][vc_column_inner][vc_custom_heading text=\u00bbDiversi\u00f3n para los m\u00e1s peque\u00f1os y no tan peque\u00f1os!\u00bb font_container=\u00bbtag:h2|text_align:center\u00bb google_fonts=\u00bbfont_family:Montserrat%3Aregular%2C700|font_style:400%20regular%3A400%3Anormal\u00bb][vc_empty_space][\/vc_column_inner][\/vc_row_inner][vc_row_inner][vc_column_inner width=\u00bb1\/2&#8243;][vc_custom_heading text=\u00bbAnimaci\u00f3n infantil\u00bb font_container=\u00bbtag:h3|font_size:32|text_align:center\u00bb google_fonts=\u00bbfont_family:Montserrat%3Aregular%2C700|font_style:400%20regular%3A400%3Anormal\u00bb][vc_empty_space height=\u00bb12px\u00bb][vc_single_image image=\u00bb1465&#8243; img_size=\u00bbmedium\u00bb alignment=\u00bbcenter\u00bb style=\u00bbvc_box_rounded\u00bb][vc_empty_space][vc_column_text]- Juegos con burbujas de jab\u00f3n<br \/>\n&#8211; Globoflexia, experimenta con globos<br \/>\n&#8211; Gincanas<br \/>\n&#8211; Disfraces<br \/>\n&#8211; Juegos infantiles<br \/>\n&#8211; Magia para los m\u00e1s peque\u00f1os<br \/>\n&#8211; Monitoraje Infantil<br \/>\n&#8211; Concursos[\/vc_column_text][vc_empty_space][\/vc_column_inner][vc_column_inner width=\u00bb1\/2&#8243;][vc_custom_heading text=\u00bbAnimaci\u00f3n adultos\u00bb font_container=\u00bbtag:h3|font_size:32|text_align:center\u00bb google_fonts=\u00bbfont_family:Montserrat%3Aregular%2C700|font_style:400%20regular%3A400%3Anormal\u00bb][vc_empty_space height=\u00bb12px\u00bb][vc_single_image image=\u00bb1464&#8243; img_size=\u00bbmedium\u00bb alignment=\u00bbcenter\u00bb style=\u00bbvc_box_rounded\u00bb][vc_empty_space][vc_column_text]- Artista-animador a la ceremonia<br \/>\n&#8211; Artista-animador durante el aperitivo<br \/>\n&#8211; Artista-animador al banquete<br \/>\n&#8211; Artista-animador al brindis<br \/>\n&#8211; Artista-animador por el baile<br \/>\n&#8211; Disponemos de m\u00e1s de 70 personajes<br \/>\n&#8211; Diferentes estilos de personajes<br \/>\n&#8211; Elige hasta 3 personajes para todo el evento[\/vc_column_text][vc_empty_space][\/vc_column_inner][\/vc_row_inner][\/vc_column][\/vc_row][vc_row][vc_column width=\u00bb1\/3&#8243;][\/vc_column][vc_column width=\u00bb1\/3&#8243;][vc_btn title=\u00bbVolver atr\u00e1s\u00bb style=\u00bb3d\u00bb color=\u00bbgreen\u00bb align=\u00bbcenter\u00bb button_block=\u00bbtrue\u00bb link=\u00bburl:%2Fes%2Ftarifas-bodas%2F|title:Discom%C3%B3vil%20para%20Bodas||\u00bb][vc_empty_space][\/vc_column][vc_column width=\u00bb1\/3&#8243;][\/vc_column][\/vc_row]<\/p>\n<\/section>","protected":false},"excerpt":{"rendered":"<p>[vc_row][vc_column][vc_row_inner][vc_column_inner][vc_custom_heading text=\u00bbDiversi\u00f3n para los m\u00e1s peque\u00f1os y no tan peque\u00f1os!\u00bb font_container=\u00bbtag:h2|text_align:center\u00bb google_fonts=\u00bbfont_family:Montserrat%3Aregular%2C700|font_style:400%20regular%3A400%3Anormal\u00bb][vc_empty_space][\/vc_column_inner][\/vc_row_inner][vc_row_inner][vc_column_inner width=\u00bb1\/2&#8243;][vc_custom_heading text=\u00bbAnimaci\u00f3n infantil\u00bb font_container=\u00bbtag:h3|font_size:32|text_align:center\u00bb google_fonts=\u00bbfont_family:Montserrat%3Aregular%2C700|font_style:400%20regular%3A400%3Anormal\u00bb][vc_empty_space height=\u00bb12px\u00bb][vc_single_image image=\u00bb1465&#8243; img_size=\u00bbmedium\u00bb alignment=\u00bbcenter\u00bb style=\u00bbvc_box_rounded\u00bb][vc_empty_space][vc_column_text]- Juegos con burbujas de<span class=\"excerpt-hellip\"> [\u2026]<\/span><\/p>\n","protected":false},"author":1,"featured_media":0,"parent":0,"menu_order":0,"comment_status":"closed","ping_status":"closed","template":"","meta":{"footnotes":""},"class_list":["post-2679","page","type-page","status-publish","hentry"],"yoast_head":"<!-- This site is optimized with the Yoast SEO plugin v27.3 - https:\/\/yoast.com\/product\/yoast-seo-wordpress\/ -->\n<title>Animaci\u00f3n infantil y adultos - DiscRauxa Discom\u00f2bil, Conciertos y Eventos<\/title>\n<meta name=\"description\" content=\"A DiscRauxa tenemos animaci\u00f3n infantil tanto para ni\u00f1os (Juegos infantiles, globoflexia, disfraces, monitorizaci\u00f3n ...) como para adultos (animador, personajes ...)\" \/>\n<meta name=\"robots\" content=\"index, follow, max-snippet:-1, max-image-preview:large, max-video-preview:-1\" \/>\n<link rel=\"canonical\" href=\"https:\/\/discrauxa.cat\/es\/animacion-infantil-para-bodas-y-fiestas-girona\/\" \/>\n<meta property=\"og:locale\" content=\"es_ES\" \/>\n<meta property=\"og:type\" content=\"article\" \/>\n<meta property=\"og:title\" content=\"Animaci\u00f3n infantil y adultos - DiscRauxa Discom\u00f2bil, Conciertos y Eventos\" \/>\n<meta property=\"og:description\" content=\"A DiscRauxa tenemos animaci\u00f3n infantil tanto para ni\u00f1os (Juegos infantiles, globoflexia, disfraces, monitorizaci\u00f3n ...) como para adultos (animador, personajes ...)\" \/>\n<meta property=\"og:url\" content=\"https:\/\/discrauxa.cat\/es\/animacion-infantil-para-bodas-y-fiestas-girona\/\" \/>\n<meta property=\"og:site_name\" content=\"DiscRauxa Discom\u00f2bil, Concerts i Events\" \/>\n<meta property=\"article:modified_time\" content=\"2020-03-06T13:11:30+00:00\" \/>\n<meta name=\"twitter:card\" content=\"summary_large_image\" \/>\n<meta name=\"twitter:label1\" content=\"Tiempo de lectura\" \/>\n\t<meta name=\"twitter:data1\" content=\"2 minutos\" \/>\n<script type=\"application\/ld+json\" class=\"yoast-schema-graph\">{\"@context\":\"https:\\\/\\\/schema.org\",\"@graph\":[{\"@type\":\"WebPage\",\"@id\":\"https:\\\/\\\/discrauxa.cat\\\/es\\\/animacion-infantil-para-bodas-y-fiestas-girona\\\/\",\"url\":\"https:\\\/\\\/discrauxa.cat\\\/es\\\/animacion-infantil-para-bodas-y-fiestas-girona\\\/\",\"name\":\"Animaci\u00f3n infantil y adultos - DiscRauxa Discom\u00f2bil, Conciertos y Eventos\",\"isPartOf\":{\"@id\":\"https:\\\/\\\/discrauxa.cat\\\/#website\"},\"datePublished\":\"2019-11-21T12:35:07+00:00\",\"dateModified\":\"2020-03-06T13:11:30+00:00\",\"description\":\"A DiscRauxa tenemos animaci\u00f3n infantil tanto para ni\u00f1os (Juegos infantiles, globoflexia, disfraces, monitorizaci\u00f3n ...) como para adultos (animador, personajes ...)\",\"breadcrumb\":{\"@id\":\"https:\\\/\\\/discrauxa.cat\\\/es\\\/animacion-infantil-para-bodas-y-fiestas-girona\\\/#breadcrumb\"},\"inLanguage\":\"es\",\"potentialAction\":[{\"@type\":\"ReadAction\",\"target\":[\"https:\\\/\\\/discrauxa.cat\\\/es\\\/animacion-infantil-para-bodas-y-fiestas-girona\\\/\"]}]},{\"@type\":\"BreadcrumbList\",\"@id\":\"https:\\\/\\\/discrauxa.cat\\\/es\\\/animacion-infantil-para-bodas-y-fiestas-girona\\\/#breadcrumb\",\"itemListElement\":[{\"@type\":\"ListItem\",\"position\":1,\"name\":\"Inici\",\"item\":\"https:\\\/\\\/discrauxa.cat\\\/es\\\/\"},{\"@type\":\"ListItem\",\"position\":2,\"name\":\"Animaci\u00f3n infantil y adultos\"}]},{\"@type\":\"WebSite\",\"@id\":\"https:\\\/\\\/discrauxa.cat\\\/#website\",\"url\":\"https:\\\/\\\/discrauxa.cat\\\/\",\"name\":\"DiscRauxa Discom\u00f2bil, Concerts i Events\",\"description\":\"Discom\u00f2bil, Concerts i Events per a casaments, festes, events\",\"potentialAction\":[{\"@type\":\"SearchAction\",\"target\":{\"@type\":\"EntryPoint\",\"urlTemplate\":\"https:\\\/\\\/discrauxa.cat\\\/?s={search_term_string}\"},\"query-input\":{\"@type\":\"PropertyValueSpecification\",\"valueRequired\":true,\"valueName\":\"search_term_string\"}}],\"inLanguage\":\"es\"}]}<\/script>\n<!-- \/ Yoast SEO plugin. -->","yoast_head_json":{"title":"Animaci\u00f3n infantil y adultos - DiscRauxa Discom\u00f2bil, Conciertos y Eventos","description":"A DiscRauxa tenemos animaci\u00f3n infantil tanto para ni\u00f1os (Juegos infantiles, globoflexia, disfraces, monitorizaci\u00f3n ...) como para adultos (animador, personajes ...)","robots":{"index":"index","follow":"follow","max-snippet":"max-snippet:-1","max-image-preview":"max-image-preview:large","max-video-preview":"max-video-preview:-1"},"canonical":"https:\/\/discrauxa.cat\/es\/animacion-infantil-para-bodas-y-fiestas-girona\/","og_locale":"es_ES","og_type":"article","og_title":"Animaci\u00f3n infantil y adultos - DiscRauxa Discom\u00f2bil, Conciertos y Eventos","og_description":"A DiscRauxa tenemos animaci\u00f3n infantil tanto para ni\u00f1os (Juegos infantiles, globoflexia, disfraces, monitorizaci\u00f3n ...) como para adultos (animador, personajes ...)","og_url":"https:\/\/discrauxa.cat\/es\/animacion-infantil-para-bodas-y-fiestas-girona\/","og_site_name":"DiscRauxa Discom\u00f2bil, Concerts i Events","article_modified_time":"2020-03-06T13:11:30+00:00","twitter_card":"summary_large_image","twitter_misc":{"Tiempo de lectura":"2 minutos"},"schema":{"@context":"https:\/\/schema.org","@graph":[{"@type":"WebPage","@id":"https:\/\/discrauxa.cat\/es\/animacion-infantil-para-bodas-y-fiestas-girona\/","url":"https:\/\/discrauxa.cat\/es\/animacion-infantil-para-bodas-y-fiestas-girona\/","name":"Animaci\u00f3n infantil y adultos - DiscRauxa Discom\u00f2bil, Conciertos y Eventos","isPartOf":{"@id":"https:\/\/discrauxa.cat\/#website"},"datePublished":"2019-11-21T12:35:07+00:00","dateModified":"2020-03-06T13:11:30+00:00","description":"A DiscRauxa tenemos animaci\u00f3n infantil tanto para ni\u00f1os (Juegos infantiles, globoflexia, disfraces, monitorizaci\u00f3n ...) como para adultos (animador, personajes ...)","breadcrumb":{"@id":"https:\/\/discrauxa.cat\/es\/animacion-infantil-para-bodas-y-fiestas-girona\/#breadcrumb"},"inLanguage":"es","potentialAction":[{"@type":"ReadAction","target":["https:\/\/discrauxa.cat\/es\/animacion-infantil-para-bodas-y-fiestas-girona\/"]}]},{"@type":"BreadcrumbList","@id":"https:\/\/discrauxa.cat\/es\/animacion-infantil-para-bodas-y-fiestas-girona\/#breadcrumb","itemListElement":[{"@type":"ListItem","position":1,"name":"Inici","item":"https:\/\/discrauxa.cat\/es\/"},{"@type":"ListItem","position":2,"name":"Animaci\u00f3n infantil y adultos"}]},{"@type":"WebSite","@id":"https:\/\/discrauxa.cat\/#website","url":"https:\/\/discrauxa.cat\/","name":"DiscRauxa Discom\u00f2bil, Concerts i Events","description":"Discom\u00f2bil, Concerts i Events per a casaments, festes, events","potentialAction":[{"@type":"SearchAction","target":{"@type":"EntryPoint","urlTemplate":"https:\/\/discrauxa.cat\/?s={search_term_string}"},"query-input":{"@type":"PropertyValueSpecification","valueRequired":true,"valueName":"search_term_string"}}],"inLanguage":"es"}]}},"_links":{"self":[{"href":"https:\/\/discrauxa.cat\/es\/wp-json\/wp\/v2\/pages\/2679","targetHints":{"allow":["GET"]}}],"collection":[{"href":"https:\/\/discrauxa.cat\/es\/wp-json\/wp\/v2\/pages"}],"about":[{"href":"https:\/\/discrauxa.cat\/es\/wp-json\/wp\/v2\/types\/page"}],"author":[{"embeddable":true,"href":"https:\/\/discrauxa.cat\/es\/wp-json\/wp\/v2\/users\/1"}],"replies":[{"embeddable":true,"href":"https:\/\/discrauxa.cat\/es\/wp-json\/wp\/v2\/comments?post=2679"}],"version-history":[{"count":5,"href":"https:\/\/discrauxa.cat\/es\/wp-json\/wp\/v2\/pages\/2679\/revisions"}],"predecessor-version":[{"id":2685,"href":"https:\/\/discrauxa.cat\/es\/wp-json\/wp\/v2\/pages\/2679\/revisions\/2685"}],"wp:attachment":[{"href":"https:\/\/discrauxa.cat\/es\/wp-json\/wp\/v2\/media?parent=2679"}],"curies":[{"name":"wp","href":"https:\/\/api.w.org\/{rel}","templated":true}]}}