{"id":2659,"date":"2019-11-15T15:02:34","date_gmt":"2019-11-15T13:02:34","guid":{"rendered":"https:\/\/discrauxa.cat\/actor-per-a-casaments\/"},"modified":"2020-03-06T13:30:02","modified_gmt":"2020-03-06T11:30:02","slug":"actor-para-bodas","status":"publish","type":"page","link":"https:\/\/discrauxa.cat\/es\/actor-para-bodas\/","title":{"rendered":"Actor para Bodas"},"content":{"rendered":"<section class=\"wpb-content-wrapper\"><p>[vc_row][vc_column][vc_custom_heading text=\u00bbSiempre con un \u00e9xito rotundo\u00bb font_container=\u00bbtag:h2|text_align:center\u00bb google_fonts=\u00bbfont_family:Montserrat%3Aregular%2C700|font_style:400%20regular%3A400%3Anormal\u00bb][\/vc_column][\/vc_row][vc_row css=\u00bb.vc_custom_1573823458077{border-top-width: 2px !important;border-right-width: 2px !important;border-bottom-width: 2px !important;border-left-width: 2px !important;}\u00bb][vc_column width=\u00bb1\/4&#8243;][vc_empty_space height=\u00bb30px\u00bb][vc_single_image image=\u00bb1251&#8243; img_size=\u00bbmedium\u00bb][\/vc_column][vc_column width=\u00bb1\/2&#8243;][vc_column_text]<\/p>\n<p class=\"p1\"><span class=\"s1\">Llevamos m\u00e1s de 15 a\u00f1os haciendo feliz a la gente con nuestro actor y sus personajes.<\/span><span class=\"s1\">La duraci\u00f3n de la actuaci\u00f3n depende del evento.<\/span><span class=\"s1\">Nos adaptamos a la econom\u00eda del cliente.<\/span><span class=\"s1\">Podemos hacer el espect\u00e1culo simult\u00e1neamente en ingl\u00e9s, franc\u00e9s, italiano, portugu\u00e9s, espa\u00f1ol y catal\u00e1n.<\/span><\/p>\n<p class=\"p1\"><span class=\"s1\">Algunos de los personajes que hacemos:<\/span><\/p>\n<p class=\"p1\"><span class=\"s1\">\u2013 <strong>Juez:<\/strong>\u00a0haz que tu boda sea un d\u00eda inolvidable. El actor \u00abjuez\u00bb puede hacer la ceremonia tan seria o alocada como t\u00fa quieras.<\/span><\/p>\n<p class=\"p1\"><span class=\"s1\">\u2013 <strong>Camarero Falso:<\/strong> El mejor camarero falso que hayas visto nunca. No parar\u00e1s de re\u00edr .: nos infiltramos en medio de los camareros, provocando situaciones divertidas e hilarantes.<\/span><\/p>\n<p class=\"p1\"><span class=\"s1\">\u2013 <strong>Personaje Infiltrado<\/strong> para cualquier tipo de fiesta. Antes del evento nadie lo conoce y cuando termina todo el mundo habla de \u00e9l. No te dejar\u00e1 indiferente.<\/span><\/p>\n<p class=\"p1\"><span class=\"s1\">\u2013 <strong>Improvisaciones<\/strong> con la historia de la persona que realiza la celebraci\u00f3n.<\/span><\/p>\n<p class=\"p1\"><span class=\"s1\">\u2013 <strong>Reportero serio<\/strong> tipo \u00abEspa\u00f1a Directo\u00bb o templado y cachondo tipo \u00abCaiga Quien Caiga\u00bb. Despu\u00e9s te llevar\u00e1s el v\u00eddeo de r\u00e9cord.<\/span><\/p>\n<p class=\"p1\"><span class=\"s1\">\u2013 <strong>Presentador de espect\u00e1culos<\/strong> para cualquier tipo de evento.<\/span><\/p>\n<p>&nbsp;<\/p>\n<p>* La Ceremonia se puede hacer en los siguientes idiomas: catal\u00e1n, castellano, ingl\u00e9s, franc\u00e9s, italiano y portugu\u00e9s.[\/vc_column_text][vc_empty_space][vc_btn title=\u00bbVolver atr\u00e1s\u00bb style=\u00bb3d\u00bb color=\u00bbgreen\u00bb align=\u00bbcenter\u00bb link=\u00bburl:%2Fes%2Ftarifas-bodas%2F|title:Bodas%20con%20mucha%20M%C3%BAsica||\u00bb][vc_empty_space][\/vc_column][vc_column width=\u00bb1\/4&#8243;][vc_empty_space height=\u00bb20px\u00bb][vc_single_image image=\u00bb1235&#8243; img_size=\u00bbmedium\u00bb][\/vc_column][\/vc_row]<\/p>\n<\/section>","protected":false},"excerpt":{"rendered":"<p>[vc_row][vc_column][vc_custom_heading text=\u00bbSiempre con un \u00e9xito rotundo\u00bb font_container=\u00bbtag:h2|text_align:center\u00bb google_fonts=\u00bbfont_family:Montserrat%3Aregular%2C700|font_style:400%20regular%3A400%3Anormal\u00bb][\/vc_column][\/vc_row][vc_row css=\u00bb.vc_custom_1573823458077{border-top-width: 2px !important;border-right-width: 2px !important;border-bottom-width: 2px !important;border-left-width: 2px !important;}\u00bb][vc_column width=\u00bb1\/4&#8243;][vc_empty_space height=\u00bb30px\u00bb][vc_single_image image=\u00bb1251&#8243; img_size=\u00bbmedium\u00bb][\/vc_column][vc_column width=\u00bb1\/2&#8243;][vc_column_text] Llevamos m\u00e1s de 15<span class=\"excerpt-hellip\"> [\u2026]<\/span><\/p>\n","protected":false},"author":1,"featured_media":0,"parent":0,"menu_order":0,"comment_status":"closed","ping_status":"closed","template":"","meta":{"footnotes":""},"class_list":["post-2659","page","type-page","status-publish","hentry"],"yoast_head":"<!-- This site is optimized with the Yoast SEO plugin v27.3 - https:\/\/yoast.com\/product\/yoast-seo-wordpress\/ -->\n<title>Actor para Bodas - DiscRauxa Discom\u00f2bil, Conciertos y Eventos<\/title>\n<meta name=\"description\" content=\"Discrauxa ofrece actor para Bodas realizando diferentes personajes: juez, camarero falso, personaje infiltrado para amenizar la ceremonia, banquete ....\" \/>\n<meta name=\"robots\" content=\"index, follow, max-snippet:-1, max-image-preview:large, max-video-preview:-1\" \/>\n<link rel=\"canonical\" href=\"https:\/\/discrauxa.cat\/es\/actor-para-bodas\/\" \/>\n<meta property=\"og:locale\" content=\"es_ES\" \/>\n<meta property=\"og:type\" content=\"article\" \/>\n<meta property=\"og:title\" content=\"Actor para Bodas - DiscRauxa Discom\u00f2bil, Conciertos y Eventos\" \/>\n<meta property=\"og:description\" content=\"Discrauxa ofrece actor para Bodas realizando diferentes personajes: juez, camarero falso, personaje infiltrado para amenizar la ceremonia, banquete ....\" \/>\n<meta property=\"og:url\" content=\"https:\/\/discrauxa.cat\/es\/actor-para-bodas\/\" \/>\n<meta property=\"og:site_name\" content=\"DiscRauxa Discom\u00f2bil, Concerts i Events\" \/>\n<meta property=\"article:modified_time\" content=\"2020-03-06T11:30:02+00:00\" \/>\n<meta name=\"twitter:card\" content=\"summary_large_image\" \/>\n<meta name=\"twitter:label1\" content=\"Tiempo de lectura\" \/>\n\t<meta name=\"twitter:data1\" content=\"2 minutos\" \/>\n<script type=\"application\/ld+json\" class=\"yoast-schema-graph\">{\"@context\":\"https:\\\/\\\/schema.org\",\"@graph\":[{\"@type\":\"WebPage\",\"@id\":\"https:\\\/\\\/discrauxa.cat\\\/es\\\/actor-para-bodas\\\/\",\"url\":\"https:\\\/\\\/discrauxa.cat\\\/es\\\/actor-para-bodas\\\/\",\"name\":\"Actor para Bodas - DiscRauxa Discom\u00f2bil, Conciertos y Eventos\",\"isPartOf\":{\"@id\":\"https:\\\/\\\/discrauxa.cat\\\/#website\"},\"datePublished\":\"2019-11-15T13:02:34+00:00\",\"dateModified\":\"2020-03-06T11:30:02+00:00\",\"description\":\"Discrauxa ofrece actor para Bodas realizando diferentes personajes: juez, camarero falso, personaje infiltrado para amenizar la ceremonia, banquete ....\",\"breadcrumb\":{\"@id\":\"https:\\\/\\\/discrauxa.cat\\\/es\\\/actor-para-bodas\\\/#breadcrumb\"},\"inLanguage\":\"es\",\"potentialAction\":[{\"@type\":\"ReadAction\",\"target\":[\"https:\\\/\\\/discrauxa.cat\\\/es\\\/actor-para-bodas\\\/\"]}]},{\"@type\":\"BreadcrumbList\",\"@id\":\"https:\\\/\\\/discrauxa.cat\\\/es\\\/actor-para-bodas\\\/#breadcrumb\",\"itemListElement\":[{\"@type\":\"ListItem\",\"position\":1,\"name\":\"Inici\",\"item\":\"https:\\\/\\\/discrauxa.cat\\\/es\\\/\"},{\"@type\":\"ListItem\",\"position\":2,\"name\":\"Actor para Bodas\"}]},{\"@type\":\"WebSite\",\"@id\":\"https:\\\/\\\/discrauxa.cat\\\/#website\",\"url\":\"https:\\\/\\\/discrauxa.cat\\\/\",\"name\":\"DiscRauxa Discom\u00f2bil, Concerts i Events\",\"description\":\"Discom\u00f2bil, Concerts i Events per a casaments, festes, events\",\"potentialAction\":[{\"@type\":\"SearchAction\",\"target\":{\"@type\":\"EntryPoint\",\"urlTemplate\":\"https:\\\/\\\/discrauxa.cat\\\/?s={search_term_string}\"},\"query-input\":{\"@type\":\"PropertyValueSpecification\",\"valueRequired\":true,\"valueName\":\"search_term_string\"}}],\"inLanguage\":\"es\"}]}<\/script>\n<!-- \/ Yoast SEO plugin. -->","yoast_head_json":{"title":"Actor para Bodas - DiscRauxa Discom\u00f2bil, Conciertos y Eventos","description":"Discrauxa ofrece actor para Bodas realizando diferentes personajes: juez, camarero falso, personaje infiltrado para amenizar la ceremonia, banquete ....","robots":{"index":"index","follow":"follow","max-snippet":"max-snippet:-1","max-image-preview":"max-image-preview:large","max-video-preview":"max-video-preview:-1"},"canonical":"https:\/\/discrauxa.cat\/es\/actor-para-bodas\/","og_locale":"es_ES","og_type":"article","og_title":"Actor para Bodas - DiscRauxa Discom\u00f2bil, Conciertos y Eventos","og_description":"Discrauxa ofrece actor para Bodas realizando diferentes personajes: juez, camarero falso, personaje infiltrado para amenizar la ceremonia, banquete ....","og_url":"https:\/\/discrauxa.cat\/es\/actor-para-bodas\/","og_site_name":"DiscRauxa Discom\u00f2bil, Concerts i Events","article_modified_time":"2020-03-06T11:30:02+00:00","twitter_card":"summary_large_image","twitter_misc":{"Tiempo de lectura":"2 minutos"},"schema":{"@context":"https:\/\/schema.org","@graph":[{"@type":"WebPage","@id":"https:\/\/discrauxa.cat\/es\/actor-para-bodas\/","url":"https:\/\/discrauxa.cat\/es\/actor-para-bodas\/","name":"Actor para Bodas - DiscRauxa Discom\u00f2bil, Conciertos y Eventos","isPartOf":{"@id":"https:\/\/discrauxa.cat\/#website"},"datePublished":"2019-11-15T13:02:34+00:00","dateModified":"2020-03-06T11:30:02+00:00","description":"Discrauxa ofrece actor para Bodas realizando diferentes personajes: juez, camarero falso, personaje infiltrado para amenizar la ceremonia, banquete ....","breadcrumb":{"@id":"https:\/\/discrauxa.cat\/es\/actor-para-bodas\/#breadcrumb"},"inLanguage":"es","potentialAction":[{"@type":"ReadAction","target":["https:\/\/discrauxa.cat\/es\/actor-para-bodas\/"]}]},{"@type":"BreadcrumbList","@id":"https:\/\/discrauxa.cat\/es\/actor-para-bodas\/#breadcrumb","itemListElement":[{"@type":"ListItem","position":1,"name":"Inici","item":"https:\/\/discrauxa.cat\/es\/"},{"@type":"ListItem","position":2,"name":"Actor para Bodas"}]},{"@type":"WebSite","@id":"https:\/\/discrauxa.cat\/#website","url":"https:\/\/discrauxa.cat\/","name":"DiscRauxa Discom\u00f2bil, Concerts i Events","description":"Discom\u00f2bil, Concerts i Events per a casaments, festes, events","potentialAction":[{"@type":"SearchAction","target":{"@type":"EntryPoint","urlTemplate":"https:\/\/discrauxa.cat\/?s={search_term_string}"},"query-input":{"@type":"PropertyValueSpecification","valueRequired":true,"valueName":"search_term_string"}}],"inLanguage":"es"}]}},"_links":{"self":[{"href":"https:\/\/discrauxa.cat\/es\/wp-json\/wp\/v2\/pages\/2659","targetHints":{"allow":["GET"]}}],"collection":[{"href":"https:\/\/discrauxa.cat\/es\/wp-json\/wp\/v2\/pages"}],"about":[{"href":"https:\/\/discrauxa.cat\/es\/wp-json\/wp\/v2\/types\/page"}],"author":[{"embeddable":true,"href":"https:\/\/discrauxa.cat\/es\/wp-json\/wp\/v2\/users\/1"}],"replies":[{"embeddable":true,"href":"https:\/\/discrauxa.cat\/es\/wp-json\/wp\/v2\/comments?post=2659"}],"version-history":[{"count":5,"href":"https:\/\/discrauxa.cat\/es\/wp-json\/wp\/v2\/pages\/2659\/revisions"}],"predecessor-version":[{"id":2664,"href":"https:\/\/discrauxa.cat\/es\/wp-json\/wp\/v2\/pages\/2659\/revisions\/2664"}],"wp:attachment":[{"href":"https:\/\/discrauxa.cat\/es\/wp-json\/wp\/v2\/media?parent=2659"}],"curies":[{"name":"wp","href":"https:\/\/api.w.org\/{rel}","templated":true}]}}