{"id":2652,"date":"2019-11-15T15:18:14","date_gmt":"2019-11-15T13:18:14","guid":{"rendered":"https:\/\/discrauxa.cat\/castells-inflables-per-a-festes-i-casaments-amb-sonoritzacio-musical\/"},"modified":"2020-03-06T13:15:37","modified_gmt":"2020-03-06T11:15:37","slug":"castillos-hinchables-para-fiestas-y-bodas-con-sonorizacion-musical","status":"publish","type":"page","link":"https:\/\/discrauxa.cat\/es\/castillos-hinchables-para-fiestas-y-bodas-con-sonorizacion-musical\/","title":{"rendered":"Castillos Hinchables"},"content":{"rendered":"<section class=\"wpb-content-wrapper\"><p>[vc_row][vc_column][vc_custom_heading text=\u00bbPara tu Fiesta de Cumplea\u00f1os o Boda\u00bb font_container=\u00bbtag:h2|text_align:center\u00bb google_fonts=\u00bbfont_family:Montserrat%3Aregular%2C700|font_style:400%20regular%3A400%3Anormal\u00bb][vc_empty_space][\/vc_column][\/vc_row][vc_row bg_type=\u00bbbg_color\u00bb css=\u00bb.vc_custom_1454692786252{background-color: rgba(255,255,255,0.4) !important;*background-color: rgb(255,255,255) !important;}\u00bb][vc_column width=\u00bb1\/3&#8243; css=\u00bb.vc_custom_1573826292438{background-color: rgba(136,198,87,0.2) !important;*background-color: rgb(136,198,87) !important;}\u00bb][vc_custom_heading text=\u00bbCastillo: de l&#8217;Oest\u00bb font_container=\u00bbtag:h3|text_align:center\u00bb google_fonts=\u00bbfont_family:Montserrat%3Aregular%2C700|font_style:400%20regular%3A400%3Anormal\u00bb][vc_empty_space][vc_single_image image=\u00bb1354&#8243; img_size=\u00bb300&#215;300&#8243; alignment=\u00bbcenter\u00bb][vc_empty_space][vc_column_text]<\/p>\n<p style=\"text-align: left;\"><span style=\"color: #525252;\"><em>Dimensiones<\/em>:<\/span><\/p>\n<ul style=\"text-align: left;\">\n<li><span style=\"color: #525252;\">5 metros de ancho<\/span><\/li>\n<li><span style=\"color: #525252;\">7 metros de largo<\/span><\/li>\n<li><span style=\"color: #525252;\">5 metros de alto<\/span><\/li>\n<\/ul>\n<p style=\"text-align: left;\"><span style=\"color: #525252;\"><em>Edad<\/em>: Recomendado para ni\u00f1os y ni\u00f1as entre 2 y 6 a\u00f1os<\/span><\/p>\n<p>[\/vc_column_text][vc_empty_space][vc_btn title=\u00bbM\u00e1s informaci\u00f3n\u00bb style=\u00bb3d\u00bb color=\u00bbgreen\u00bb size=\u00bblg\u00bb align=\u00bbcenter\u00bb link=\u00bburl:https%3A%2F%2Fsalta.cat%2Fcastells-inflables%2Fcastell-oest%2F||target:%20_blank|\u00bb][vc_empty_space][\/vc_column][vc_column width=\u00bb1\/3&#8243; css=\u00bb.vc_custom_1573826483634{background-color: rgba(136,198,87,0.4) !important;*background-color: rgb(136,198,87) !important;}\u00bb][vc_custom_heading text=\u00bbCastillo: Roc\u00f2drom\u00bb font_container=\u00bbtag:h3|text_align:center\u00bb google_fonts=\u00bbfont_family:Montserrat%3Aregular%2C700|font_style:400%20regular%3A400%3Anormal\u00bb][vc_empty_space][vc_single_image image=\u00bb1357&#8243; img_size=\u00bb300&#215;300&#8243; alignment=\u00bbcenter\u00bb][vc_empty_space][vc_column_text]<span style=\"color: #525252;\"><em>Dimensiones<\/em>:<\/span><\/p>\n<ul>\n<li><span style=\"color: #525252;\">4 metros de ancho<\/span><\/li>\n<li><span style=\"color: #525252;\">4 metros de largo<\/span><\/li>\n<li><span style=\"color: #525252;\">4 metros de alto<\/span><\/li>\n<\/ul>\n<p><span style=\"color: #525252;\"><em>Edad<\/em>: Recomendado para ni\u00f1os y ni\u00f1as entre 4 y 12 a\u00f1os<\/span>[\/vc_column_text][vc_empty_space][vc_btn title=\u00bbM\u00e1s informaci\u00f3n\u00bb style=\u00bb3d\u00bb color=\u00bbgreen\u00bb size=\u00bblg\u00bb align=\u00bbcenter\u00bb link=\u00bburl:https%3A%2F%2Fsalta.cat%2Fcastells-inflables%2Fcastell-rocodrom%2F||target:%20_blank|\u00bb][vc_empty_space][\/vc_column][vc_column width=\u00bb1\/3&#8243; css=\u00bb.vc_custom_1573826317055{background-color: rgba(136,198,87,0.2) !important;*background-color: rgb(136,198,87) !important;}\u00bb][vc_custom_heading text=\u00bbPista d&#8217;Esports\u00bb font_container=\u00bbtag:h3|text_align:center\u00bb google_fonts=\u00bbfont_family:Montserrat%3Aregular%2C700|font_style:400%20regular%3A400%3Anormal\u00bb][vc_empty_space][vc_single_image image=\u00bb1361&#8243; img_size=\u00bb300&#215;300&#8243; alignment=\u00bbcenter\u00bb][vc_empty_space][vc_column_text]<\/p>\n<p style=\"text-align: justify;\"><span style=\"color: #525252;\"><em>Dimensiones<\/em>:<\/span><\/p>\n<ul>\n<li><span style=\"color: #525252;\">6 metros de ancho<\/span><\/li>\n<li><span style=\"color: #525252;\">15 metros de largo<\/span><\/li>\n<li><span style=\"color: #525252;\">5 metros de alto<\/span><\/li>\n<\/ul>\n<p><span style=\"color: #525252;\"><em>Edad<\/em>: Recomendado para ni\u00f1os y ni\u00f1as de todas las edades<\/span>[\/vc_column_text][vc_empty_space][vc_btn title=\u00bbM\u00e1s informaci\u00f3n\u00bb style=\u00bb3d\u00bb color=\u00bbgreen\u00bb size=\u00bblg\u00bb align=\u00bbcenter\u00bb link=\u00bburl:https%3A%2F%2Fsalta.cat%2Fcastells-inflables%2Fpista-esports%2F||target:%20_blank|\u00bb][vc_empty_space][\/vc_column][\/vc_row][vc_row][vc_column width=\u00bb1\/3&#8243; css=\u00bb.vc_custom_1454695805026{margin-bottom: 40px !important;}\u00bb][\/vc_column][vc_column width=\u00bb1\/3&#8243;][vc_empty_space][vc_btn title=\u00bbVolver atr\u00e1s\u00bb style=\u00bb3d\u00bb color=\u00bbgreen\u00bb align=\u00bbcenter\u00bb link=\u00bburl:%2Fes%2Ftarifas-bodas%2F|title:Discom%C3%B3vil%20para%20Bodas||\u00bb][vc_empty_space][\/vc_column][vc_column width=\u00bb1\/3&#8243;][\/vc_column][\/vc_row]<\/p>\n<\/section>","protected":false},"excerpt":{"rendered":"<p>[vc_row][vc_column][vc_custom_heading text=\u00bbPara tu Fiesta de Cumplea\u00f1os o Boda\u00bb font_container=\u00bbtag:h2|text_align:center\u00bb google_fonts=\u00bbfont_family:Montserrat%3Aregular%2C700|font_style:400%20regular%3A400%3Anormal\u00bb][vc_empty_space][\/vc_column][\/vc_row][vc_row bg_type=\u00bbbg_color\u00bb css=\u00bb.vc_custom_1454692786252{background-color: rgba(255,255,255,0.4) !important;*background-color: rgb(255,255,255) !important;}\u00bb][vc_column width=\u00bb1\/3&#8243; css=\u00bb.vc_custom_1573826292438{background-color: rgba(136,198,87,0.2) !important;*background-color: rgb(136,198,87) !important;}\u00bb][vc_custom_heading text=\u00bbCastillo: de l&#8217;Oest\u00bb font_container=\u00bbtag:h3|text_align:center\u00bb<span class=\"excerpt-hellip\"> [\u2026]<\/span><\/p>\n","protected":false},"author":1,"featured_media":0,"parent":0,"menu_order":0,"comment_status":"closed","ping_status":"closed","template":"","meta":{"footnotes":""},"class_list":["post-2652","page","type-page","status-publish","hentry"],"yoast_head":"<!-- This site is optimized with the Yoast SEO plugin v27.3 - https:\/\/yoast.com\/product\/yoast-seo-wordpress\/ -->\n<title>Castillos Hinchables - DiscRauxa Discom\u00f2bil, Conciertos y Eventos<\/title>\n<meta name=\"description\" content=\"DiscRauxa dispone de diferentes Castillos Hinchables para que puedas escoger el que mejor se adapte a tus necesidades con los Hinchables Salta.cat\" \/>\n<meta name=\"robots\" content=\"index, follow, max-snippet:-1, max-image-preview:large, max-video-preview:-1\" \/>\n<link rel=\"canonical\" href=\"https:\/\/discrauxa.cat\/es\/castillos-hinchables-para-fiestas-y-bodas-con-sonorizacion-musical\/\" \/>\n<meta property=\"og:locale\" content=\"es_ES\" \/>\n<meta property=\"og:type\" content=\"article\" \/>\n<meta property=\"og:title\" content=\"Castillos Hinchables - DiscRauxa Discom\u00f2bil, Conciertos y Eventos\" \/>\n<meta property=\"og:description\" content=\"DiscRauxa dispone de diferentes Castillos Hinchables para que puedas escoger el que mejor se adapte a tus necesidades con los Hinchables Salta.cat\" \/>\n<meta property=\"og:url\" content=\"https:\/\/discrauxa.cat\/es\/castillos-hinchables-para-fiestas-y-bodas-con-sonorizacion-musical\/\" \/>\n<meta property=\"og:site_name\" content=\"DiscRauxa Discom\u00f2bil, Concerts i Events\" \/>\n<meta property=\"article:modified_time\" content=\"2020-03-06T11:15:37+00:00\" \/>\n<meta name=\"twitter:card\" content=\"summary_large_image\" \/>\n<meta name=\"twitter:label1\" content=\"Tiempo de lectura\" \/>\n\t<meta name=\"twitter:data1\" content=\"2 minutos\" \/>\n<script type=\"application\/ld+json\" class=\"yoast-schema-graph\">{\"@context\":\"https:\\\/\\\/schema.org\",\"@graph\":[{\"@type\":\"WebPage\",\"@id\":\"https:\\\/\\\/discrauxa.cat\\\/es\\\/castillos-hinchables-para-fiestas-y-bodas-con-sonorizacion-musical\\\/\",\"url\":\"https:\\\/\\\/discrauxa.cat\\\/es\\\/castillos-hinchables-para-fiestas-y-bodas-con-sonorizacion-musical\\\/\",\"name\":\"Castillos Hinchables - DiscRauxa Discom\u00f2bil, Conciertos y Eventos\",\"isPartOf\":{\"@id\":\"https:\\\/\\\/discrauxa.cat\\\/#website\"},\"datePublished\":\"2019-11-15T13:18:14+00:00\",\"dateModified\":\"2020-03-06T11:15:37+00:00\",\"description\":\"DiscRauxa dispone de diferentes Castillos Hinchables para que puedas escoger el que mejor se adapte a tus necesidades con los Hinchables Salta.cat\",\"breadcrumb\":{\"@id\":\"https:\\\/\\\/discrauxa.cat\\\/es\\\/castillos-hinchables-para-fiestas-y-bodas-con-sonorizacion-musical\\\/#breadcrumb\"},\"inLanguage\":\"es\",\"potentialAction\":[{\"@type\":\"ReadAction\",\"target\":[\"https:\\\/\\\/discrauxa.cat\\\/es\\\/castillos-hinchables-para-fiestas-y-bodas-con-sonorizacion-musical\\\/\"]}]},{\"@type\":\"BreadcrumbList\",\"@id\":\"https:\\\/\\\/discrauxa.cat\\\/es\\\/castillos-hinchables-para-fiestas-y-bodas-con-sonorizacion-musical\\\/#breadcrumb\",\"itemListElement\":[{\"@type\":\"ListItem\",\"position\":1,\"name\":\"Inici\",\"item\":\"https:\\\/\\\/discrauxa.cat\\\/es\\\/\"},{\"@type\":\"ListItem\",\"position\":2,\"name\":\"Castillos Hinchables\"}]},{\"@type\":\"WebSite\",\"@id\":\"https:\\\/\\\/discrauxa.cat\\\/#website\",\"url\":\"https:\\\/\\\/discrauxa.cat\\\/\",\"name\":\"DiscRauxa Discom\u00f2bil, Concerts i Events\",\"description\":\"Discom\u00f2bil, Concerts i Events per a casaments, festes, events\",\"potentialAction\":[{\"@type\":\"SearchAction\",\"target\":{\"@type\":\"EntryPoint\",\"urlTemplate\":\"https:\\\/\\\/discrauxa.cat\\\/?s={search_term_string}\"},\"query-input\":{\"@type\":\"PropertyValueSpecification\",\"valueRequired\":true,\"valueName\":\"search_term_string\"}}],\"inLanguage\":\"es\"}]}<\/script>\n<!-- \/ Yoast SEO plugin. -->","yoast_head_json":{"title":"Castillos Hinchables - DiscRauxa Discom\u00f2bil, Conciertos y Eventos","description":"DiscRauxa dispone de diferentes Castillos Hinchables para que puedas escoger el que mejor se adapte a tus necesidades con los Hinchables Salta.cat","robots":{"index":"index","follow":"follow","max-snippet":"max-snippet:-1","max-image-preview":"max-image-preview:large","max-video-preview":"max-video-preview:-1"},"canonical":"https:\/\/discrauxa.cat\/es\/castillos-hinchables-para-fiestas-y-bodas-con-sonorizacion-musical\/","og_locale":"es_ES","og_type":"article","og_title":"Castillos Hinchables - DiscRauxa Discom\u00f2bil, Conciertos y Eventos","og_description":"DiscRauxa dispone de diferentes Castillos Hinchables para que puedas escoger el que mejor se adapte a tus necesidades con los Hinchables Salta.cat","og_url":"https:\/\/discrauxa.cat\/es\/castillos-hinchables-para-fiestas-y-bodas-con-sonorizacion-musical\/","og_site_name":"DiscRauxa Discom\u00f2bil, Concerts i Events","article_modified_time":"2020-03-06T11:15:37+00:00","twitter_card":"summary_large_image","twitter_misc":{"Tiempo de lectura":"2 minutos"},"schema":{"@context":"https:\/\/schema.org","@graph":[{"@type":"WebPage","@id":"https:\/\/discrauxa.cat\/es\/castillos-hinchables-para-fiestas-y-bodas-con-sonorizacion-musical\/","url":"https:\/\/discrauxa.cat\/es\/castillos-hinchables-para-fiestas-y-bodas-con-sonorizacion-musical\/","name":"Castillos Hinchables - DiscRauxa Discom\u00f2bil, Conciertos y Eventos","isPartOf":{"@id":"https:\/\/discrauxa.cat\/#website"},"datePublished":"2019-11-15T13:18:14+00:00","dateModified":"2020-03-06T11:15:37+00:00","description":"DiscRauxa dispone de diferentes Castillos Hinchables para que puedas escoger el que mejor se adapte a tus necesidades con los Hinchables Salta.cat","breadcrumb":{"@id":"https:\/\/discrauxa.cat\/es\/castillos-hinchables-para-fiestas-y-bodas-con-sonorizacion-musical\/#breadcrumb"},"inLanguage":"es","potentialAction":[{"@type":"ReadAction","target":["https:\/\/discrauxa.cat\/es\/castillos-hinchables-para-fiestas-y-bodas-con-sonorizacion-musical\/"]}]},{"@type":"BreadcrumbList","@id":"https:\/\/discrauxa.cat\/es\/castillos-hinchables-para-fiestas-y-bodas-con-sonorizacion-musical\/#breadcrumb","itemListElement":[{"@type":"ListItem","position":1,"name":"Inici","item":"https:\/\/discrauxa.cat\/es\/"},{"@type":"ListItem","position":2,"name":"Castillos Hinchables"}]},{"@type":"WebSite","@id":"https:\/\/discrauxa.cat\/#website","url":"https:\/\/discrauxa.cat\/","name":"DiscRauxa Discom\u00f2bil, Concerts i Events","description":"Discom\u00f2bil, Concerts i Events per a casaments, festes, events","potentialAction":[{"@type":"SearchAction","target":{"@type":"EntryPoint","urlTemplate":"https:\/\/discrauxa.cat\/?s={search_term_string}"},"query-input":{"@type":"PropertyValueSpecification","valueRequired":true,"valueName":"search_term_string"}}],"inLanguage":"es"}]}},"_links":{"self":[{"href":"https:\/\/discrauxa.cat\/es\/wp-json\/wp\/v2\/pages\/2652","targetHints":{"allow":["GET"]}}],"collection":[{"href":"https:\/\/discrauxa.cat\/es\/wp-json\/wp\/v2\/pages"}],"about":[{"href":"https:\/\/discrauxa.cat\/es\/wp-json\/wp\/v2\/types\/page"}],"author":[{"embeddable":true,"href":"https:\/\/discrauxa.cat\/es\/wp-json\/wp\/v2\/users\/1"}],"replies":[{"embeddable":true,"href":"https:\/\/discrauxa.cat\/es\/wp-json\/wp\/v2\/comments?post=2652"}],"version-history":[{"count":5,"href":"https:\/\/discrauxa.cat\/es\/wp-json\/wp\/v2\/pages\/2652\/revisions"}],"predecessor-version":[{"id":2658,"href":"https:\/\/discrauxa.cat\/es\/wp-json\/wp\/v2\/pages\/2652\/revisions\/2658"}],"wp:attachment":[{"href":"https:\/\/discrauxa.cat\/es\/wp-json\/wp\/v2\/media?parent=2652"}],"curies":[{"name":"wp","href":"https:\/\/api.w.org\/{rel}","templated":true}]}}