{"id":2574,"date":"2019-11-15T14:34:43","date_gmt":"2019-11-15T12:34:43","guid":{"rendered":"https:\/\/discrauxa.cat\/serveis\/"},"modified":"2020-03-04T14:41:58","modified_gmt":"2020-03-04T12:41:58","slug":"services","status":"publish","type":"page","link":"https:\/\/discrauxa.cat\/en\/services\/","title":{"rendered":"Services offered by DiscRauxa Discom\u00f2bil Girona"},"content":{"rendered":"","protected":false},"excerpt":{"rendered":"","protected":false},"author":1,"featured_media":0,"parent":0,"menu_order":0,"comment_status":"closed","ping_status":"closed","template":"","meta":{"footnotes":""},"class_list":["post-2574","page","type-page","status-publish","hentry"],"yoast_head":"<!-- This site is optimized with the Yoast SEO plugin v27.3 - https:\/\/yoast.com\/product\/yoast-seo-wordpress\/ -->\n<title>Services offered by DiscRauxa Discom\u00f2bil Girona: Weddings and parties<\/title>\n<meta name=\"description\" content=\"DiscRauxa Discom\u00f2bil Girona in the Baix Empord\u00e0 offers music for parties, weddings, concerts, events, company dinners, etc ...\" \/>\n<meta name=\"robots\" content=\"index, follow, max-snippet:-1, max-image-preview:large, max-video-preview:-1\" \/>\n<link rel=\"canonical\" href=\"https:\/\/discrauxa.cat\/en\/services\/\" \/>\n<meta property=\"og:locale\" content=\"en_GB\" \/>\n<meta property=\"og:type\" content=\"article\" \/>\n<meta property=\"og:title\" content=\"Services offered by DiscRauxa Discom\u00f2bil Girona: Weddings and parties\" \/>\n<meta property=\"og:description\" content=\"DiscRauxa Discom\u00f2bil Girona in the Baix Empord\u00e0 offers music for parties, weddings, concerts, events, company dinners, etc ...\" \/>\n<meta property=\"og:url\" content=\"https:\/\/discrauxa.cat\/en\/services\/\" \/>\n<meta property=\"og:site_name\" content=\"DiscRauxa Discom\u00f2bil, Concerts i Events\" \/>\n<meta property=\"article:modified_time\" content=\"2020-03-04T12:41:58+00:00\" \/>\n<meta name=\"twitter:card\" content=\"summary_large_image\" \/>\n<script type=\"application\/ld+json\" class=\"yoast-schema-graph\">{\"@context\":\"https:\\\/\\\/schema.org\",\"@graph\":[{\"@type\":\"WebPage\",\"@id\":\"https:\\\/\\\/discrauxa.cat\\\/en\\\/services\\\/\",\"url\":\"https:\\\/\\\/discrauxa.cat\\\/en\\\/services\\\/\",\"name\":\"Services offered by DiscRauxa Discom\u00f2bil Girona: Weddings and parties\",\"isPartOf\":{\"@id\":\"https:\\\/\\\/discrauxa.cat\\\/#website\"},\"datePublished\":\"2019-11-15T12:34:43+00:00\",\"dateModified\":\"2020-03-04T12:41:58+00:00\",\"description\":\"DiscRauxa Discom\u00f2bil Girona in the Baix Empord\u00e0 offers music for parties, weddings, concerts, events, company dinners, etc ...\",\"breadcrumb\":{\"@id\":\"https:\\\/\\\/discrauxa.cat\\\/en\\\/services\\\/#breadcrumb\"},\"inLanguage\":\"en-GB\",\"potentialAction\":[{\"@type\":\"ReadAction\",\"target\":[\"https:\\\/\\\/discrauxa.cat\\\/en\\\/services\\\/\"]}]},{\"@type\":\"BreadcrumbList\",\"@id\":\"https:\\\/\\\/discrauxa.cat\\\/en\\\/services\\\/#breadcrumb\",\"itemListElement\":[{\"@type\":\"ListItem\",\"position\":1,\"name\":\"Inici\",\"item\":\"https:\\\/\\\/discrauxa.cat\\\/en\\\/\"},{\"@type\":\"ListItem\",\"position\":2,\"name\":\"Services offered by DiscRauxa Discom\u00f2bil Girona\"}]},{\"@type\":\"WebSite\",\"@id\":\"https:\\\/\\\/discrauxa.cat\\\/#website\",\"url\":\"https:\\\/\\\/discrauxa.cat\\\/\",\"name\":\"DiscRauxa Discom\u00f2bil, Concerts i Events\",\"description\":\"Discom\u00f2bil, Concerts i Events per a casaments, festes, events\",\"potentialAction\":[{\"@type\":\"SearchAction\",\"target\":{\"@type\":\"EntryPoint\",\"urlTemplate\":\"https:\\\/\\\/discrauxa.cat\\\/?s={search_term_string}\"},\"query-input\":{\"@type\":\"PropertyValueSpecification\",\"valueRequired\":true,\"valueName\":\"search_term_string\"}}],\"inLanguage\":\"en-GB\"}]}<\/script>\n<!-- \/ Yoast SEO plugin. -->","yoast_head_json":{"title":"Services offered by DiscRauxa Discom\u00f2bil Girona: Weddings and parties","description":"DiscRauxa Discom\u00f2bil Girona in the Baix Empord\u00e0 offers music for parties, weddings, concerts, events, company dinners, etc ...","robots":{"index":"index","follow":"follow","max-snippet":"max-snippet:-1","max-image-preview":"max-image-preview:large","max-video-preview":"max-video-preview:-1"},"canonical":"https:\/\/discrauxa.cat\/en\/services\/","og_locale":"en_GB","og_type":"article","og_title":"Services offered by DiscRauxa Discom\u00f2bil Girona: Weddings and parties","og_description":"DiscRauxa Discom\u00f2bil Girona in the Baix Empord\u00e0 offers music for parties, weddings, concerts, events, company dinners, etc ...","og_url":"https:\/\/discrauxa.cat\/en\/services\/","og_site_name":"DiscRauxa Discom\u00f2bil, Concerts i Events","article_modified_time":"2020-03-04T12:41:58+00:00","twitter_card":"summary_large_image","schema":{"@context":"https:\/\/schema.org","@graph":[{"@type":"WebPage","@id":"https:\/\/discrauxa.cat\/en\/services\/","url":"https:\/\/discrauxa.cat\/en\/services\/","name":"Services offered by DiscRauxa Discom\u00f2bil Girona: Weddings and parties","isPartOf":{"@id":"https:\/\/discrauxa.cat\/#website"},"datePublished":"2019-11-15T12:34:43+00:00","dateModified":"2020-03-04T12:41:58+00:00","description":"DiscRauxa Discom\u00f2bil Girona in the Baix Empord\u00e0 offers music for parties, weddings, concerts, events, company dinners, etc ...","breadcrumb":{"@id":"https:\/\/discrauxa.cat\/en\/services\/#breadcrumb"},"inLanguage":"en-GB","potentialAction":[{"@type":"ReadAction","target":["https:\/\/discrauxa.cat\/en\/services\/"]}]},{"@type":"BreadcrumbList","@id":"https:\/\/discrauxa.cat\/en\/services\/#breadcrumb","itemListElement":[{"@type":"ListItem","position":1,"name":"Inici","item":"https:\/\/discrauxa.cat\/en\/"},{"@type":"ListItem","position":2,"name":"Services offered by DiscRauxa Discom\u00f2bil Girona"}]},{"@type":"WebSite","@id":"https:\/\/discrauxa.cat\/#website","url":"https:\/\/discrauxa.cat\/","name":"DiscRauxa Discom\u00f2bil, Concerts i Events","description":"Discom\u00f2bil, Concerts i Events per a casaments, festes, events","potentialAction":[{"@type":"SearchAction","target":{"@type":"EntryPoint","urlTemplate":"https:\/\/discrauxa.cat\/?s={search_term_string}"},"query-input":{"@type":"PropertyValueSpecification","valueRequired":true,"valueName":"search_term_string"}}],"inLanguage":"en-GB"}]}},"_links":{"self":[{"href":"https:\/\/discrauxa.cat\/en\/wp-json\/wp\/v2\/pages\/2574","targetHints":{"allow":["GET"]}}],"collection":[{"href":"https:\/\/discrauxa.cat\/en\/wp-json\/wp\/v2\/pages"}],"about":[{"href":"https:\/\/discrauxa.cat\/en\/wp-json\/wp\/v2\/types\/page"}],"author":[{"embeddable":true,"href":"https:\/\/discrauxa.cat\/en\/wp-json\/wp\/v2\/users\/1"}],"replies":[{"embeddable":true,"href":"https:\/\/discrauxa.cat\/en\/wp-json\/wp\/v2\/comments?post=2574"}],"version-history":[{"count":2,"href":"https:\/\/discrauxa.cat\/en\/wp-json\/wp\/v2\/pages\/2574\/revisions"}],"predecessor-version":[{"id":2614,"href":"https:\/\/discrauxa.cat\/en\/wp-json\/wp\/v2\/pages\/2574\/revisions\/2614"}],"wp:attachment":[{"href":"https:\/\/discrauxa.cat\/en\/wp-json\/wp\/v2\/media?parent=2574"}],"curies":[{"name":"wp","href":"https:\/\/api.w.org\/{rel}","templated":true}]}}