{"id":2471,"date":"2020-02-27T16:00:38","date_gmt":"2020-02-27T14:00:38","guid":{"rendered":"https:\/\/discrauxa.cat\/?page_id=2471"},"modified":"2026-02-14T13:50:01","modified_gmt":"2026-02-14T11:50:01","slug":"wedding-rates","status":"publish","type":"page","link":"https:\/\/discrauxa.cat\/en\/wedding-rates\/","title":{"rendered":"Mobile disco for weddings"},"content":{"rendered":"<section class=\"wpb-content-wrapper\"><p>[vc_row][vc_column][vc_row_inner][vc_column_inner][vc_custom_heading text=&#8221;Wedding Packs:&#8221; font_container=&#8221;tag:h2|text_align:center&#8221; google_fonts=&#8221;font_family:Montserrat%3Aregular%2C700|font_style:400%20regular%3A400%3Anormal&#8221;][vc_empty_space][\/vc_column_inner][\/vc_row_inner][vc_row_inner][vc_column_inner width=&#8221;1\/2&#8243;][vc_custom_heading text=&#8221;Premium Wedding&#8221; font_container=&#8221;tag:h3|font_size:32|text_align:center&#8221; google_fonts=&#8221;font_family:Montserrat%3Aregular%2C700|font_style:400%20regular%3A400%3Anormal&#8221;][vc_empty_space height=&#8221;12px&#8221;][vc_single_image image=&#8221;3079&#8243; img_size=&#8221;medium&#8221; alignment=&#8221;center&#8221;][vc_empty_space][vc_btn title=&#8221;1600&#8243; style=&#8221;custom&#8221; custom_text=&#8221;#000000&#8243; size=&#8221;lg&#8221; align=&#8221;center&#8221; i_align=&#8221;right&#8221; i_icon_fontawesome=&#8221;fas fa-euro-sign&#8221; button_block=&#8221;true&#8221; add_icon=&#8221;true&#8221; custom_onclick=&#8221;true&#8221; custom_onclick_code=&#8221;color: &#8220;f00&#8220;;&#8221;][vc_empty_space][vc_column_text]\u2013 Advice on completing the music script<br \/>\n&#8211; Sound&amp;mic at the ceremony<br \/>\n&#8211; Sound at the cocktail and banquet<br \/>\n&#8211; Delivery of Gifts and Toasts<br \/>\n&#8211; <strong> Dance (4 hours dance) with premium dj set<br \/>\n<\/strong>\u2013 100% freedom to choose all the music for your wedding<br \/>\n&#8211; Up to 3 sound systems<br \/>\n&#8211; Wireless microphone at all times<br \/>\n&#8211; Lighting equipment<br \/>\n&#8211; Special effects (LED, Smoke &#8230;)<br \/>\n&#8211; <strong>4ch mixer with microphones for quartet live concerts<\/strong><br \/>\n&#8211; Music selection according to the couple<br \/>\n&#8211; Meetings with the bride and groom before the wedding<br \/>\n&#8211; Visit to the wedding space<br \/>\n&#8211; Transport and assembly<br \/>\n&#8211; Recording of the musical selection and the dance<br \/>\n&#8211; Dj&#8217;s Animations<br \/>\n&#8211; Civil Liability Insurance for the safety of all<\/p>\n<p><strong>\u2013 And one of these promotions:<\/strong><\/p>\n<ul>\n<li>Cold fire<\/li>\n<li>Up to 5 hours of dancing<\/li>\n<li>Video Projections<\/li>\n<li>Professional karaoke<\/li>\n<\/ul>\n<p>[\/vc_column_text][vc_empty_space height=&#8221;52px&#8221;][\/vc_column_inner][vc_column_inner width=&#8221;1\/2&#8243;][vc_custom_heading text=&#8221;Complete Wedding&#8221; font_container=&#8221;tag:h3|font_size:32|text_align:center&#8221; google_fonts=&#8221;font_family:Montserrat%3Aregular%2C700|font_style:400%20regular%3A400%3Anormal&#8221;][vc_empty_space height=&#8221;12px&#8221;][vc_single_image image=&#8221;3223&#8243; img_size=&#8221;medium&#8221; alignment=&#8221;center&#8221;][vc_empty_space][vc_btn title=&#8221;1200&#8243; style=&#8221;custom&#8221; custom_text=&#8221;#000000&#8243; size=&#8221;lg&#8221; align=&#8221;center&#8221; i_align=&#8221;right&#8221; i_icon_fontawesome=&#8221;fas fa-euro-sign&#8221; button_block=&#8221;true&#8221; add_icon=&#8221;true&#8221; custom_onclick=&#8221;true&#8221; custom_onclick_code=&#8221;color: &#8220;f00&#8220;;&#8221;][vc_empty_space][vc_column_text]\u2013 Advice to complete the musical script<br \/>\n&#8211; Sound&amp;mic at the ceremony<br \/>\n&#8211; Sound at the cocktail and banquet<br \/>\n&#8211; Delivery of Gifts and Toasts<br \/>\n&#8211; <strong> Dance (2 hours) with standard dj set<br \/>\n<\/strong>\u2013 100% freedom to choose all the music for your wedding<br \/>\n&#8211; Up to 3 sound systems<br \/>\n&#8211; Wireless microphone at all times<br \/>\n&#8211; Lighting equipment<br \/>\n&#8211; Special effects (LED, Smoke &#8230;)<br \/>\n<strong>&#8211; 2ch mixer with microphones for duet live concerts<\/strong><br \/>\n&#8211; Music selection according to the couple<br \/>\n&#8211; Meetings with the bride and groom before the wedding<br \/>\n&#8211; Visit to the wedding space<br \/>\n&#8211; Transport and assembly<br \/>\n&#8211; Recording of the musical selection and the dance<br \/>\n&#8211; Dj&#8217;s Animations<br \/>\n&#8211; Civil Liability Insurance for the safety of all<br \/>\n<strong>&#8211; Karaoke (without monitors)<\/strong>[\/vc_column_text][vc_empty_space][\/vc_column_inner][\/vc_row_inner][\/vc_column][\/vc_row][vc_row][vc_column][vc_empty_space][vc_column_text]<\/p>\n<p style=\"text-align: center;\"><span style=\"color: #999999;\">Prices do not include VAT<\/span><\/p>\n<p>[\/vc_column_text][vc_empty_space][\/vc_column][\/vc_row][vc_row full_width=&#8221;stretch_row_content&#8221; css=&#8221;.vc_custom_1579963621812{padding-top: 40px !important;padding-bottom: 80px !important;background-image: url(https:\/\/discrauxa.cat\/wp-content\/uploads\/websites-with-green-background-6.jpg?id=1510) !important;background-position: center !important;background-repeat: no-repeat !important;background-size: cover !important;}&#8221;][vc_column width=&#8221;1\/2&#8243;][vc_btn title=&#8221;<b>Wedding Rates<\/b>&#8221; style=&#8221;3d&#8221; size=&#8221;lg&#8221; align=&#8221;center&#8221; i_icon_fontawesome=&#8221;far fa-calendar-alt&#8221; css_animation=&#8221;bounceIn&#8221; add_icon=&#8221;true&#8221; link=&#8221;url:https%3A%2F%2Fdiscrauxa.cat%2Fwp-content%2Fuploads%2Fflyer-2026-discrauxa-discomobil-vertical-compressed.pdf|title:Flyer%202026|target:_blank&#8221;][\/vc_column][vc_column width=&#8221;1\/2&#8243;][vc_btn title=&#8221;<b>Book now!<\/b>&#8221; style=&#8221;3d&#8221; size=&#8221;lg&#8221; align=&#8221;center&#8221; i_icon_fontawesome=&#8221;far fa-calendar-alt&#8221; css_animation=&#8221;bounceIn&#8221; add_icon=&#8221;true&#8221; link=&#8221;url:https%3A%2F%2Fairtable.com%2Fapp5abM2rOmPpM1jl%2FshrX3hC82fzkS50oc|target:_blank&#8221;][\/vc_column][\/vc_row][vc_row][vc_column][vc_custom_heading text=&#8221;COMPLEMENTS AND EXTRAS&#8221; font_container=&#8221;tag:h2|text_align:center&#8221; google_fonts=&#8221;font_family:Montserrat%3Aregular%2C700|font_style:400%20regular%3A400%3Anormal&#8221; el_id=&#8221;extras&#8221;][vc_empty_space][vc_row_inner][vc_column_inner width=&#8221;1\/4&#8243;][vc_single_image image=&#8221;1615&#8243; img_size=&#8221;300&#215;200&#8243; alignment=&#8221;center&#8221; style=&#8221;vc_box_shadow&#8221; onclick=&#8221;link_image&#8221; css_animation=&#8221;zoomIn&#8221;][vc_custom_heading text=&#8221;Projections&#8221; font_container=&#8221;tag:h3|text_align:center&#8221; google_fonts=&#8221;font_family:Montserrat%3Aregular%2C700|font_style:400%20regular%3A400%3Anormal&#8221; link=&#8221;|||&#8221;][vc_empty_space height=&#8221;30px&#8221;][\/vc_column_inner][vc_column_inner width=&#8221;1\/4&#8243;][vc_single_image image=&#8221;1238&#8243; img_size=&#8221;300&#215;200&#8243; alignment=&#8221;center&#8221; style=&#8221;vc_box_shadow&#8221; onclick=&#8221;custom_link&#8221; css_animation=&#8221;zoomIn&#8221; link=&#8221;\/en\/actor-for-weddings\/&#8221;][vc_custom_heading text=&#8221;Actor \/ Judge&#8221; font_container=&#8221;tag:h3|text_align:center&#8221; google_fonts=&#8221;font_family:Montserrat%3Aregular%2C700|font_style:400%20regular%3A400%3Anormal&#8221; link=&#8221;url:%2Fen%2Factor-for-weddings%2F|title:Actor%20for%20Weddings||&#8221;][vc_empty_space height=&#8221;30px&#8221;][\/vc_column_inner][vc_column_inner width=&#8221;1\/4&#8243;][vc_single_image image=&#8221;1610&#8243; img_size=&#8221;300&#215;200&#8243; alignment=&#8221;center&#8221; style=&#8221;vc_box_shadow&#8221; onclick=&#8221;link_image&#8221; css_animation=&#8221;zoomIn&#8221;][vc_custom_heading text=&#8221;Light cannon&#8221; font_container=&#8221;tag:h3|text_align:center&#8221; google_fonts=&#8221;font_family:Montserrat%3Aregular%2C700|font_style:400%20regular%3A400%3Anormal&#8221; link=&#8221;|||&#8221;][vc_empty_space height=&#8221;30px&#8221;][\/vc_column_inner][vc_column_inner width=&#8221;1\/4&#8243;][vc_single_image image=&#8221;1357&#8243; img_size=&#8221;300&#215;200&#8243; alignment=&#8221;center&#8221; style=&#8221;vc_box_shadow&#8221; onclick=&#8221;custom_link&#8221; css_animation=&#8221;zoomIn&#8221; link=&#8221;\/en\/bouncy-castle\/&#8221;][vc_custom_heading text=&#8221;Bouncy castle&#8221; font_container=&#8221;tag:h3|text_align:center&#8221; google_fonts=&#8221;font_family:Montserrat%3Aregular%2C700|font_style:400%20regular%3A400%3Anormal&#8221; link=&#8221;url:%2Fen%2Fbouncy-castle%2F|title:Castells%20Inflables||&#8221;][vc_empty_space height=&#8221;30px&#8221;][\/vc_column_inner][\/vc_row_inner][vc_row_inner][vc_column_inner width=&#8221;1\/4&#8243;][vc_single_image image=&#8221;1221&#8243; img_size=&#8221;300&#215;200&#8243; alignment=&#8221;center&#8221; style=&#8221;vc_box_shadow&#8221; onclick=&#8221;link_image&#8221; css_animation=&#8221;zoomIn&#8221;][vc_custom_heading text=&#8221;Extra hours dance&#8221; font_container=&#8221;tag:h3|text_align:center&#8221; google_fonts=&#8221;font_family:Montserrat%3Aregular%2C700|font_style:400%20regular%3A400%3Anormal&#8221; link=&#8221;|||&#8221;][vc_empty_space height=&#8221;30px&#8221;][\/vc_column_inner][vc_column_inner width=&#8221;1\/4&#8243;][vc_single_image image=&#8221;1430&#8243; img_size=&#8221;300&#215;200&#8243; alignment=&#8221;center&#8221; style=&#8221;vc_box_shadow&#8221; onclick=&#8221;link_image&#8221; css_animation=&#8221;zoomIn&#8221;][vc_custom_heading text=&#8221;Battery speaker&#8221; font_container=&#8221;tag:h3|text_align:center&#8221; google_fonts=&#8221;font_family:Montserrat%3Aregular%2C700|font_style:400%20regular%3A400%3Anormal&#8221; link=&#8221;|||&#8221;][vc_empty_space height=&#8221;30px&#8221;][\/vc_column_inner][vc_column_inner width=&#8221;1\/4&#8243;][vc_single_image image=&#8221;1252&#8243; img_size=&#8221;300&#215;200&#8243; alignment=&#8221;center&#8221; style=&#8221;vc_box_shadow&#8221; onclick=&#8221;custom_link&#8221; css_animation=&#8221;zoomIn&#8221; link=&#8221;\/en\/video-reports\/&#8221;][vc_custom_heading text=&#8221;Video reports&#8221; font_container=&#8221;tag:h3|text_align:center&#8221; google_fonts=&#8221;font_family:Montserrat%3Aregular%2C700|font_style:400%20regular%3A400%3Anormal&#8221; link=&#8221;url:%2Fen%2Fvideo-reports%2F|title:Videoreportatges||&#8221;][vc_empty_space height=&#8221;30px&#8221;][\/vc_column_inner][vc_column_inner width=&#8221;1\/4&#8243;][vc_single_image image=&#8221;3299&#8243; img_size=&#8221;300&#215;200&#8243; alignment=&#8221;center&#8221; style=&#8221;vc_box_shadow&#8221; onclick=&#8221;custom_link&#8221; css_animation=&#8221;zoomIn&#8221; link=&#8221;\/focs-freds\/&#8221;][vc_custom_heading text=&#8221;Foc fred&#8221; font_container=&#8221;tag:h3|text_align:center&#8221; google_fonts=&#8221;font_family:Montserrat%3Aregular%2C700|font_style:400%20regular%3A400%3Anormal&#8221; link=&#8221;url:%2Ffocs-freds%2F|title:efectes%20especials|target:_blank&#8221;][vc_empty_space height=&#8221;30px&#8221;][\/vc_column_inner][\/vc_row_inner][vc_row_inner][vc_column_inner width=&#8221;1\/4&#8243;][vc_single_image image=&#8221;1465&#8243; img_size=&#8221;300&#215;200&#8243; alignment=&#8221;center&#8221; style=&#8221;vc_box_shadow&#8221; onclick=&#8221;custom_link&#8221; css_animation=&#8221;zoomIn&#8221; link=&#8221;\/en\/entertainment-for-children-and-adults\/&#8221;][vc_custom_heading text=&#8221;Animation&#8221; font_container=&#8221;tag:h3|text_align:center&#8221; google_fonts=&#8221;font_family:Montserrat%3Aregular%2C700|font_style:400%20regular%3A400%3Anormal&#8221; link=&#8221;url:%2Fen%2Fentertainment-for-children-and-adults%2F|title:Entertainment%20for%20children%20and%20adults||&#8221;][vc_empty_space height=&#8221;30px&#8221;][\/vc_column_inner][vc_column_inner width=&#8221;1\/4&#8243;][vc_single_image image=&#8221;1462&#8243; img_size=&#8221;300&#215;200&#8243; alignment=&#8221;center&#8221; style=&#8221;vc_box_shadow&#8221; onclick=&#8221;custom_link&#8221; css_animation=&#8221;zoomIn&#8221; link=&#8221;\/en\/Photo-booth\/&#8221;][vc_custom_heading text=&#8221;Photo booth&#8221; font_container=&#8221;tag:h3|text_align:center&#8221; google_fonts=&#8221;font_family:Montserrat%3Aregular%2C700|font_style:400%20regular%3A400%3Anormal&#8221; link=&#8221;url:%2Fen%2FPhoto-booth%2F|title:Fotomaton||&#8221;][vc_empty_space height=&#8221;30px&#8221;][\/vc_column_inner][vc_column_inner width=&#8221;1\/4&#8243;][vc_single_image image=&#8221;1469&#8243; img_size=&#8221;300&#215;200&#8243; alignment=&#8221;center&#8221; style=&#8221;vc_box_shadow&#8221; onclick=&#8221;custom_link&#8221; css_animation=&#8221;zoomIn&#8221; link=&#8221;\/en\/Garlands\/&#8221;][vc_custom_heading text=&#8221;Garlands&#8221; font_container=&#8221;tag:h3|text_align:center&#8221; google_fonts=&#8221;font_family:Montserrat%3Aregular%2C700|font_style:400%20regular%3A400%3Anormal&#8221; link=&#8221;url:%2Fen%2FGarlands%2F|title:gurinaldes||&#8221;][vc_empty_space height=&#8221;30px&#8221;][\/vc_column_inner][vc_column_inner width=&#8221;1\/4&#8243;][vc_single_image image=&#8221;1261&#8243; img_size=&#8221;300&#215;200&#8243; alignment=&#8221;center&#8221; style=&#8221;vc_box_shadow&#8221; onclick=&#8221;custom_link&#8221; css_animation=&#8221;zoomIn&#8221; link=&#8221;\/en\/karaoke\/&#8221;][vc_custom_heading text=&#8221;Karaoke&#8221; font_container=&#8221;tag:h3|text_align:center&#8221; google_fonts=&#8221;font_family:Montserrat%3Aregular%2C700|font_style:400%20regular%3A400%3Anormal&#8221; link=&#8221;url:%2Fen%2Fkaraoke%2F|title:karaoke||&#8221;][vc_empty_space height=&#8221;30px&#8221;][\/vc_column_inner][\/vc_row_inner][\/vc_column][\/vc_row][vc_row css=&#8221;.vc_custom_1698058045138{background-color: #eaeaea !important;}&#8221;][vc_column][vc_custom_heading text=&#8221;EXTRAS (with additional budget):&#8221; font_container=&#8221;tag:h3|font_size:32|text_align:center&#8221; google_fonts=&#8221;font_family:Montserrat%3Aregular%2C700|font_style:400%20regular%3A400%3Anormal&#8221;][vc_row_inner css=&#8221;.vc_custom_1698058082283{padding-top: 3px !important;padding-bottom: 30px !important;}&#8221;][vc_column_inner width=&#8221;1\/3&#8243;][vc_column_text]- Extra hours dancing<\/p>\n<p>&#8211; Video Projections<\/p>\n<p>&#8211; Video-Reportage[\/vc_column_text][\/vc_column_inner][vc_column_inner width=&#8221;1\/3&#8243;][vc_column_text]- Cold fire<\/p>\n<p>&#8211; Professional karaoke<\/p>\n<p>&#8211; Garlands[\/vc_column_text][\/vc_column_inner][vc_column_inner width=&#8221;1\/3&#8243;][vc_column_text]- 8 ch mixer + microphone for concerts<\/p>\n<p>&#8211; 16ch mixer + microphone for concerts<\/p>\n<p>&#8211; Bouncy Castles[\/vc_column_text][\/vc_column_inner][\/vc_row_inner][\/vc_column][\/vc_row][vc_row full_width=&#8221;stretch_row_content&#8221; css=&#8221;.vc_custom_1579963621812{padding-top: 40px !important;padding-bottom: 80px !important;background-image: url(https:\/\/discrauxa.cat\/wp-content\/uploads\/websites-with-green-background-6.jpg?id=1510) !important;background-position: center !important;background-repeat: no-repeat !important;background-size: cover !important;}&#8221;][vc_column width=&#8221;1\/2&#8243;][vc_btn title=&#8221;<b>Wedding Rates<\/b>&#8221; style=&#8221;3d&#8221; size=&#8221;lg&#8221; align=&#8221;center&#8221; i_icon_fontawesome=&#8221;far fa-calendar-alt&#8221; css_animation=&#8221;bounceIn&#8221; add_icon=&#8221;true&#8221; link=&#8221;url:https%3A%2F%2Fdiscrauxa.cat%2Fwp-content%2Fuploads%2Fflyer-2026-discrauxa-discomobil-vertical-compressed.pdf|title:Flyer%202026|target:_blank&#8221;][\/vc_column][vc_column width=&#8221;1\/2&#8243;][vc_btn title=&#8221;<b>Book now!<\/b>&#8221; style=&#8221;3d&#8221; size=&#8221;lg&#8221; align=&#8221;center&#8221; i_icon_fontawesome=&#8221;far fa-calendar-alt&#8221; css_animation=&#8221;bounceIn&#8221; add_icon=&#8221;true&#8221; link=&#8221;url:https%3A%2F%2Fairtable.com%2Fapp5abM2rOmPpM1jl%2FshrX3hC82fzkS50oc|target:_blank&#8221;][\/vc_column][\/vc_row][vc_row full_width=&#8221;stretch_row_content&#8221; css=&#8221;.vc_custom_1575137646914{background-color: rgba(245,109,114,0.05) !important;*background-color: rgb(245,109,114) !important;}&#8221;][vc_column][vc_row_inner][vc_column_inner width=&#8221;1\/4&#8243;][vc_raw_html]JTNDY2VudGVyJTNFJTNDc2NyaXB0JTIwc3JjJTNEJTIyaHR0cHMlM0ElMkYlMkZjZG4xLmJvZGFzLm5ldCUyRl9qcyUyRndwLXJhdGVkLmpzJTNGdiUzRDQlMjIlM0UlM0MlMkZzY3JpcHQlM0UlMEElM0NkaXYlMjBpZCUzRCUyMndwLXJhdGVkJTIyJTNFJTNDYSUyMHRhcmdldCUzRCUyMl9ibGFuayUyMiUyMGhyZWYlM0QlMjJodHRwcyUzQSUyRiUyRnd3dy5ib2Rhcy5uZXQlMkZtdXNpY2ElMkZkaXNjcmF1eGEtZGlzY29tb2JpbC1pLWV2ZW50cy0tZTM3NTI2JTIyJTIwdGl0bGUlM0QlMjJTdWdlcmlkbyUyMGVuJTIwd3d3LmJvZGFzLm5ldCUyMiUzRSUzQ2ltZyUyMGFsdCUzRCUyMlJlY29tZW5kYWRvJTIwZW4lMjBCb2Rhcy5uZXQlMjIlMjBpZCUzRCUyMndwLXJhdGVkLWltZyUyMiUyMHNyYyUzRCUyMmh0dHBzJTNBJTJGJTJGY2RuMS5ib2Rhcy5uZXQlMkZhc3NldHMlMkZpbWclMkZiYWRnZXMlMkZyYXRlZCUyRmJhZGdlLXJhdGVkLTUwLnBuZyUyMiUyRiUzRSUzQyUyRmElM0UlM0MlMkZkaXYlM0UlMEElM0NzY3JpcHQlM0V3cFNob3dSYXRlZHYyJTI4JTI3Mzc1MjYlMjclMjklM0IlM0MlMkZzY3JpcHQlM0UlMjAlMjAlM0MlMkZjZW50ZXIlM0U=[\/vc_raw_html][\/vc_column_inner][vc_column_inner width=&#8221;3\/4&#8243;][vc_raw_html]JTNDc2NyaXB0JTIwc3JjJTNEJTIyaHR0cHMlM0ElMkYlMkZjZG4xLmJvZGFzLm5ldCUyRmpzJTJGd3Atd2lkZ2V0LmpzJTNGbm9zc2wtc2Ytc3VpLTIwMTkxMTI4LTAxRVMxNjUtMV93d3dfbV8lMjIlM0UlM0MlMkZzY3JpcHQlM0UlMEElM0NkaXYlMjBpZCUzRCUyMndwLXdpZGdldC1yZXZpZXdzJTIyJTNFJTBBJTIwJTIwJTIwJTIwJTNDZGl2JTIwaWQlM0QlMjJ3cC13aWRnZXQtcHJldmlldyUyMiUzRSUwQSUyMCUyMCUyMCUyMCUyMCUyMCUyMCUyMExlZSUyMCUzQ2ElMjBocmVmJTNEJTIyaHR0cHMlM0ElMkYlMkZ3d3cuYm9kYXMubmV0JTJGbXVzaWNhJTJGZGlzY3JhdXhhLWRpc2NvbW9iaWwtaS1ldmVudHMtLWUzNzUyNiUyRm9waW5pb25lcyUyMiUzRW51ZXN0cmFzJTIwb3BpbmlvbmVzJTNDJTJGYSUzRSUyMGVuJTIwJTI2bmJzcCUzQiUwQSUyMCUyMCUyMCUyMCUyMCUyMCUyMCUyMCUzQ2ElMjBocmVmJTNEJTI3aHR0cHMlM0ElMkYlMkZ3d3cuYm9kYXMubmV0JTI3JTNFJTBBJTIwJTIwJTIwJTIwJTIwJTIwJTIwJTIwJTIwJTIwJTIwJTIwJTNDaW1nJTIwc3JjJTNEJTIyaHR0cHMlM0ElMkYlMkZjZG4xLmJvZGFzLm5ldCUyRmFzc2V0cyUyRmltZyUyRmxvZ29zJTJGZ2VuX2xvZ29IZWFkZXIuc3ZnJTIyJTIwaGVpZ2h0JTNEJTIyMjAlMjIlM0UlMEElMjAlMjAlMjAlMjAlMjAlMjAlMjAlMjAlM0MlMkZhJTNFJTBBJTIwJTIwJTIwJTIwJTNDJTJGZGl2JTNFJTBBJTNDJTJGZGl2JTNFJTBBJTNDc2NyaXB0JTNFd3BTaG93UmV2aWV3cyUyODM3NTI2JTJDJTIwJTIycmVkJTIyJTI5JTNCJTNDJTJGc2NyaXB0JTNFJTBB[\/vc_raw_html][\/vc_column_inner][\/vc_row_inner][vc_empty_space][\/vc_column][\/vc_row]<\/p>\n<\/section>","protected":false},"excerpt":{"rendered":"<p>[vc_row][vc_column][vc_row_inner][vc_column_inner][vc_custom_heading text=&#8221;Wedding Packs:&#8221; font_container=&#8221;tag:h2|text_align:center&#8221; google_fonts=&#8221;font_family:Montserrat%3Aregular%2C700|font_style:400%20regular%3A400%3Anormal&#8221;][vc_empty_space][\/vc_column_inner][\/vc_row_inner][vc_row_inner][vc_column_inner width=&#8221;1\/2&#8243;][vc_custom_heading text=&#8221;Premium Wedding&#8221; font_container=&#8221;tag:h3|font_size:32|text_align:center&#8221; google_fonts=&#8221;font_family:Montserrat%3Aregular%2C700|font_style:400%20regular%3A400%3Anormal&#8221;][vc_empty_space height=&#8221;12px&#8221;][vc_single_image image=&#8221;3079&#8243; img_size=&#8221;medium&#8221; alignment=&#8221;center&#8221;][vc_empty_space][vc_btn title=&#8221;1600&#8243; style=&#8221;custom&#8221; custom_text=&#8221;#000000&#8243; size=&#8221;lg&#8221; align=&#8221;center&#8221; i_align=&#8221;right&#8221; i_icon_fontawesome=&#8221;fas fa-euro-sign&#8221; button_block=&#8221;true&#8221; add_icon=&#8221;true&#8221; custom_onclick=&#8221;true&#8221; custom_onclick_code=&#8221;color:<span class=\"excerpt-hellip\"> [\u2026]<\/span><\/p>\n","protected":false},"author":1,"featured_media":0,"parent":0,"menu_order":0,"comment_status":"closed","ping_status":"closed","template":"","meta":{"footnotes":""},"class_list":["post-2471","page","type-page","status-publish","hentry"],"yoast_head":"<!-- This site is optimized with the Yoast SEO plugin v27.3 - https:\/\/yoast.com\/product\/yoast-seo-wordpress\/ -->\n<title>Packs prices of Wedding Discom\u00f2bil - DiscRauxa Discom\u00f2bil Girona<\/title>\n<meta name=\"description\" content=\"DiscRauxa Discom\u00f2bil offers different packages and rates adjusted for your wedding, with ceremony, cocktail, banquet and as many hours of dance as you want.\" \/>\n<meta name=\"robots\" content=\"index, follow, max-snippet:-1, max-image-preview:large, max-video-preview:-1\" \/>\n<link rel=\"canonical\" href=\"https:\/\/discrauxa.cat\/en\/wedding-rates\/\" \/>\n<meta property=\"og:locale\" content=\"en_GB\" \/>\n<meta property=\"og:type\" content=\"article\" \/>\n<meta property=\"og:title\" content=\"Packs prices of Wedding Discom\u00f2bil - DiscRauxa Discom\u00f2bil Girona\" \/>\n<meta property=\"og:description\" content=\"DiscRauxa Discom\u00f2bil offers different packages and rates adjusted for your wedding, with ceremony, cocktail, banquet and as many hours of dance as you want.\" \/>\n<meta property=\"og:url\" content=\"https:\/\/discrauxa.cat\/en\/wedding-rates\/\" \/>\n<meta property=\"og:site_name\" content=\"DiscRauxa Discom\u00f2bil, Concerts i Events\" \/>\n<meta property=\"article:modified_time\" content=\"2026-02-14T11:50:01+00:00\" \/>\n<meta name=\"twitter:card\" content=\"summary_large_image\" \/>\n<meta name=\"twitter:label1\" content=\"Estimated reading time\" \/>\n\t<meta name=\"twitter:data1\" content=\"4 minutes\" \/>\n<script type=\"application\/ld+json\" class=\"yoast-schema-graph\">{\"@context\":\"https:\\\/\\\/schema.org\",\"@graph\":[{\"@type\":\"WebPage\",\"@id\":\"https:\\\/\\\/discrauxa.cat\\\/en\\\/wedding-rates\\\/\",\"url\":\"https:\\\/\\\/discrauxa.cat\\\/en\\\/wedding-rates\\\/\",\"name\":\"Packs prices of Wedding Discom\u00f2bil - DiscRauxa Discom\u00f2bil Girona\",\"isPartOf\":{\"@id\":\"https:\\\/\\\/discrauxa.cat\\\/#website\"},\"datePublished\":\"2020-02-27T14:00:38+00:00\",\"dateModified\":\"2026-02-14T11:50:01+00:00\",\"description\":\"DiscRauxa Discom\u00f2bil offers different packages and rates adjusted for your wedding, with ceremony, cocktail, banquet and as many hours of dance as you want.\",\"breadcrumb\":{\"@id\":\"https:\\\/\\\/discrauxa.cat\\\/en\\\/wedding-rates\\\/#breadcrumb\"},\"inLanguage\":\"en-GB\",\"potentialAction\":[{\"@type\":\"ReadAction\",\"target\":[\"https:\\\/\\\/discrauxa.cat\\\/en\\\/wedding-rates\\\/\"]}]},{\"@type\":\"BreadcrumbList\",\"@id\":\"https:\\\/\\\/discrauxa.cat\\\/en\\\/wedding-rates\\\/#breadcrumb\",\"itemListElement\":[{\"@type\":\"ListItem\",\"position\":1,\"name\":\"Inici\",\"item\":\"https:\\\/\\\/discrauxa.cat\\\/en\\\/\"},{\"@type\":\"ListItem\",\"position\":2,\"name\":\"Mobile disco for weddings\"}]},{\"@type\":\"WebSite\",\"@id\":\"https:\\\/\\\/discrauxa.cat\\\/#website\",\"url\":\"https:\\\/\\\/discrauxa.cat\\\/\",\"name\":\"DiscRauxa Discom\u00f2bil, Concerts i Events\",\"description\":\"Discom\u00f2bil, Concerts i Events per a casaments, festes, events\",\"potentialAction\":[{\"@type\":\"SearchAction\",\"target\":{\"@type\":\"EntryPoint\",\"urlTemplate\":\"https:\\\/\\\/discrauxa.cat\\\/?s={search_term_string}\"},\"query-input\":{\"@type\":\"PropertyValueSpecification\",\"valueRequired\":true,\"valueName\":\"search_term_string\"}}],\"inLanguage\":\"en-GB\"}]}<\/script>\n<!-- \/ Yoast SEO plugin. -->","yoast_head_json":{"title":"Packs prices of Wedding Discom\u00f2bil - DiscRauxa Discom\u00f2bil Girona","description":"DiscRauxa Discom\u00f2bil offers different packages and rates adjusted for your wedding, with ceremony, cocktail, banquet and as many hours of dance as you want.","robots":{"index":"index","follow":"follow","max-snippet":"max-snippet:-1","max-image-preview":"max-image-preview:large","max-video-preview":"max-video-preview:-1"},"canonical":"https:\/\/discrauxa.cat\/en\/wedding-rates\/","og_locale":"en_GB","og_type":"article","og_title":"Packs prices of Wedding Discom\u00f2bil - DiscRauxa Discom\u00f2bil Girona","og_description":"DiscRauxa Discom\u00f2bil offers different packages and rates adjusted for your wedding, with ceremony, cocktail, banquet and as many hours of dance as you want.","og_url":"https:\/\/discrauxa.cat\/en\/wedding-rates\/","og_site_name":"DiscRauxa Discom\u00f2bil, Concerts i Events","article_modified_time":"2026-02-14T11:50:01+00:00","twitter_card":"summary_large_image","twitter_misc":{"Estimated reading time":"4 minutes"},"schema":{"@context":"https:\/\/schema.org","@graph":[{"@type":"WebPage","@id":"https:\/\/discrauxa.cat\/en\/wedding-rates\/","url":"https:\/\/discrauxa.cat\/en\/wedding-rates\/","name":"Packs prices of Wedding Discom\u00f2bil - DiscRauxa Discom\u00f2bil Girona","isPartOf":{"@id":"https:\/\/discrauxa.cat\/#website"},"datePublished":"2020-02-27T14:00:38+00:00","dateModified":"2026-02-14T11:50:01+00:00","description":"DiscRauxa Discom\u00f2bil offers different packages and rates adjusted for your wedding, with ceremony, cocktail, banquet and as many hours of dance as you want.","breadcrumb":{"@id":"https:\/\/discrauxa.cat\/en\/wedding-rates\/#breadcrumb"},"inLanguage":"en-GB","potentialAction":[{"@type":"ReadAction","target":["https:\/\/discrauxa.cat\/en\/wedding-rates\/"]}]},{"@type":"BreadcrumbList","@id":"https:\/\/discrauxa.cat\/en\/wedding-rates\/#breadcrumb","itemListElement":[{"@type":"ListItem","position":1,"name":"Inici","item":"https:\/\/discrauxa.cat\/en\/"},{"@type":"ListItem","position":2,"name":"Mobile disco for weddings"}]},{"@type":"WebSite","@id":"https:\/\/discrauxa.cat\/#website","url":"https:\/\/discrauxa.cat\/","name":"DiscRauxa Discom\u00f2bil, Concerts i Events","description":"Discom\u00f2bil, Concerts i Events per a casaments, festes, events","potentialAction":[{"@type":"SearchAction","target":{"@type":"EntryPoint","urlTemplate":"https:\/\/discrauxa.cat\/?s={search_term_string}"},"query-input":{"@type":"PropertyValueSpecification","valueRequired":true,"valueName":"search_term_string"}}],"inLanguage":"en-GB"}]}},"_links":{"self":[{"href":"https:\/\/discrauxa.cat\/en\/wp-json\/wp\/v2\/pages\/2471","targetHints":{"allow":["GET"]}}],"collection":[{"href":"https:\/\/discrauxa.cat\/en\/wp-json\/wp\/v2\/pages"}],"about":[{"href":"https:\/\/discrauxa.cat\/en\/wp-json\/wp\/v2\/types\/page"}],"author":[{"embeddable":true,"href":"https:\/\/discrauxa.cat\/en\/wp-json\/wp\/v2\/users\/1"}],"replies":[{"embeddable":true,"href":"https:\/\/discrauxa.cat\/en\/wp-json\/wp\/v2\/comments?post=2471"}],"version-history":[{"count":50,"href":"https:\/\/discrauxa.cat\/en\/wp-json\/wp\/v2\/pages\/2471\/revisions"}],"predecessor-version":[{"id":3456,"href":"https:\/\/discrauxa.cat\/en\/wp-json\/wp\/v2\/pages\/2471\/revisions\/3456"}],"wp:attachment":[{"href":"https:\/\/discrauxa.cat\/en\/wp-json\/wp\/v2\/media?parent=2471"}],"curies":[{"name":"wp","href":"https:\/\/api.w.org\/{rel}","templated":true}]}}